{"id":1288,"date":"2015-12-01T17:15:48","date_gmt":"2015-12-01T17:15:48","guid":{"rendered":"http:\/\/ritz.dev\/team\/?lang=es"},"modified":"2019-12-12T11:09:53","modified_gmt":"2019-12-12T16:09:53","slug":"equipo","status":"publish","type":"page","link":"https:\/\/theresidencesmiamibeach.com\/es\/equipo\/","title":{"rendered":"Equipo"},"content":{"rendered":"<div class=\"scroll_to_area\">\n<h2>LAS MEJORES RESIDENCIAS DE MIAMI<br \/>\nSON EL RESULTADO DE UNA LABOR EN EQUIPO<\/h2>\n<div class=\"sidebar\">\n<hr \/>\n<p>LIONHEART CAPITAL, LLC<\/p>\n<hr \/>\n<p>LISSONI ASSOCIATI<\/p>\n<hr \/>\n<p>STANTEC<\/p>\n<hr \/>\n<p>DOUGLAS ELLIMAN DEVELOPMENT MARKETING<\/p>\n<hr \/>\n<\/div>\n<div class=\"content\">\n<h4>LIONHEART CAPITAL, LLC<\/h4>\n<p><em>Equipo de Construcci\u00f3n<\/em><\/p>\n<p>La compa\u00f1\u00eda constructora de The Ritz-Carlton Residences, Miami Beach es 4701 North Meridian, LLC, una asociaci\u00f3n integrada por Lionheart Capital, LLC y Elliott Management Corporation. Lionheart Capital, LLC es una agencia de inversiones en bienes ra\u00edces con sede en Miami comprometida con la inversi\u00f3n, desarrollo y colocaci\u00f3n de activos comerciales, hoteleros y residenciales, tanto nuevos como ya existentes. Elliott Management Corporation supervisa dos fondos de inversi\u00f3n, Elliott Associates, L.P. y Elliott International, L.P., que cuentan con m\u00e1s de $20 mil millones en gesti\u00f3n de activos. Fundada en 1977, Elliott es una de las agencias privadas de inversi\u00f3n con mayor trayectoria y continuidad en su estilo.<br \/>\n<span style=\"margin-bottom:15px;\">&nbsp;<\/span><\/p>\n<h4>LISSONI ASSOCIATI<\/h4>\n<p><em>Equipo de Dise\u00f1o<\/em><\/p>\n<p>Con sus sedes en Mil\u00e1n y Nueva York, Lissoni Associati se desempe\u00f1a en todos los \u00e1mbitos de la arquitectura al imaginar y ejecutar espacios visualmente llamativos y gr\u00e1ficamente modernos en los cuales sea placentero vivir, trabajar y divertirse. Piero Lissoni, el socio fundador, y sus 70 asociados han sido merecedores de numerosas licitaciones para proyectos que incluyen la hist\u00f3rica remodelaci\u00f3n del Manilla Hotel en Jerusal\u00e9m; el dise\u00f1o de los interiores de un s\u00faper yate de 50 metros propiedad de Luciano Benetton; y la reciente remodelaci\u00f3n de la Casa Club Ferrari en Emilia-Roma\u00f1a, Italia. Lissoni Associati ha ejecutado proyectos que se han convertido en \u00edconos urbanos, desde el Shilla de Se\u00fal hasta el Swire de Shangh\u00e1i.<br \/>\n<span style=\"margin-bottom:15px;\">&nbsp;<\/span><\/p>\n<h4>STANTEC<\/h4>\n<p><em>Equipo de Dise\u00f1o<\/em><\/p>\n<p>Con oficinas en Miami y Boston, Stantec ha sido un contribuidor respetado por la comunidad arquitect\u00f3nica por m\u00e1s de 30 a\u00f1os. Con el liderazgo de Jonathan Cardello, Stantec crea obras insignes de arquitectura que fusionan la sensibilidad est\u00e9tica regional con una visi\u00f3n de dise\u00f1o internacional de vanguardia. Los proyectos de Stantec se involucran con la comunidad a trav\u00e9s del dise\u00f1o para cultivar el enriquecimiento y la conexi\u00f3n con los ambientes urbanos. Cada uno de los proyectos de Stantec brinda una visi\u00f3n particular al cliente unida con su experiencia de desarrollo, proceso riguroso de dise\u00f1o y visi\u00f3n para los negocios sin comparaci\u00f3n. <\/p>\n<p><span style=\"margin-bottom:15px;\">&nbsp;<\/span><\/p>\n<h4>DOUGLAS ELLIMAN DEVELOPMENT MARKETING<\/h4>\n<p><em>Equipo de Ventas<\/em><\/p>\n<p>Douglas Elliman Development Marketing, una sucursal de Douglas Elliman Real Estate, ofrece una experiencia inigualable en ventas, rentas y mercadeo para propiedades en la ciudad de Nueva York, Long Island, Westchester, los Hamptons, Los \u00c1ngeles y el sur de Florida, como as\u00ed tambi\u00e9n por todo Estados Unidos y el mundo. La firma se encuentra entre las empresas de mercadeo y ventas m\u00e1s importantes de la ciudad de Nueva York. Con dos d\u00e9cadas de experiencia y conocimiento de mercado espec\u00edfico, el equipo de Elliman brinda un enfoque multidisciplinario que abarca cada aspecto de las bienes ra\u00edces, y que incluye estudios internos exhaustivos, el desarrollo de productos, mercadeo y ventas, operaciones, la administraci\u00f3n inmobiliaria y la financiaci\u00f3n de hipotecas. A trav\u00e9s de su estrat\u00e9gica alianza internacional con Knight Frank Residential, la consultora de propiedades privada m\u00e1s grande del mundo, la empresa comercializa sus propiedades con clientes internacionales de 52 pa\u00edses a lo largo de seis continentes. <\/p>\n<\/div>\n<\/div>\n","protected":false},"excerpt":{"rendered":"<p>LAS MEJORES RESIDENCIAS DE MIAMI SON EL RESULTADO DE UNA LABOR EN EQUIPO LIONHEART CAPITAL, LLC LISSONI ASSOCIATI STANTEC DOUGLAS [&hellip;]<\/p>\n","protected":false},"author":2,"featured_media":4110,"parent":0,"menu_order":3,"comment_status":"closed","ping_status":"closed","template":"views\/page.php","meta":{"_acf_changed":false,"footnotes":""},"class_list":["post-1288","page","type-page","status-publish","has-post-thumbnail","hentry"],"acf":[],"yoast_head":"<!-- This site is optimized with the Yoast SEO plugin v26.2 - https:\/\/yoast.com\/wordpress\/plugins\/seo\/ -->\n<title>Equipo |\u00a0The Ritz-Carlton Residences Miami Beach | Miami Beach Condos - Miami Condos for Sale<\/title>\n<meta name=\"description\" content=\"Lionheart Capital, LLC es una agencia de inversiones en bienes ra\u00edces con sede en Miami comprometida con la inversi\u00f3n, desarrollo y colocaci\u00f3n de activos comerciales, hoteleros y residenciales, tanto nuevos como ya existentes.\" \/>\n<meta name=\"robots\" content=\"index, follow, max-snippet:-1, max-image-preview:large, max-video-preview:-1\" \/>\n<link rel=\"canonical\" href=\"https:\/\/theresidencesmiamibeach.com\/es\/equipo\/\" \/>\n<meta property=\"og:locale\" content=\"es_ES\" \/>\n<meta property=\"og:type\" content=\"article\" \/>\n<meta property=\"og:title\" content=\"Equipo |\u00a0The Ritz-Carlton Residences Miami Beach | Miami Beach Condos - Miami Condos for Sale\" \/>\n<meta property=\"og:description\" content=\"Lionheart Capital, LLC es una agencia de inversiones en bienes ra\u00edces con sede en Miami comprometida con la inversi\u00f3n, desarrollo y colocaci\u00f3n de activos comerciales, hoteleros y residenciales, tanto nuevos como ya existentes.\" \/>\n<meta property=\"og:url\" content=\"https:\/\/theresidencesmiamibeach.com\/es\/equipo\/\" \/>\n<meta property=\"og:site_name\" content=\"The Ritz-Carlton Residences, Miami Beach | Miami Luxury Condos - Miami Condos for Sale\" \/>\n<meta property=\"article:publisher\" content=\"https:\/\/www.facebook.com\/TheResidencesMiamiBeach\/\" \/>\n<meta property=\"article:modified_time\" content=\"2019-12-12T16:09:53+00:00\" \/>\n<meta property=\"og:image\" content=\"https:\/\/theresidencesmiamibeach.com\/wp-content\/uploads\/2015\/12\/Condos-in-Miami-Beach-Exterior.jpg\" \/>\n\t<meta property=\"og:image:width\" content=\"2545\" \/>\n\t<meta property=\"og:image:height\" content=\"1536\" \/>\n\t<meta property=\"og:image:type\" content=\"image\/jpeg\" \/>\n<meta name=\"twitter:card\" content=\"summary_large_image\" \/>\n<meta name=\"twitter:label1\" content=\"Est. reading time\" \/>\n\t<meta name=\"twitter:data1\" content=\"3 minutes\" \/>\n<script type=\"application\/ld+json\" class=\"yoast-schema-graph\">{\"@context\":\"https:\/\/schema.org\",\"@graph\":[{\"@type\":\"WebPage\",\"@id\":\"https:\/\/theresidencesmiamibeach.com\/es\/equipo\/\",\"url\":\"https:\/\/theresidencesmiamibeach.com\/es\/equipo\/\",\"name\":\"Equipo |\u00a0The Ritz-Carlton Residences Miami Beach | Miami Beach Condos - Miami Condos for Sale\",\"isPartOf\":{\"@id\":\"https:\/\/theresidencesmiamibeach.com\/#website\"},\"primaryImageOfPage\":{\"@id\":\"https:\/\/theresidencesmiamibeach.com\/es\/equipo\/#primaryimage\"},\"image\":{\"@id\":\"https:\/\/theresidencesmiamibeach.com\/es\/equipo\/#primaryimage\"},\"thumbnailUrl\":\"https:\/\/theresidencesmiamibeach.com\/wp-content\/uploads\/2015\/12\/Condos-in-Miami-Beach-Exterior.jpg\",\"datePublished\":\"2015-12-01T17:15:48+00:00\",\"dateModified\":\"2019-12-12T16:09:53+00:00\",\"description\":\"Lionheart Capital, LLC es una agencia de inversiones en bienes ra\u00edces con sede en Miami comprometida con la inversi\u00f3n, desarrollo y colocaci\u00f3n de activos comerciales, hoteleros y residenciales, tanto nuevos como ya existentes.\",\"breadcrumb\":{\"@id\":\"https:\/\/theresidencesmiamibeach.com\/es\/equipo\/#breadcrumb\"},\"inLanguage\":\"es-ES\",\"potentialAction\":[{\"@type\":\"ReadAction\",\"target\":[\"https:\/\/theresidencesmiamibeach.com\/es\/equipo\/\"]}]},{\"@type\":\"ImageObject\",\"inLanguage\":\"es-ES\",\"@id\":\"https:\/\/theresidencesmiamibeach.com\/es\/equipo\/#primaryimage\",\"url\":\"https:\/\/theresidencesmiamibeach.com\/wp-content\/uploads\/2015\/12\/Condos-in-Miami-Beach-Exterior.jpg\",\"contentUrl\":\"https:\/\/theresidencesmiamibeach.com\/wp-content\/uploads\/2015\/12\/Condos-in-Miami-Beach-Exterior.jpg\",\"width\":2545,\"height\":1536,\"caption\":\"Private Entry\"},{\"@type\":\"BreadcrumbList\",\"@id\":\"https:\/\/theresidencesmiamibeach.com\/es\/equipo\/#breadcrumb\",\"itemListElement\":[{\"@type\":\"ListItem\",\"position\":1,\"name\":\"Home\",\"item\":\"https:\/\/theresidencesmiamibeach.com\/es\/\"},{\"@type\":\"ListItem\",\"position\":2,\"name\":\"Equipo\"}]},{\"@type\":\"WebSite\",\"@id\":\"https:\/\/theresidencesmiamibeach.com\/#website\",\"url\":\"https:\/\/theresidencesmiamibeach.com\/\",\"name\":\"The Ritz-Carlton Residences, Miami Beach | Miami Beach Luxury Condos - New Miami Condos for Sale\",\"description\":\"Discover the Private Side of Miami Beach\",\"potentialAction\":[{\"@type\":\"SearchAction\",\"target\":{\"@type\":\"EntryPoint\",\"urlTemplate\":\"https:\/\/theresidencesmiamibeach.com\/?s={search_term_string}\"},\"query-input\":{\"@type\":\"PropertyValueSpecification\",\"valueRequired\":true,\"valueName\":\"search_term_string\"}}],\"inLanguage\":\"es-ES\"}]}<\/script>\n<!-- \/ Yoast SEO plugin. -->","yoast_head_json":{"title":"Equipo |\u00a0The Ritz-Carlton Residences Miami Beach | Miami Beach Condos - Miami Condos for Sale","description":"Lionheart Capital, LLC es una agencia de inversiones en bienes ra\u00edces con sede en Miami comprometida con la inversi\u00f3n, desarrollo y colocaci\u00f3n de activos comerciales, hoteleros y residenciales, tanto nuevos como ya existentes.","robots":{"index":"index","follow":"follow","max-snippet":"max-snippet:-1","max-image-preview":"max-image-preview:large","max-video-preview":"max-video-preview:-1"},"canonical":"https:\/\/theresidencesmiamibeach.com\/es\/equipo\/","og_locale":"es_ES","og_type":"article","og_title":"Equipo |\u00a0The Ritz-Carlton Residences Miami Beach | Miami Beach Condos - Miami Condos for Sale","og_description":"Lionheart Capital, LLC es una agencia de inversiones en bienes ra\u00edces con sede en Miami comprometida con la inversi\u00f3n, desarrollo y colocaci\u00f3n de activos comerciales, hoteleros y residenciales, tanto nuevos como ya existentes.","og_url":"https:\/\/theresidencesmiamibeach.com\/es\/equipo\/","og_site_name":"The Ritz-Carlton Residences, Miami Beach | Miami Luxury Condos - Miami Condos for Sale","article_publisher":"https:\/\/www.facebook.com\/TheResidencesMiamiBeach\/","article_modified_time":"2019-12-12T16:09:53+00:00","og_image":[{"width":2545,"height":1536,"url":"https:\/\/theresidencesmiamibeach.com\/wp-content\/uploads\/2015\/12\/Condos-in-Miami-Beach-Exterior.jpg","type":"image\/jpeg"}],"twitter_card":"summary_large_image","twitter_misc":{"Est. reading time":"3 minutes"},"schema":{"@context":"https:\/\/schema.org","@graph":[{"@type":"WebPage","@id":"https:\/\/theresidencesmiamibeach.com\/es\/equipo\/","url":"https:\/\/theresidencesmiamibeach.com\/es\/equipo\/","name":"Equipo |\u00a0The Ritz-Carlton Residences Miami Beach | Miami Beach Condos - Miami Condos for Sale","isPartOf":{"@id":"https:\/\/theresidencesmiamibeach.com\/#website"},"primaryImageOfPage":{"@id":"https:\/\/theresidencesmiamibeach.com\/es\/equipo\/#primaryimage"},"image":{"@id":"https:\/\/theresidencesmiamibeach.com\/es\/equipo\/#primaryimage"},"thumbnailUrl":"https:\/\/theresidencesmiamibeach.com\/wp-content\/uploads\/2015\/12\/Condos-in-Miami-Beach-Exterior.jpg","datePublished":"2015-12-01T17:15:48+00:00","dateModified":"2019-12-12T16:09:53+00:00","description":"Lionheart Capital, LLC es una agencia de inversiones en bienes ra\u00edces con sede en Miami comprometida con la inversi\u00f3n, desarrollo y colocaci\u00f3n de activos comerciales, hoteleros y residenciales, tanto nuevos como ya existentes.","breadcrumb":{"@id":"https:\/\/theresidencesmiamibeach.com\/es\/equipo\/#breadcrumb"},"inLanguage":"es-ES","potentialAction":[{"@type":"ReadAction","target":["https:\/\/theresidencesmiamibeach.com\/es\/equipo\/"]}]},{"@type":"ImageObject","inLanguage":"es-ES","@id":"https:\/\/theresidencesmiamibeach.com\/es\/equipo\/#primaryimage","url":"https:\/\/theresidencesmiamibeach.com\/wp-content\/uploads\/2015\/12\/Condos-in-Miami-Beach-Exterior.jpg","contentUrl":"https:\/\/theresidencesmiamibeach.com\/wp-content\/uploads\/2015\/12\/Condos-in-Miami-Beach-Exterior.jpg","width":2545,"height":1536,"caption":"Private Entry"},{"@type":"BreadcrumbList","@id":"https:\/\/theresidencesmiamibeach.com\/es\/equipo\/#breadcrumb","itemListElement":[{"@type":"ListItem","position":1,"name":"Home","item":"https:\/\/theresidencesmiamibeach.com\/es\/"},{"@type":"ListItem","position":2,"name":"Equipo"}]},{"@type":"WebSite","@id":"https:\/\/theresidencesmiamibeach.com\/#website","url":"https:\/\/theresidencesmiamibeach.com\/","name":"The Ritz-Carlton Residences, Miami Beach | Miami Beach Luxury Condos - New Miami Condos for Sale","description":"Discover the Private Side of Miami Beach","potentialAction":[{"@type":"SearchAction","target":{"@type":"EntryPoint","urlTemplate":"https:\/\/theresidencesmiamibeach.com\/?s={search_term_string}"},"query-input":{"@type":"PropertyValueSpecification","valueRequired":true,"valueName":"search_term_string"}}],"inLanguage":"es-ES"}]}},"_links":{"self":[{"href":"https:\/\/theresidencesmiamibeach.com\/es\/wp-json\/wp\/v2\/pages\/1288\/"}],"collection":[{"href":"https:\/\/theresidencesmiamibeach.com\/es\/wp-json\/wp\/v2\/pages\/"}],"about":[{"href":"https:\/\/theresidencesmiamibeach.com\/es\/wp-json\/wp\/v2\/types\/page\/"}],"author":[{"embeddable":true,"href":"https:\/\/theresidencesmiamibeach.com\/es\/wp-json\/wp\/v2\/users\/2\/"}],"replies":[{"embeddable":true,"href":"https:\/\/theresidencesmiamibeach.com\/es\/wp-json\/wp\/v2\/comments\/?post=1288"}],"version-history":[{"count":0,"href":"https:\/\/theresidencesmiamibeach.com\/es\/wp-json\/wp\/v2\/pages\/1288\/revisions\/"}],"wp:featuredmedia":[{"embeddable":true,"href":"https:\/\/theresidencesmiamibeach.com\/es\/wp-json\/wp\/v2\/media\/4110\/"}],"wp:attachment":[{"href":"https:\/\/theresidencesmiamibeach.com\/es\/wp-json\/wp\/v2\/media\/?parent=1288"}],"curies":[{"name":"wp","href":"https:\/\/api.w.org\/{rel}","templated":true}]}}