{"id":1289,"date":"2015-12-01T17:16:27","date_gmt":"2015-12-01T17:16:27","guid":{"rendered":"http:\/\/ritz.dev\/legal\/?lang=es"},"modified":"2019-12-12T11:11:16","modified_gmt":"2019-12-12T16:11:16","slug":"aviso-legal","status":"publish","type":"page","link":"https:\/\/theresidencesmiamibeach.com\/es\/aviso-legal\/","title":{"rendered":"Aviso Legal"},"content":{"rendered":"<div class=\"sidebar\"><\/div>\n<div class=\"content\">\n<p>Constructora: 4701 Meridian, L.L.C. Direcci\u00f3n: 4218 NE 2nd Avenue, Miami, FL<\/p>\n<p>The Ritz-Carlton Residences, Miami Beach no son propiedad, ni son construidas ni vendidas por The Ritz-Carlton Hotel Company, L.L.C. ni sus afiliados (&#8220;Ritz-Carlton&#8221;). 4701 Meridian, L.L.C. hace uso de las marcas registradas de The Ritz-Carlton con la autorizaci\u00f3n de Ritz-Carlton, sin confirmar la exactitud de las declaraciones o aseveraciones contenidas en el presente sitio web.<\/p>\n<p>Este gr\u00e1fico es la &#8220;representaci\u00f3n de un artista&#8221; y su uso es s\u00f3lo para prop\u00f3sitos conceptuales.<\/p>\n<p>\u00c9STA NO ES UNA OFERTA DE VENTAS O SOLICITUD DE OFERTAS PARA LA COMPRA DE LAS UNIDADES DE CONDOMINIO EN LAS JURISDICCIONES DONDE TAL OFERTA O SOLICITUD EST\u00c9N PROHIBIDAS POR LA LEY, Y SU ELEGIBILIDAD PARA LA COMPRA DEPENDER\u00c1 DEL ESTADO DONDE RESIDA. ESTA OFERTA SE HACE S\u00d3LO A TRAV\u00c9S DE LOS DOCUMENTOS DE OFERTA PARA EL CONDOMINIO Y NINGUNA DECLARACI\u00d3N SE DEBE TOMAR EN CUENTA SI NO SE HACE A TRAV\u00c9S DE LOS DOCUMENTOS DE OFERTA. LA INFORMACI\u00d3N PROVISTA, INCLUYENDO LOS PRECIOS, S\u00d3LO TIENE PROP\u00d3SITOS INFORMATIVOS Y EST\u00c1 SUJETA A CAMBIOS SIN PREVIO AVISO.<\/p>\n<p>LAS ASEVERACIONES VERBALES NO SE PUEDEN INTERPRETAR COMO DECLARACIONES CORRECTAS EMITIDAS POR LA CONSTRUCTORA. PARA RECIBIR ASEVERACIONES CORRECTAS, REM\u00cdTASE A ESTE FOLLETO Y A LOS DOCUMENTOS EXIGIDOS POR LA SECCI\u00d3N 718.503 DE LOS ESTATUTOS DE FLORIDA, LOS CUALES DEBEN SER PROVISTOS POR LA CONSTRUCTORA AL COMPRADOR O ARRENDADOR.<\/p>\n<p><strong>Ni patrocinador ni los socios que participen en la oferta al p\u00fablico o venta no est\u00e1n incorporados, ubicados, o residenciados en el Estado de Nueva York.<\/p>\n<p>La oferta no se hace ni en el Estado de Nueva York ni a los residentes del Estado de Nueva York.<\/p>\n<p>La oferta no est\u00e1 dirigida a ninguna persona o entidad en el Estado de Nueva York por parte de un licitante o cualquier parte que act\u00fae con el consentimiento del licitante.<\/p>\n<p>Ninguna oferta ni compra o venta de valores tendr\u00e1 lugar como resultado de esta oferta hasta que se cumplan con todos los requisitos de registros y archivos contemplados en la Ley Martin y las regulaciones del Procurador General; una excepci\u00f3n escrita a lo anterior se obtiene en cumplimiento con las Declaraciones No. 1 y No. 7 de las Pol\u00edticas Corporativas; o si se aprueba una solicitud de &#8220;No curso de acci\u00f3n.&#8221;<\/strong><\/p>\n<table class=\"legal\" border=\"0\" cellspacing=\"0\" cellpadding=\"0\">\n<tbody>\n<tr>\n<td>A<\/td>\n<td>Este sitio web se dise\u00f1\u00f3 como un servicio para nuestros clientes y s\u00f3lo se puede usar para prop\u00f3sitos informativos. Este sitio web tiene la intenci\u00f3n de usarse como un resumen informativo acerca de 4701 Meridian, L.L.C. y sus proyectos; y, de ninguna forma, la informaci\u00f3n contenida en este sitio web deber\u00e1 tomarse en cuenta como asesor\u00eda financiera, fiscal, de contadur\u00eda, inversi\u00f3n, negocios, o legal. Todos los art\u00edculos est\u00e1n sujetos a modificaciones, cambios y\/o ser retirados en cualquier momento a discreci\u00f3n de 4701 Meridian, L.L.C.<\/td>\n<\/tr>\n<tr>\n<td>B<\/td>\n<td>4701 Meridian, L.L.C, sus subsidiarias, afiliadas, contratistas, agentes, empleados, autorizados y\/o representantes no se hacen, en lo absoluto, responsables por ning\u00fan da\u00f1o, bien sea directo, indirecto, punitivo, especial, consecuencial, de contribuci\u00f3n o indemnizaci\u00f3n de cualquier tipo, sin importar la causa, que haya surgido a ra\u00edz del uso o la no disponibilidad de este sitio web. Adem\u00e1s, el acceso a los sitios web ajenos vinculados a este sitio web se brinda al riesgo del usuario y 4701 Meridian, L.L.C. no se hace responsable por la exactitud o confiabilidad de ninguna informaci\u00f3n, opini\u00f3n, asesor\u00eda, aseveraci\u00f3n o transacci\u00f3n realizada en estos sitios web.<\/td>\n<\/tr>\n<tr>\n<td>C<\/td>\n<td>Los bosquejos, representaciones, materiales gr\u00e1ficos, planos, especificaciones, t\u00e9rminos, condiciones y aseveraciones contenidas en el presente sitio web son tan s\u00f3lo propuestas y la constructora se reserva el derecho de modificar, revisar o retirar cualquiera o todos ellos a su discreci\u00f3n y sin previo aviso. Todas las mejoras, dise\u00f1os y construcciones est\u00e1n sujetos a la obtenci\u00f3n previa de los permisos y autorizaciones federales, estatales y locales pertinentes.<\/td>\n<\/tr>\n<tr>\n<td>D<\/td>\n<td>Cualquier dibujo o representaci\u00f3n incluida en este sitio web tan s\u00f3lo tiene car\u00e1cter conceptual y es para prop\u00f3sitos de conveniencia de referencia. No deben tomarse en cuenta como representaciones, explicitas o impl\u00edcitas, acerca de los detalles finales de las residencias. La constructora, de forma expl\u00edcita, se reserva el derecho de realizar las modificaciones, revisiones y cambios deseados a su entera y absoluta discreci\u00f3n. Todas las representaciones de electrodom\u00e9sticos, mesones, techos, pisos y otros detalles tan s\u00f3lo tienen car\u00e1cter conceptual y no necesariamente se incluyen en cada unidad. Consulte su Acuerdo y los Documentos de Oferta para los art\u00edculos incluidos en la unidad. Las dimensiones y \u00e1reas son aproximados y pueden variar a los reales.<\/td>\n<\/tr>\n<tr>\n<td>E<\/td>\n<td>Todos los elementos fijos y acabados de decoraci\u00f3n son s\u00f3lo para exhibici\u00f3n y no se incluir\u00e1n en la unidad. Consulte los Documentos de Oferta y el Acuerdo para obtener una descripci\u00f3n de las caracter\u00edsticas que se incluir\u00e1n en las unidades.<\/td>\n<\/tr>\n<tr>\n<td>F<\/td>\n<td>Las caracter\u00edsticas, planos y especificaciones descritos anteriormente son tan s\u00f3lo propuestas, y la constructora se reserva el derecho de modificar, revisar o retirar cualquiera o todos ellos a su discreci\u00f3n y sin previo aviso. Sin limitar el car\u00e1cter general de lo anterior, la Constructora se reserva el derecho de sustituir cualquier art\u00edculo anterior con art\u00edculos de valor similar o mayor a discreci\u00f3n de la Constructora.<\/td>\n<\/tr>\n<tr>\n<td>G<\/td>\n<td>Las fotograf\u00edas contenidas en este sitio web pueden ser fotograf\u00edas de stock y se usan para representar la esencia de los estilos de vida que se alcanzar\u00edan en vez de cualquier estilo de vida ya existente o que se pueda proponer. S\u00f3lo tienen la intenci\u00f3n de ser ilustraciones de las actividades y conceptos representados en el presente sitio web.<\/td>\n<\/tr>\n<tr>\n<td>H<\/td>\n<td>Los gr\u00e1ficos, representaciones y texto del proyecto que se brindan son trabajos con derechos de autor propiedad de la Constructora. \u00a9 2013, 4701 Meridian, L.L.C. Todos los derechos reservados. La reproducci\u00f3n, exhibici\u00f3n o cualquier diseminaci\u00f3n no autorizada de tales materiales queda terminantemente prohibida y constituyen una violaci\u00f3n de derechos de autor. Adem\u00e1s, este sitio web puede contener o hacer referencias a marcas registradas, materiales con derechos de autor, secretos comerciales, tecnolog\u00eda, productos, procesos u otros derechos de compa\u00f1\u00edas propiedad de la Constructora y\/o terceros. Ninguna autorizaci\u00f3n ni derecho asociado a marcas registradas, materiales de derechos de autor, secretos comerciales, tecnolog\u00eda, productos, procesos y otros derechos de propiedad de la Constructora y\/o terceros se le ha otorgado o transferido a usted.<\/td>\n<\/tr>\n<tr>\n<td>I<\/td>\n<td>Ning\u00fan corredor de bienes ra\u00edces est\u00e1 autorizado para realizar ninguna representaci\u00f3n o cualquier otra aseveraci\u00f3n en relaci\u00f3n a los proyectos, y ning\u00fan acuerdo, dep\u00f3sito u otro arreglo que se haya hecho con alg\u00fan corredor de bienes ra\u00edces ser\u00e1 vinculante con la Constructora. Por favor rem\u00edtase a los folletos oficiales del proyecto, sitios web, materiales y documentos provistos por la Constructora en cumplimiento con las leyes estatales para m\u00e1s informaci\u00f3n relacionada a los proyectos.<\/td>\n<\/tr>\n<tr>\n<td>J<\/td>\n<td>Todas las comunicaciones o materiales transmitidos a usted a trav\u00e9s de este sitio web deber\u00e1n ser tratados como no confidenciales y no patentados. Cualquier informaci\u00f3n publicada en este sitio web es propiedad de 4701 Meridian, L.L.C. y se puede usar para prop\u00f3sitos que incluyan, mas no se limiten, a su reproducci\u00f3n, divulgaci\u00f3n, transmisi\u00f3n, emisi\u00f3n y publicaci\u00f3n.<\/td>\n<\/tr>\n<tr>\n<td>K<\/td>\n<td>Todos los precios est\u00e1n sujetos a cambios en cualquier momento y sin previo aviso, y no incluyen caracter\u00edsticas adicionales o premium para las unidades con mejoras. De vez en cuando, se pueden dar cambios de precios que no se hayan reflejado a\u00fan en este folleto. Por favor verifique con el centro de ventas para obtener los precios actuales.<\/td>\n<\/tr>\n<tr>\n<td>L<\/td>\n<td>En cualquier plano, las dimensiones que se muestran se han medido en relaci\u00f3n a los limites externos de las paredes exteriores y la l\u00ednea central de las paredes interiores divisorias, las cuales, de hecho, var\u00edan en relaci\u00f3n a las dimensiones que se determinar\u00edan al usar la descripci\u00f3n y definici\u00f3n de &#8220;Unidad&#8221; incluida en la Declaraci\u00f3n (la cual, por lo general, s\u00f3lo incluye el espacio interior entre el per\u00edmetro de las paredes y excluye los componentes estructurales interiores.) Para obtener los l\u00edmites exactos de la Unidad, por favor rem\u00edtase a la Declaraci\u00f3n. Note que, por lo general, las medidas de las habitaciones que se presentan en este plano se toman a partir de los puntos m\u00e1s grandes de cada habitaci\u00f3n (como si la habitaci\u00f3n fuese un rect\u00e1ngulo perfecto), sin importar cualquier corte. De igual forma, el \u00e1rea real de la habitaci\u00f3n ser\u00e1 m\u00e1s peque\u00f1a que la del producto entre el largo y ancho que se muestran. Todas las dimensiones son aproximadas y pueden variar con la construcci\u00f3n real. Todos los planos y planes de construcci\u00f3n est\u00e1n sujetos a cambios.<\/td>\n<\/tr>\n<\/tbody>\n<\/table>\n<\/div>\n","protected":false},"excerpt":{"rendered":"<p>Constructora: 4701 Meridian, L.L.C. Direcci\u00f3n: 4218 NE 2nd Avenue, Miami, FL The Ritz-Carlton Residences, Miami Beach no son propiedad, ni [&hellip;]<\/p>\n","protected":false},"author":2,"featured_media":0,"parent":0,"menu_order":4,"comment_status":"closed","ping_status":"closed","template":"views\/page.php","meta":{"_acf_changed":false,"footnotes":""},"class_list":["post-1289","page","type-page","status-publish","hentry"],"acf":[],"yoast_head":"<!-- This site is optimized with the Yoast SEO plugin v26.2 - https:\/\/yoast.com\/wordpress\/plugins\/seo\/ -->\n<title>Aviso Legal |\u00a0The Ritz-Carlton Residences Miami Beach | Miami Beach Condos - Miami Condos for Sale<\/title>\n<meta name=\"description\" content=\"Este sitio web se dise\u00f1\u00f3 como un servicio para nuestros clientes y s\u00f3lo se puede usar para prop\u00f3sitos informativos.\" \/>\n<meta name=\"robots\" content=\"index, follow, max-snippet:-1, max-image-preview:large, max-video-preview:-1\" \/>\n<link rel=\"canonical\" href=\"https:\/\/theresidencesmiamibeach.com\/es\/aviso-legal\/\" \/>\n<meta property=\"og:locale\" content=\"es_ES\" \/>\n<meta property=\"og:type\" content=\"article\" \/>\n<meta property=\"og:title\" content=\"Aviso Legal |\u00a0The Ritz-Carlton Residences Miami Beach | Miami Beach Condos - Miami Condos for Sale\" \/>\n<meta property=\"og:description\" content=\"Este sitio web se dise\u00f1\u00f3 como un servicio para nuestros clientes y s\u00f3lo se puede usar para prop\u00f3sitos informativos.\" \/>\n<meta property=\"og:url\" content=\"https:\/\/theresidencesmiamibeach.com\/es\/aviso-legal\/\" \/>\n<meta property=\"og:site_name\" content=\"The Ritz-Carlton Residences, Miami Beach | Miami Luxury Condos - Miami Condos for Sale\" \/>\n<meta property=\"article:publisher\" content=\"https:\/\/www.facebook.com\/TheResidencesMiamiBeach\/\" \/>\n<meta property=\"article:modified_time\" content=\"2019-12-12T16:11:16+00:00\" \/>\n<meta name=\"twitter:card\" content=\"summary_large_image\" \/>\n<meta name=\"twitter:label1\" content=\"Est. reading time\" \/>\n\t<meta name=\"twitter:data1\" content=\"8 minutes\" \/>\n<script type=\"application\/ld+json\" class=\"yoast-schema-graph\">{\"@context\":\"https:\/\/schema.org\",\"@graph\":[{\"@type\":\"WebPage\",\"@id\":\"https:\/\/theresidencesmiamibeach.com\/es\/aviso-legal\/\",\"url\":\"https:\/\/theresidencesmiamibeach.com\/es\/aviso-legal\/\",\"name\":\"Aviso Legal |\u00a0The Ritz-Carlton Residences Miami Beach | Miami Beach Condos - Miami Condos for Sale\",\"isPartOf\":{\"@id\":\"https:\/\/theresidencesmiamibeach.com\/#website\"},\"datePublished\":\"2015-12-01T17:16:27+00:00\",\"dateModified\":\"2019-12-12T16:11:16+00:00\",\"description\":\"Este sitio web se dise\u00f1\u00f3 como un servicio para nuestros clientes y s\u00f3lo se puede usar para prop\u00f3sitos informativos.\",\"breadcrumb\":{\"@id\":\"https:\/\/theresidencesmiamibeach.com\/es\/aviso-legal\/#breadcrumb\"},\"inLanguage\":\"es-ES\",\"potentialAction\":[{\"@type\":\"ReadAction\",\"target\":[\"https:\/\/theresidencesmiamibeach.com\/es\/aviso-legal\/\"]}]},{\"@type\":\"BreadcrumbList\",\"@id\":\"https:\/\/theresidencesmiamibeach.com\/es\/aviso-legal\/#breadcrumb\",\"itemListElement\":[{\"@type\":\"ListItem\",\"position\":1,\"name\":\"Home\",\"item\":\"https:\/\/theresidencesmiamibeach.com\/es\/\"},{\"@type\":\"ListItem\",\"position\":2,\"name\":\"Aviso Legal\"}]},{\"@type\":\"WebSite\",\"@id\":\"https:\/\/theresidencesmiamibeach.com\/#website\",\"url\":\"https:\/\/theresidencesmiamibeach.com\/\",\"name\":\"The Ritz-Carlton Residences, Miami Beach | Miami Beach Luxury Condos - New Miami Condos for Sale\",\"description\":\"Discover the Private Side of Miami Beach\",\"potentialAction\":[{\"@type\":\"SearchAction\",\"target\":{\"@type\":\"EntryPoint\",\"urlTemplate\":\"https:\/\/theresidencesmiamibeach.com\/?s={search_term_string}\"},\"query-input\":{\"@type\":\"PropertyValueSpecification\",\"valueRequired\":true,\"valueName\":\"search_term_string\"}}],\"inLanguage\":\"es-ES\"}]}<\/script>\n<!-- \/ Yoast SEO plugin. -->","yoast_head_json":{"title":"Aviso Legal |\u00a0The Ritz-Carlton Residences Miami Beach | Miami Beach Condos - Miami Condos for Sale","description":"Este sitio web se dise\u00f1\u00f3 como un servicio para nuestros clientes y s\u00f3lo se puede usar para prop\u00f3sitos informativos.","robots":{"index":"index","follow":"follow","max-snippet":"max-snippet:-1","max-image-preview":"max-image-preview:large","max-video-preview":"max-video-preview:-1"},"canonical":"https:\/\/theresidencesmiamibeach.com\/es\/aviso-legal\/","og_locale":"es_ES","og_type":"article","og_title":"Aviso Legal |\u00a0The Ritz-Carlton Residences Miami Beach | Miami Beach Condos - Miami Condos for Sale","og_description":"Este sitio web se dise\u00f1\u00f3 como un servicio para nuestros clientes y s\u00f3lo se puede usar para prop\u00f3sitos informativos.","og_url":"https:\/\/theresidencesmiamibeach.com\/es\/aviso-legal\/","og_site_name":"The Ritz-Carlton Residences, Miami Beach | Miami Luxury Condos - Miami Condos for Sale","article_publisher":"https:\/\/www.facebook.com\/TheResidencesMiamiBeach\/","article_modified_time":"2019-12-12T16:11:16+00:00","twitter_card":"summary_large_image","twitter_misc":{"Est. reading time":"8 minutes"},"schema":{"@context":"https:\/\/schema.org","@graph":[{"@type":"WebPage","@id":"https:\/\/theresidencesmiamibeach.com\/es\/aviso-legal\/","url":"https:\/\/theresidencesmiamibeach.com\/es\/aviso-legal\/","name":"Aviso Legal |\u00a0The Ritz-Carlton Residences Miami Beach | Miami Beach Condos - Miami Condos for Sale","isPartOf":{"@id":"https:\/\/theresidencesmiamibeach.com\/#website"},"datePublished":"2015-12-01T17:16:27+00:00","dateModified":"2019-12-12T16:11:16+00:00","description":"Este sitio web se dise\u00f1\u00f3 como un servicio para nuestros clientes y s\u00f3lo se puede usar para prop\u00f3sitos informativos.","breadcrumb":{"@id":"https:\/\/theresidencesmiamibeach.com\/es\/aviso-legal\/#breadcrumb"},"inLanguage":"es-ES","potentialAction":[{"@type":"ReadAction","target":["https:\/\/theresidencesmiamibeach.com\/es\/aviso-legal\/"]}]},{"@type":"BreadcrumbList","@id":"https:\/\/theresidencesmiamibeach.com\/es\/aviso-legal\/#breadcrumb","itemListElement":[{"@type":"ListItem","position":1,"name":"Home","item":"https:\/\/theresidencesmiamibeach.com\/es\/"},{"@type":"ListItem","position":2,"name":"Aviso Legal"}]},{"@type":"WebSite","@id":"https:\/\/theresidencesmiamibeach.com\/#website","url":"https:\/\/theresidencesmiamibeach.com\/","name":"The Ritz-Carlton Residences, Miami Beach | Miami Beach Luxury Condos - New Miami Condos for Sale","description":"Discover the Private Side of Miami Beach","potentialAction":[{"@type":"SearchAction","target":{"@type":"EntryPoint","urlTemplate":"https:\/\/theresidencesmiamibeach.com\/?s={search_term_string}"},"query-input":{"@type":"PropertyValueSpecification","valueRequired":true,"valueName":"search_term_string"}}],"inLanguage":"es-ES"}]}},"_links":{"self":[{"href":"https:\/\/theresidencesmiamibeach.com\/es\/wp-json\/wp\/v2\/pages\/1289\/"}],"collection":[{"href":"https:\/\/theresidencesmiamibeach.com\/es\/wp-json\/wp\/v2\/pages\/"}],"about":[{"href":"https:\/\/theresidencesmiamibeach.com\/es\/wp-json\/wp\/v2\/types\/page\/"}],"author":[{"embeddable":true,"href":"https:\/\/theresidencesmiamibeach.com\/es\/wp-json\/wp\/v2\/users\/2\/"}],"replies":[{"embeddable":true,"href":"https:\/\/theresidencesmiamibeach.com\/es\/wp-json\/wp\/v2\/comments\/?post=1289"}],"version-history":[{"count":0,"href":"https:\/\/theresidencesmiamibeach.com\/es\/wp-json\/wp\/v2\/pages\/1289\/revisions\/"}],"wp:attachment":[{"href":"https:\/\/theresidencesmiamibeach.com\/es\/wp-json\/wp\/v2\/media\/?parent=1289"}],"curies":[{"name":"wp","href":"https:\/\/api.w.org\/{rel}","templated":true}]}}