{"id":1291,"date":"2015-12-01T16:54:10","date_gmt":"2015-12-01T16:54:10","guid":{"rendered":"http:\/\/ritz.dev\/location\/?lang=es"},"modified":"2019-12-12T11:12:41","modified_gmt":"2019-12-12T16:12:41","slug":"ubicacion","status":"publish","type":"page","link":"https:\/\/theresidencesmiamibeach.com\/es\/ubicacion\/","title":{"rendered":"Ubicaci\u00f3n"},"content":{"rendered":"<h5>SENTIDO DE LUGAR<\/h5>\n<h2>UN ELEGANTE OASIS EN MIAMI BEACH SE ENCUENTRA EN EL PUNTO DE CONVERGENCIA ENTRE OC\u00c9ANO, LAGO Y MARINA<\/h2>\n<p>Compuesto por 111 residencias de lujo y 15 villas unifamiliares, The Ritz-Carlton Residences, Miami Beach reimagina el estilo de vida en Miami con un dise\u00f1o moderno y elegante, artesan\u00eda italiana, ubicaci\u00f3n privilegiada y servicios estilo resort. Expandi\u00e9ndose a lo largo de 2.8 hectareas, The Residences ofrece un sinf\u00edn de oportunidades para vivir en armon\u00eda: una comunidad tranquilla a orillas del lago, jardines con vista al agua, piscinas en las terrazas y una marina con 36 amarres para botes. Muy rara vez un proyecto se ha dise\u00f1ado desde su concepci\u00f3n para el estilo de vida moderno.<\/p>\n<div class=\"sub_menu\">\n<ul>\n<li><a href=\"\/es\/ubicacion\/tomas-aereas\/\">Vistas A\u00e9reas<\/a><\/li>\n<li><a href=\"\/es\/ubicacion\/mapa\/\">Mapa<\/a><\/li>\n<li><a href=\"\/es\/galeria\/#category=ubicacion&#038;index=0\">Galeri\u00e1 de Ubicaci\u00f3n<\/a><\/li>\n<\/ul>\n<\/div>\n","protected":false},"excerpt":{"rendered":"<p>SENTIDO DE LUGAR UN ELEGANTE OASIS EN MIAMI BEACH SE ENCUENTRA EN EL PUNTO DE CONVERGENCIA ENTRE OC\u00c9ANO, LAGO Y [&hellip;]<\/p>\n","protected":false},"author":2,"featured_media":5814,"parent":0,"menu_order":6,"comment_status":"closed","ping_status":"closed","template":"views\/slim.php","meta":{"_acf_changed":false,"footnotes":""},"class_list":["post-1291","page","type-page","status-publish","has-post-thumbnail","hentry"],"acf":[],"yoast_head":"<!-- This site is optimized with the Yoast SEO plugin v26.2 - https:\/\/yoast.com\/wordpress\/plugins\/seo\/ -->\n<title>Ubicaci\u00f3n |\u00a0The Ritz-Carlton Residences Miami Beach | Miami Beach luxury condominium<\/title>\n<meta name=\"description\" content=\"111 residencias de lujo y 15 villas unifamiliares, The Ritz-Carlton Residences, Miami Beach reimagina el estilo de vida en Miami con un dise\u00f1o moderno.\" \/>\n<meta name=\"robots\" content=\"index, follow, max-snippet:-1, max-image-preview:large, max-video-preview:-1\" \/>\n<link rel=\"canonical\" href=\"https:\/\/theresidencesmiamibeach.com\/es\/ubicacion\/\" \/>\n<meta property=\"og:locale\" content=\"es_ES\" \/>\n<meta property=\"og:type\" content=\"article\" \/>\n<meta property=\"og:title\" content=\"Ubicaci\u00f3n |\u00a0The Ritz-Carlton Residences Miami Beach | Miami Beach luxury condominium\" \/>\n<meta property=\"og:description\" content=\"111 residencias de lujo y 15 villas unifamiliares, The Ritz-Carlton Residences, Miami Beach reimagina el estilo de vida en Miami con un dise\u00f1o moderno.\" \/>\n<meta property=\"og:url\" content=\"https:\/\/theresidencesmiamibeach.com\/es\/ubicacion\/\" \/>\n<meta property=\"og:site_name\" content=\"The Ritz-Carlton Residences, Miami Beach | Miami Luxury Condos - Miami Condos for Sale\" \/>\n<meta property=\"article:publisher\" content=\"https:\/\/www.facebook.com\/TheResidencesMiamiBeach\/\" \/>\n<meta property=\"article:modified_time\" content=\"2019-12-12T16:12:41+00:00\" \/>\n<meta property=\"og:image\" content=\"https:\/\/theresidencesmiamibeach.com\/wp-content\/uploads\/2015\/12\/Miami-Beach-Aerial-East.jpg\" \/>\n\t<meta property=\"og:image:width\" content=\"2125\" \/>\n\t<meta property=\"og:image:height\" content=\"3200\" \/>\n\t<meta property=\"og:image:type\" content=\"image\/jpeg\" \/>\n<meta name=\"twitter:card\" content=\"summary_large_image\" \/>\n<meta name=\"twitter:label1\" content=\"Est. reading time\" \/>\n\t<meta name=\"twitter:data1\" content=\"1 minute\" \/>\n<script type=\"application\/ld+json\" class=\"yoast-schema-graph\">{\"@context\":\"https:\/\/schema.org\",\"@graph\":[{\"@type\":\"WebPage\",\"@id\":\"https:\/\/theresidencesmiamibeach.com\/es\/ubicacion\/\",\"url\":\"https:\/\/theresidencesmiamibeach.com\/es\/ubicacion\/\",\"name\":\"Ubicaci\u00f3n |\u00a0The Ritz-Carlton Residences Miami Beach | Miami Beach luxury condominium\",\"isPartOf\":{\"@id\":\"https:\/\/theresidencesmiamibeach.com\/#website\"},\"primaryImageOfPage\":{\"@id\":\"https:\/\/theresidencesmiamibeach.com\/es\/ubicacion\/#primaryimage\"},\"image\":{\"@id\":\"https:\/\/theresidencesmiamibeach.com\/es\/ubicacion\/#primaryimage\"},\"thumbnailUrl\":\"https:\/\/theresidencesmiamibeach.com\/wp-content\/uploads\/2015\/12\/Miami-Beach-Aerial-East.jpg\",\"datePublished\":\"2015-12-01T16:54:10+00:00\",\"dateModified\":\"2019-12-12T16:12:41+00:00\",\"description\":\"111 residencias de lujo y 15 villas unifamiliares, The Ritz-Carlton Residences, Miami Beach reimagina el estilo de vida en Miami con un dise\u00f1o moderno.\",\"breadcrumb\":{\"@id\":\"https:\/\/theresidencesmiamibeach.com\/es\/ubicacion\/#breadcrumb\"},\"inLanguage\":\"es-ES\",\"potentialAction\":[{\"@type\":\"ReadAction\",\"target\":[\"https:\/\/theresidencesmiamibeach.com\/es\/ubicacion\/\"]}]},{\"@type\":\"ImageObject\",\"inLanguage\":\"es-ES\",\"@id\":\"https:\/\/theresidencesmiamibeach.com\/es\/ubicacion\/#primaryimage\",\"url\":\"https:\/\/theresidencesmiamibeach.com\/wp-content\/uploads\/2015\/12\/Miami-Beach-Aerial-East.jpg\",\"contentUrl\":\"https:\/\/theresidencesmiamibeach.com\/wp-content\/uploads\/2015\/12\/Miami-Beach-Aerial-East.jpg\",\"width\":2125,\"height\":3200,\"caption\":\"The Ritz-Carlton Residences, Miami Beach, located across from the prestigious La Gorce Island Miami Beach community.\"},{\"@type\":\"BreadcrumbList\",\"@id\":\"https:\/\/theresidencesmiamibeach.com\/es\/ubicacion\/#breadcrumb\",\"itemListElement\":[{\"@type\":\"ListItem\",\"position\":1,\"name\":\"Home\",\"item\":\"https:\/\/theresidencesmiamibeach.com\/es\/\"},{\"@type\":\"ListItem\",\"position\":2,\"name\":\"Ubicaci\u00f3n\"}]},{\"@type\":\"WebSite\",\"@id\":\"https:\/\/theresidencesmiamibeach.com\/#website\",\"url\":\"https:\/\/theresidencesmiamibeach.com\/\",\"name\":\"The Ritz-Carlton Residences, Miami Beach | Miami Beach Luxury Condos - New Miami Condos for Sale\",\"description\":\"Discover the Private Side of Miami Beach\",\"potentialAction\":[{\"@type\":\"SearchAction\",\"target\":{\"@type\":\"EntryPoint\",\"urlTemplate\":\"https:\/\/theresidencesmiamibeach.com\/?s={search_term_string}\"},\"query-input\":{\"@type\":\"PropertyValueSpecification\",\"valueRequired\":true,\"valueName\":\"search_term_string\"}}],\"inLanguage\":\"es-ES\"}]}<\/script>\n<!-- \/ Yoast SEO plugin. -->","yoast_head_json":{"title":"Ubicaci\u00f3n |\u00a0The Ritz-Carlton Residences Miami Beach | Miami Beach luxury condominium","description":"111 residencias de lujo y 15 villas unifamiliares, The Ritz-Carlton Residences, Miami Beach reimagina el estilo de vida en Miami con un dise\u00f1o moderno.","robots":{"index":"index","follow":"follow","max-snippet":"max-snippet:-1","max-image-preview":"max-image-preview:large","max-video-preview":"max-video-preview:-1"},"canonical":"https:\/\/theresidencesmiamibeach.com\/es\/ubicacion\/","og_locale":"es_ES","og_type":"article","og_title":"Ubicaci\u00f3n |\u00a0The Ritz-Carlton Residences Miami Beach | Miami Beach luxury condominium","og_description":"111 residencias de lujo y 15 villas unifamiliares, The Ritz-Carlton Residences, Miami Beach reimagina el estilo de vida en Miami con un dise\u00f1o moderno.","og_url":"https:\/\/theresidencesmiamibeach.com\/es\/ubicacion\/","og_site_name":"The Ritz-Carlton Residences, Miami Beach | Miami Luxury Condos - Miami Condos for Sale","article_publisher":"https:\/\/www.facebook.com\/TheResidencesMiamiBeach\/","article_modified_time":"2019-12-12T16:12:41+00:00","og_image":[{"width":2125,"height":3200,"url":"https:\/\/theresidencesmiamibeach.com\/wp-content\/uploads\/2015\/12\/Miami-Beach-Aerial-East.jpg","type":"image\/jpeg"}],"twitter_card":"summary_large_image","twitter_misc":{"Est. reading time":"1 minute"},"schema":{"@context":"https:\/\/schema.org","@graph":[{"@type":"WebPage","@id":"https:\/\/theresidencesmiamibeach.com\/es\/ubicacion\/","url":"https:\/\/theresidencesmiamibeach.com\/es\/ubicacion\/","name":"Ubicaci\u00f3n |\u00a0The Ritz-Carlton Residences Miami Beach | Miami Beach luxury condominium","isPartOf":{"@id":"https:\/\/theresidencesmiamibeach.com\/#website"},"primaryImageOfPage":{"@id":"https:\/\/theresidencesmiamibeach.com\/es\/ubicacion\/#primaryimage"},"image":{"@id":"https:\/\/theresidencesmiamibeach.com\/es\/ubicacion\/#primaryimage"},"thumbnailUrl":"https:\/\/theresidencesmiamibeach.com\/wp-content\/uploads\/2015\/12\/Miami-Beach-Aerial-East.jpg","datePublished":"2015-12-01T16:54:10+00:00","dateModified":"2019-12-12T16:12:41+00:00","description":"111 residencias de lujo y 15 villas unifamiliares, The Ritz-Carlton Residences, Miami Beach reimagina el estilo de vida en Miami con un dise\u00f1o moderno.","breadcrumb":{"@id":"https:\/\/theresidencesmiamibeach.com\/es\/ubicacion\/#breadcrumb"},"inLanguage":"es-ES","potentialAction":[{"@type":"ReadAction","target":["https:\/\/theresidencesmiamibeach.com\/es\/ubicacion\/"]}]},{"@type":"ImageObject","inLanguage":"es-ES","@id":"https:\/\/theresidencesmiamibeach.com\/es\/ubicacion\/#primaryimage","url":"https:\/\/theresidencesmiamibeach.com\/wp-content\/uploads\/2015\/12\/Miami-Beach-Aerial-East.jpg","contentUrl":"https:\/\/theresidencesmiamibeach.com\/wp-content\/uploads\/2015\/12\/Miami-Beach-Aerial-East.jpg","width":2125,"height":3200,"caption":"The Ritz-Carlton Residences, Miami Beach, located across from the prestigious La Gorce Island Miami Beach community."},{"@type":"BreadcrumbList","@id":"https:\/\/theresidencesmiamibeach.com\/es\/ubicacion\/#breadcrumb","itemListElement":[{"@type":"ListItem","position":1,"name":"Home","item":"https:\/\/theresidencesmiamibeach.com\/es\/"},{"@type":"ListItem","position":2,"name":"Ubicaci\u00f3n"}]},{"@type":"WebSite","@id":"https:\/\/theresidencesmiamibeach.com\/#website","url":"https:\/\/theresidencesmiamibeach.com\/","name":"The Ritz-Carlton Residences, Miami Beach | Miami Beach Luxury Condos - New Miami Condos for Sale","description":"Discover the Private Side of Miami Beach","potentialAction":[{"@type":"SearchAction","target":{"@type":"EntryPoint","urlTemplate":"https:\/\/theresidencesmiamibeach.com\/?s={search_term_string}"},"query-input":{"@type":"PropertyValueSpecification","valueRequired":true,"valueName":"search_term_string"}}],"inLanguage":"es-ES"}]}},"_links":{"self":[{"href":"https:\/\/theresidencesmiamibeach.com\/es\/wp-json\/wp\/v2\/pages\/1291\/"}],"collection":[{"href":"https:\/\/theresidencesmiamibeach.com\/es\/wp-json\/wp\/v2\/pages\/"}],"about":[{"href":"https:\/\/theresidencesmiamibeach.com\/es\/wp-json\/wp\/v2\/types\/page\/"}],"author":[{"embeddable":true,"href":"https:\/\/theresidencesmiamibeach.com\/es\/wp-json\/wp\/v2\/users\/2\/"}],"replies":[{"embeddable":true,"href":"https:\/\/theresidencesmiamibeach.com\/es\/wp-json\/wp\/v2\/comments\/?post=1291"}],"version-history":[{"count":0,"href":"https:\/\/theresidencesmiamibeach.com\/es\/wp-json\/wp\/v2\/pages\/1291\/revisions\/"}],"wp:featuredmedia":[{"embeddable":true,"href":"https:\/\/theresidencesmiamibeach.com\/es\/wp-json\/wp\/v2\/media\/5814\/"}],"wp:attachment":[{"href":"https:\/\/theresidencesmiamibeach.com\/es\/wp-json\/wp\/v2\/media\/?parent=1291"}],"curies":[{"name":"wp","href":"https:\/\/api.w.org\/{rel}","templated":true}]}}