{"id":1295,"date":"2015-12-01T16:55:04","date_gmt":"2015-12-01T16:55:04","guid":{"rendered":"http:\/\/ritz.dev\/design-vision\/?lang=es"},"modified":"2018-12-06T16:43:33","modified_gmt":"2018-12-06T21:43:33","slug":"vision-de-diseno","status":"publish","type":"page","link":"https:\/\/theresidencesmiamibeach.com\/es\/vision-de-diseno\/","title":{"rendered":"Visi\u00f3n de Dise\u00f1o"},"content":{"rendered":"<h5>ELEGANCIA SENCILLA<\/h5>\n<h2>EL ARQUITECTO PIERO LISSONI HACE DEL MINIMALISMO UNA EXPERIENCIA ACOGEDORA CONJUGANDO LOS L\u00cdMITES ENTRE LOS ESPACIOS INTERIORES Y EL AIRE LIBRE<\/h2>\n<p>Enfoque puro de un arquitecto maestro es lo que este proyecto tiene para ofrecerles a sus residentes. Piero Lissoni ha dado una respuesta emotiva a su entorno y ha extra\u00eddo los elementos m\u00e1s esenciales para realzarlos. Con la colaboraci\u00f3n de la galardonada agencia de arquitectura, Stantec, Lissoni ha imaginado cada apartamento con un concepto propio. Ha pensado con detenimiento cada espacio, bien sea interior o exterior, abri\u00e9ndose a los paisajes enmarcados por vistas imponentes que llevan los ojos a los jardines de meditaci\u00f3n y m\u00e1s all\u00e1. Ha enlazado sutilmente los espacios interiores con los exteriores que dificilmente distiguira los limites de su hogar y su jard\u00edn. Esta conexi\u00f3n al ambiente se manifiesta en todos los rincones; desde la forma en la que la marina ci\u00f1e los senderos hasta la disposici\u00f3n de los edificios, y hasta a las orillas del lago y las frondosas plantas tropicales que cercan la propiedad.<\/p>\n<div class=\"sub_menu\">\n<ul>\n<li><a href=\"\/es\/galeria\/#category=video-de-lissoni&#038;index=0\">V\u00eddeo de Lissoni<\/a><\/li>\n<li><a href=\"\/es\/galeria\/#category=diseno&#038;index=0\">Galeri\u00e1 de Vis\u00edon de Dise\u00f1o<\/a><\/li>\n<\/ul>\n<\/div>\n","protected":false},"excerpt":{"rendered":"<p>ELEGANCIA SENCILLA EL ARQUITECTO PIERO LISSONI HACE DEL MINIMALISMO UNA EXPERIENCIA ACOGEDORA CONJUGANDO LOS L\u00cdMITES ENTRE LOS ESPACIOS INTERIORES Y [&hellip;]<\/p>\n","protected":false},"author":2,"featured_media":6286,"parent":0,"menu_order":7,"comment_status":"closed","ping_status":"closed","template":"views\/slim.php","meta":{"_acf_changed":false,"footnotes":""},"class_list":["post-1295","page","type-page","status-publish","has-post-thumbnail","hentry"],"acf":[],"yoast_head":"<!-- This site is optimized with the Yoast SEO plugin v26.2 - https:\/\/yoast.com\/wordpress\/plugins\/seo\/ -->\n<title>Visi\u00f3n de Dise\u00f1o |\u00a0The Ritz Carlton Miami Beach | Miami Beach Condos - Miami Condos for Sale<\/title>\n<meta name=\"description\" content=\"Mira y explora la visi\u00f3n de dise\u00f1o de Piero Lissoni para The Ritz-Carlton Residences, Miami Beach\" \/>\n<meta name=\"robots\" content=\"index, follow, max-snippet:-1, max-image-preview:large, max-video-preview:-1\" \/>\n<link rel=\"canonical\" href=\"https:\/\/theresidencesmiamibeach.com\/es\/vision-de-diseno\/\" \/>\n<meta property=\"og:locale\" content=\"es_ES\" \/>\n<meta property=\"og:type\" content=\"article\" \/>\n<meta property=\"og:title\" content=\"Visi\u00f3n de Dise\u00f1o |\u00a0The Ritz Carlton Miami Beach | Miami Beach Condos - Miami Condos for Sale\" \/>\n<meta property=\"og:description\" content=\"Mira y explora la visi\u00f3n de dise\u00f1o de Piero Lissoni para The Ritz-Carlton Residences, Miami Beach\" \/>\n<meta property=\"og:url\" content=\"https:\/\/theresidencesmiamibeach.com\/es\/vision-de-diseno\/\" \/>\n<meta property=\"og:site_name\" content=\"The Ritz-Carlton Residences, Miami Beach | Miami Luxury Condos - Miami Condos for Sale\" \/>\n<meta property=\"article:publisher\" content=\"https:\/\/www.facebook.com\/TheResidencesMiamiBeach\/\" \/>\n<meta property=\"article:modified_time\" content=\"2018-12-06T21:43:33+00:00\" \/>\n<meta property=\"og:image\" content=\"https:\/\/theresidencesmiamibeach.com\/wp-content\/uploads\/2017\/02\/ritz-carlton-residences-miami-beach-ph5-terrace.jpg\" \/>\n\t<meta property=\"og:image:width\" content=\"1920\" \/>\n\t<meta property=\"og:image:height\" content=\"1080\" \/>\n\t<meta property=\"og:image:type\" content=\"image\/jpeg\" \/>\n<meta name=\"twitter:card\" content=\"summary_large_image\" \/>\n<meta name=\"twitter:label1\" content=\"Est. reading time\" \/>\n\t<meta name=\"twitter:data1\" content=\"1 minute\" \/>\n<script type=\"application\/ld+json\" class=\"yoast-schema-graph\">{\"@context\":\"https:\/\/schema.org\",\"@graph\":[{\"@type\":\"WebPage\",\"@id\":\"https:\/\/theresidencesmiamibeach.com\/es\/vision-de-diseno\/\",\"url\":\"https:\/\/theresidencesmiamibeach.com\/es\/vision-de-diseno\/\",\"name\":\"Visi\u00f3n de Dise\u00f1o |\u00a0The Ritz Carlton Miami Beach | Miami Beach Condos - Miami Condos for Sale\",\"isPartOf\":{\"@id\":\"https:\/\/theresidencesmiamibeach.com\/#website\"},\"primaryImageOfPage\":{\"@id\":\"https:\/\/theresidencesmiamibeach.com\/es\/vision-de-diseno\/#primaryimage\"},\"image\":{\"@id\":\"https:\/\/theresidencesmiamibeach.com\/es\/vision-de-diseno\/#primaryimage\"},\"thumbnailUrl\":\"https:\/\/theresidencesmiamibeach.com\/wp-content\/uploads\/2017\/02\/ritz-carlton-residences-miami-beach-ph5-terrace.jpg\",\"datePublished\":\"2015-12-01T16:55:04+00:00\",\"dateModified\":\"2018-12-06T21:43:33+00:00\",\"description\":\"Mira y explora la visi\u00f3n de dise\u00f1o de Piero Lissoni para The Ritz-Carlton Residences, Miami Beach\",\"breadcrumb\":{\"@id\":\"https:\/\/theresidencesmiamibeach.com\/es\/vision-de-diseno\/#breadcrumb\"},\"inLanguage\":\"es-ES\",\"potentialAction\":[{\"@type\":\"ReadAction\",\"target\":[\"https:\/\/theresidencesmiamibeach.com\/es\/vision-de-diseno\/\"]}]},{\"@type\":\"ImageObject\",\"inLanguage\":\"es-ES\",\"@id\":\"https:\/\/theresidencesmiamibeach.com\/es\/vision-de-diseno\/#primaryimage\",\"url\":\"https:\/\/theresidencesmiamibeach.com\/wp-content\/uploads\/2017\/02\/ritz-carlton-residences-miami-beach-ph5-terrace.jpg\",\"contentUrl\":\"https:\/\/theresidencesmiamibeach.com\/wp-content\/uploads\/2017\/02\/ritz-carlton-residences-miami-beach-ph5-terrace.jpg\",\"width\":1920,\"height\":1080,\"caption\":\"A Penthouse rooftop at the new homes in Miami Beach designed by Piero Lissoni\"},{\"@type\":\"BreadcrumbList\",\"@id\":\"https:\/\/theresidencesmiamibeach.com\/es\/vision-de-diseno\/#breadcrumb\",\"itemListElement\":[{\"@type\":\"ListItem\",\"position\":1,\"name\":\"Home\",\"item\":\"https:\/\/theresidencesmiamibeach.com\/es\/\"},{\"@type\":\"ListItem\",\"position\":2,\"name\":\"Visi\u00f3n de Dise\u00f1o\"}]},{\"@type\":\"WebSite\",\"@id\":\"https:\/\/theresidencesmiamibeach.com\/#website\",\"url\":\"https:\/\/theresidencesmiamibeach.com\/\",\"name\":\"The Ritz-Carlton Residences, Miami Beach | Miami Beach Luxury Condos - New Miami Condos for Sale\",\"description\":\"Discover the Private Side of Miami Beach\",\"potentialAction\":[{\"@type\":\"SearchAction\",\"target\":{\"@type\":\"EntryPoint\",\"urlTemplate\":\"https:\/\/theresidencesmiamibeach.com\/?s={search_term_string}\"},\"query-input\":{\"@type\":\"PropertyValueSpecification\",\"valueRequired\":true,\"valueName\":\"search_term_string\"}}],\"inLanguage\":\"es-ES\"}]}<\/script>\n<!-- \/ Yoast SEO plugin. -->","yoast_head_json":{"title":"Visi\u00f3n de Dise\u00f1o |\u00a0The Ritz Carlton Miami Beach | Miami Beach Condos - Miami Condos for Sale","description":"Mira y explora la visi\u00f3n de dise\u00f1o de Piero Lissoni para The Ritz-Carlton Residences, Miami Beach","robots":{"index":"index","follow":"follow","max-snippet":"max-snippet:-1","max-image-preview":"max-image-preview:large","max-video-preview":"max-video-preview:-1"},"canonical":"https:\/\/theresidencesmiamibeach.com\/es\/vision-de-diseno\/","og_locale":"es_ES","og_type":"article","og_title":"Visi\u00f3n de Dise\u00f1o |\u00a0The Ritz Carlton Miami Beach | Miami Beach Condos - Miami Condos for Sale","og_description":"Mira y explora la visi\u00f3n de dise\u00f1o de Piero Lissoni para The Ritz-Carlton Residences, Miami Beach","og_url":"https:\/\/theresidencesmiamibeach.com\/es\/vision-de-diseno\/","og_site_name":"The Ritz-Carlton Residences, Miami Beach | Miami Luxury Condos - Miami Condos for Sale","article_publisher":"https:\/\/www.facebook.com\/TheResidencesMiamiBeach\/","article_modified_time":"2018-12-06T21:43:33+00:00","og_image":[{"width":1920,"height":1080,"url":"https:\/\/theresidencesmiamibeach.com\/wp-content\/uploads\/2017\/02\/ritz-carlton-residences-miami-beach-ph5-terrace.jpg","type":"image\/jpeg"}],"twitter_card":"summary_large_image","twitter_misc":{"Est. reading time":"1 minute"},"schema":{"@context":"https:\/\/schema.org","@graph":[{"@type":"WebPage","@id":"https:\/\/theresidencesmiamibeach.com\/es\/vision-de-diseno\/","url":"https:\/\/theresidencesmiamibeach.com\/es\/vision-de-diseno\/","name":"Visi\u00f3n de Dise\u00f1o |\u00a0The Ritz Carlton Miami Beach | Miami Beach Condos - Miami Condos for Sale","isPartOf":{"@id":"https:\/\/theresidencesmiamibeach.com\/#website"},"primaryImageOfPage":{"@id":"https:\/\/theresidencesmiamibeach.com\/es\/vision-de-diseno\/#primaryimage"},"image":{"@id":"https:\/\/theresidencesmiamibeach.com\/es\/vision-de-diseno\/#primaryimage"},"thumbnailUrl":"https:\/\/theresidencesmiamibeach.com\/wp-content\/uploads\/2017\/02\/ritz-carlton-residences-miami-beach-ph5-terrace.jpg","datePublished":"2015-12-01T16:55:04+00:00","dateModified":"2018-12-06T21:43:33+00:00","description":"Mira y explora la visi\u00f3n de dise\u00f1o de Piero Lissoni para The Ritz-Carlton Residences, Miami Beach","breadcrumb":{"@id":"https:\/\/theresidencesmiamibeach.com\/es\/vision-de-diseno\/#breadcrumb"},"inLanguage":"es-ES","potentialAction":[{"@type":"ReadAction","target":["https:\/\/theresidencesmiamibeach.com\/es\/vision-de-diseno\/"]}]},{"@type":"ImageObject","inLanguage":"es-ES","@id":"https:\/\/theresidencesmiamibeach.com\/es\/vision-de-diseno\/#primaryimage","url":"https:\/\/theresidencesmiamibeach.com\/wp-content\/uploads\/2017\/02\/ritz-carlton-residences-miami-beach-ph5-terrace.jpg","contentUrl":"https:\/\/theresidencesmiamibeach.com\/wp-content\/uploads\/2017\/02\/ritz-carlton-residences-miami-beach-ph5-terrace.jpg","width":1920,"height":1080,"caption":"A Penthouse rooftop at the new homes in Miami Beach designed by Piero Lissoni"},{"@type":"BreadcrumbList","@id":"https:\/\/theresidencesmiamibeach.com\/es\/vision-de-diseno\/#breadcrumb","itemListElement":[{"@type":"ListItem","position":1,"name":"Home","item":"https:\/\/theresidencesmiamibeach.com\/es\/"},{"@type":"ListItem","position":2,"name":"Visi\u00f3n de Dise\u00f1o"}]},{"@type":"WebSite","@id":"https:\/\/theresidencesmiamibeach.com\/#website","url":"https:\/\/theresidencesmiamibeach.com\/","name":"The Ritz-Carlton Residences, Miami Beach | Miami Beach Luxury Condos - New Miami Condos for Sale","description":"Discover the Private Side of Miami Beach","potentialAction":[{"@type":"SearchAction","target":{"@type":"EntryPoint","urlTemplate":"https:\/\/theresidencesmiamibeach.com\/?s={search_term_string}"},"query-input":{"@type":"PropertyValueSpecification","valueRequired":true,"valueName":"search_term_string"}}],"inLanguage":"es-ES"}]}},"_links":{"self":[{"href":"https:\/\/theresidencesmiamibeach.com\/es\/wp-json\/wp\/v2\/pages\/1295\/"}],"collection":[{"href":"https:\/\/theresidencesmiamibeach.com\/es\/wp-json\/wp\/v2\/pages\/"}],"about":[{"href":"https:\/\/theresidencesmiamibeach.com\/es\/wp-json\/wp\/v2\/types\/page\/"}],"author":[{"embeddable":true,"href":"https:\/\/theresidencesmiamibeach.com\/es\/wp-json\/wp\/v2\/users\/2\/"}],"replies":[{"embeddable":true,"href":"https:\/\/theresidencesmiamibeach.com\/es\/wp-json\/wp\/v2\/comments\/?post=1295"}],"version-history":[{"count":0,"href":"https:\/\/theresidencesmiamibeach.com\/es\/wp-json\/wp\/v2\/pages\/1295\/revisions\/"}],"wp:featuredmedia":[{"embeddable":true,"href":"https:\/\/theresidencesmiamibeach.com\/es\/wp-json\/wp\/v2\/media\/6286\/"}],"wp:attachment":[{"href":"https:\/\/theresidencesmiamibeach.com\/es\/wp-json\/wp\/v2\/media\/?parent=1295"}],"curies":[{"name":"wp","href":"https:\/\/api.w.org\/{rel}","templated":true}]}}