{"id":1298,"date":"2015-12-01T16:58:26","date_gmt":"2015-12-01T16:58:26","guid":{"rendered":"http:\/\/ritz.dev\/residences\/?lang=es"},"modified":"2018-12-06T16:45:08","modified_gmt":"2018-12-06T21:45:08","slug":"residencias","status":"publish","type":"page","link":"https:\/\/theresidencesmiamibeach.com\/es\/residencias\/","title":{"rendered":"Residencias"},"content":{"rendered":"<h5>BIENVENIDO A CASA<\/h5>\n<h2>UN ENFOQUE DE DISE\u00d1O MODERNO HACE DE LA COCINA EL CENTRO DE ATENCI\u00d3N CON ACABADOS REFINADOS Y DETALLES DE ELEGANCIA A LA VUELTA DE CADA ESQUINA<\/h2>\n<p>The Ritz-Carlton Residences, Miami Beach se encuentra ubicado a lo largo de siete acres con vistas despejadas al lago, el oc\u00e9ano y la ciudad. Piero Lissoni ha aprovechado al m\u00e1ximo este incre\u00edble recurso y ha trazado las l\u00edneas de cada residencia alrededor de sus imponentes vistas. Junto con los panoramas espectaculares, los residentes son recibidos por una cocina amplia ubicada en el centro de sus hogares. Los ba\u00f1os est\u00e1n envueltos en m\u00e1rmol y resaltados por ba\u00f1eras independientes. Las cubiertas privadas rodeadas de cristal ofrecen piscinas de inmersi\u00f3n y vistas perfectas de los paisajes naturales. La sencillez y elegancia fueron la visi\u00f3n de Lissoni y el resultado es una obra maestra.<\/p>\n<div class=\"sub_menu\">\n<ul>\n<li><a href=\"\/es\/residencias\/caracteristicas-de-las-residencias\/\">Caracter\u00edsticas<\/a><\/li>\n<li><a href=\"\/es\/galeria\/#category=residencias&#038;index=0\">Galeri\u00e1 de Residencias<\/a><\/li>\n<li><a href=\"\/es\/residencias\/planos\/\">Planos<\/a><\/li>\n<\/ul>\n<\/div>\n","protected":false},"excerpt":{"rendered":"<p>BIENVENIDO A CASA UN ENFOQUE DE DISE\u00d1O MODERNO HACE DE LA COCINA EL CENTRO DE ATENCI\u00d3N CON ACABADOS REFINADOS Y [&hellip;]<\/p>\n","protected":false},"author":2,"featured_media":5000,"parent":0,"menu_order":8,"comment_status":"closed","ping_status":"closed","template":"views\/slim.php","meta":{"_acf_changed":false,"footnotes":""},"class_list":["post-1298","page","type-page","status-publish","has-post-thumbnail","hentry"],"acf":[],"yoast_head":"<!-- This site is optimized with the Yoast SEO plugin v26.2 - https:\/\/yoast.com\/wordpress\/plugins\/seo\/ -->\n<title>Residencias |\u00a0The Ritz-Carlton Residences, Miami Beach | Miami Beach Condos - Miami Condos for Sale<\/title>\n<meta name=\"description\" content=\"The Ritz-Carlton, Residences Miami Beach cubre siete acres con vistas sin obst\u00e1culos. Piero Lissoni ha aprovechado al m\u00e1ximo estos nuevos condominios en Miami.\" \/>\n<meta name=\"robots\" content=\"index, follow, max-snippet:-1, max-image-preview:large, max-video-preview:-1\" \/>\n<link rel=\"canonical\" href=\"https:\/\/theresidencesmiamibeach.com\/es\/residencias\/\" \/>\n<meta property=\"og:locale\" content=\"es_ES\" \/>\n<meta property=\"og:type\" content=\"article\" \/>\n<meta property=\"og:title\" content=\"Residencias |\u00a0The Ritz-Carlton Residences, Miami Beach | Miami Beach Condos - Miami Condos for Sale\" \/>\n<meta property=\"og:description\" content=\"The Ritz-Carlton, Residences Miami Beach cubre siete acres con vistas sin obst\u00e1culos. Piero Lissoni ha aprovechado al m\u00e1ximo estos nuevos condominios en Miami.\" \/>\n<meta property=\"og:url\" content=\"https:\/\/theresidencesmiamibeach.com\/es\/residencias\/\" \/>\n<meta property=\"og:site_name\" content=\"The Ritz-Carlton Residences, Miami Beach | Miami Luxury Condos - Miami Condos for Sale\" \/>\n<meta property=\"article:publisher\" content=\"https:\/\/www.facebook.com\/TheResidencesMiamiBeach\/\" \/>\n<meta property=\"article:modified_time\" content=\"2018-12-06T21:45:08+00:00\" \/>\n<meta property=\"og:image\" content=\"https:\/\/theresidencesmiamibeach.com\/wp-content\/uploads\/2017\/02\/ritz-carlton-residences-miami-beach-ph4-living.jpg\" \/>\n\t<meta property=\"og:image:width\" content=\"1920\" \/>\n\t<meta property=\"og:image:height\" content=\"1080\" \/>\n\t<meta property=\"og:image:type\" content=\"image\/jpeg\" \/>\n<meta name=\"twitter:card\" content=\"summary_large_image\" \/>\n<meta name=\"twitter:label1\" content=\"Est. reading time\" \/>\n\t<meta name=\"twitter:data1\" content=\"1 minute\" \/>\n<script type=\"application\/ld+json\" class=\"yoast-schema-graph\">{\"@context\":\"https:\/\/schema.org\",\"@graph\":[{\"@type\":\"WebPage\",\"@id\":\"https:\/\/theresidencesmiamibeach.com\/es\/residencias\/\",\"url\":\"https:\/\/theresidencesmiamibeach.com\/es\/residencias\/\",\"name\":\"Residencias |\u00a0The Ritz-Carlton Residences, Miami Beach | Miami Beach Condos - Miami Condos for Sale\",\"isPartOf\":{\"@id\":\"https:\/\/theresidencesmiamibeach.com\/#website\"},\"primaryImageOfPage\":{\"@id\":\"https:\/\/theresidencesmiamibeach.com\/es\/residencias\/#primaryimage\"},\"image\":{\"@id\":\"https:\/\/theresidencesmiamibeach.com\/es\/residencias\/#primaryimage\"},\"thumbnailUrl\":\"https:\/\/theresidencesmiamibeach.com\/wp-content\/uploads\/2017\/02\/ritz-carlton-residences-miami-beach-ph4-living.jpg\",\"datePublished\":\"2015-12-01T16:58:26+00:00\",\"dateModified\":\"2018-12-06T21:45:08+00:00\",\"description\":\"The Ritz-Carlton, Residences Miami Beach cubre siete acres con vistas sin obst\u00e1culos. Piero Lissoni ha aprovechado al m\u00e1ximo estos nuevos condominios en Miami.\",\"breadcrumb\":{\"@id\":\"https:\/\/theresidencesmiamibeach.com\/es\/residencias\/#breadcrumb\"},\"inLanguage\":\"es-ES\",\"potentialAction\":[{\"@type\":\"ReadAction\",\"target\":[\"https:\/\/theresidencesmiamibeach.com\/es\/residencias\/\"]}]},{\"@type\":\"ImageObject\",\"inLanguage\":\"es-ES\",\"@id\":\"https:\/\/theresidencesmiamibeach.com\/es\/residencias\/#primaryimage\",\"url\":\"https:\/\/theresidencesmiamibeach.com\/wp-content\/uploads\/2017\/02\/ritz-carlton-residences-miami-beach-ph4-living.jpg\",\"contentUrl\":\"https:\/\/theresidencesmiamibeach.com\/wp-content\/uploads\/2017\/02\/ritz-carlton-residences-miami-beach-ph4-living.jpg\",\"width\":1920,\"height\":1080,\"caption\":\"new Miami condos at the Ritz-Carlton Residences, Miami Beach\"},{\"@type\":\"BreadcrumbList\",\"@id\":\"https:\/\/theresidencesmiamibeach.com\/es\/residencias\/#breadcrumb\",\"itemListElement\":[{\"@type\":\"ListItem\",\"position\":1,\"name\":\"Home\",\"item\":\"https:\/\/theresidencesmiamibeach.com\/es\/\"},{\"@type\":\"ListItem\",\"position\":2,\"name\":\"Residencias\"}]},{\"@type\":\"WebSite\",\"@id\":\"https:\/\/theresidencesmiamibeach.com\/#website\",\"url\":\"https:\/\/theresidencesmiamibeach.com\/\",\"name\":\"The Ritz-Carlton Residences, Miami Beach | Miami Beach Luxury Condos - New Miami Condos for Sale\",\"description\":\"Discover the Private Side of Miami Beach\",\"potentialAction\":[{\"@type\":\"SearchAction\",\"target\":{\"@type\":\"EntryPoint\",\"urlTemplate\":\"https:\/\/theresidencesmiamibeach.com\/?s={search_term_string}\"},\"query-input\":{\"@type\":\"PropertyValueSpecification\",\"valueRequired\":true,\"valueName\":\"search_term_string\"}}],\"inLanguage\":\"es-ES\"}]}<\/script>\n<!-- \/ Yoast SEO plugin. -->","yoast_head_json":{"title":"Residencias |\u00a0The Ritz-Carlton Residences, Miami Beach | Miami Beach Condos - Miami Condos for Sale","description":"The Ritz-Carlton, Residences Miami Beach cubre siete acres con vistas sin obst\u00e1culos. Piero Lissoni ha aprovechado al m\u00e1ximo estos nuevos condominios en Miami.","robots":{"index":"index","follow":"follow","max-snippet":"max-snippet:-1","max-image-preview":"max-image-preview:large","max-video-preview":"max-video-preview:-1"},"canonical":"https:\/\/theresidencesmiamibeach.com\/es\/residencias\/","og_locale":"es_ES","og_type":"article","og_title":"Residencias |\u00a0The Ritz-Carlton Residences, Miami Beach | Miami Beach Condos - Miami Condos for Sale","og_description":"The Ritz-Carlton, Residences Miami Beach cubre siete acres con vistas sin obst\u00e1culos. Piero Lissoni ha aprovechado al m\u00e1ximo estos nuevos condominios en Miami.","og_url":"https:\/\/theresidencesmiamibeach.com\/es\/residencias\/","og_site_name":"The Ritz-Carlton Residences, Miami Beach | Miami Luxury Condos - Miami Condos for Sale","article_publisher":"https:\/\/www.facebook.com\/TheResidencesMiamiBeach\/","article_modified_time":"2018-12-06T21:45:08+00:00","og_image":[{"width":1920,"height":1080,"url":"https:\/\/theresidencesmiamibeach.com\/wp-content\/uploads\/2017\/02\/ritz-carlton-residences-miami-beach-ph4-living.jpg","type":"image\/jpeg"}],"twitter_card":"summary_large_image","twitter_misc":{"Est. reading time":"1 minute"},"schema":{"@context":"https:\/\/schema.org","@graph":[{"@type":"WebPage","@id":"https:\/\/theresidencesmiamibeach.com\/es\/residencias\/","url":"https:\/\/theresidencesmiamibeach.com\/es\/residencias\/","name":"Residencias |\u00a0The Ritz-Carlton Residences, Miami Beach | Miami Beach Condos - Miami Condos for Sale","isPartOf":{"@id":"https:\/\/theresidencesmiamibeach.com\/#website"},"primaryImageOfPage":{"@id":"https:\/\/theresidencesmiamibeach.com\/es\/residencias\/#primaryimage"},"image":{"@id":"https:\/\/theresidencesmiamibeach.com\/es\/residencias\/#primaryimage"},"thumbnailUrl":"https:\/\/theresidencesmiamibeach.com\/wp-content\/uploads\/2017\/02\/ritz-carlton-residences-miami-beach-ph4-living.jpg","datePublished":"2015-12-01T16:58:26+00:00","dateModified":"2018-12-06T21:45:08+00:00","description":"The Ritz-Carlton, Residences Miami Beach cubre siete acres con vistas sin obst\u00e1culos. Piero Lissoni ha aprovechado al m\u00e1ximo estos nuevos condominios en Miami.","breadcrumb":{"@id":"https:\/\/theresidencesmiamibeach.com\/es\/residencias\/#breadcrumb"},"inLanguage":"es-ES","potentialAction":[{"@type":"ReadAction","target":["https:\/\/theresidencesmiamibeach.com\/es\/residencias\/"]}]},{"@type":"ImageObject","inLanguage":"es-ES","@id":"https:\/\/theresidencesmiamibeach.com\/es\/residencias\/#primaryimage","url":"https:\/\/theresidencesmiamibeach.com\/wp-content\/uploads\/2017\/02\/ritz-carlton-residences-miami-beach-ph4-living.jpg","contentUrl":"https:\/\/theresidencesmiamibeach.com\/wp-content\/uploads\/2017\/02\/ritz-carlton-residences-miami-beach-ph4-living.jpg","width":1920,"height":1080,"caption":"new Miami condos at the Ritz-Carlton Residences, Miami Beach"},{"@type":"BreadcrumbList","@id":"https:\/\/theresidencesmiamibeach.com\/es\/residencias\/#breadcrumb","itemListElement":[{"@type":"ListItem","position":1,"name":"Home","item":"https:\/\/theresidencesmiamibeach.com\/es\/"},{"@type":"ListItem","position":2,"name":"Residencias"}]},{"@type":"WebSite","@id":"https:\/\/theresidencesmiamibeach.com\/#website","url":"https:\/\/theresidencesmiamibeach.com\/","name":"The Ritz-Carlton Residences, Miami Beach | Miami Beach Luxury Condos - New Miami Condos for Sale","description":"Discover the Private Side of Miami Beach","potentialAction":[{"@type":"SearchAction","target":{"@type":"EntryPoint","urlTemplate":"https:\/\/theresidencesmiamibeach.com\/?s={search_term_string}"},"query-input":{"@type":"PropertyValueSpecification","valueRequired":true,"valueName":"search_term_string"}}],"inLanguage":"es-ES"}]}},"_links":{"self":[{"href":"https:\/\/theresidencesmiamibeach.com\/es\/wp-json\/wp\/v2\/pages\/1298\/"}],"collection":[{"href":"https:\/\/theresidencesmiamibeach.com\/es\/wp-json\/wp\/v2\/pages\/"}],"about":[{"href":"https:\/\/theresidencesmiamibeach.com\/es\/wp-json\/wp\/v2\/types\/page\/"}],"author":[{"embeddable":true,"href":"https:\/\/theresidencesmiamibeach.com\/es\/wp-json\/wp\/v2\/users\/2\/"}],"replies":[{"embeddable":true,"href":"https:\/\/theresidencesmiamibeach.com\/es\/wp-json\/wp\/v2\/comments\/?post=1298"}],"version-history":[{"count":0,"href":"https:\/\/theresidencesmiamibeach.com\/es\/wp-json\/wp\/v2\/pages\/1298\/revisions\/"}],"wp:featuredmedia":[{"embeddable":true,"href":"https:\/\/theresidencesmiamibeach.com\/es\/wp-json\/wp\/v2\/media\/5000\/"}],"wp:attachment":[{"href":"https:\/\/theresidencesmiamibeach.com\/es\/wp-json\/wp\/v2\/media\/?parent=1298"}],"curies":[{"name":"wp","href":"https:\/\/api.w.org\/{rel}","templated":true}]}}