{"id":1301,"date":"2015-12-01T17:12:35","date_gmt":"2015-12-01T22:12:35","guid":{"rendered":"http:\/\/ritz.dev\/residences\/residence-features\/?lang=es"},"modified":"2018-11-29T17:20:32","modified_gmt":"2018-11-29T22:20:32","slug":"caracteristicas-de-las-residencias","status":"publish","type":"page","link":"https:\/\/theresidencesmiamibeach.com\/es\/residencias\/caracteristicas-de-las-residencias\/","title":{"rendered":"Caracter\u00edsticas"},"content":{"rendered":"<h2 style=\"margin-bottom:10px;\">LAS RESIDENCIAS<\/h2>\n<div id=\"su_carousel_69d8ff5ca6987\" class=\"su-carousel su-carousel-centered su-carousel-pages-no su-carousel-responsive-yes su-lightbox-gallery\" style=\"width:100%\" data-autoplay=\"0\" data-speed=\"600\" data-mousewheel=\"false\" data-items=\"1\" data-scroll=\"1\"><div class=\"su-carousel-slides\"><div class=\"su-carousel-slide\"><a href=\"https:\/\/theresidencesmiamibeach.com\/wp-content\/uploads\/2018\/11\/Condos-in-Miami-Beach-Exterior.jpg\" title=\"LAS RESIDENCIAS\"><img decoding=\"async\" src=\"https:\/\/theresidencesmiamibeach.com\/wp-content\/uploads\/2018\/11\/Condos-in-Miami-Beach-Exterior-722x440.jpg\" alt=\"LAS RESIDENCIAS\" \/><\/a><\/div><\/div><div class=\"su-carousel-nav\"><div class=\"su-carousel-pagination\"><\/div><\/div><\/div>\n<h3 style=\"text-align:center;margin-bottom:30px;\">CARACTER\u00cdSTICAS DE LAS TORRES RESIDENCIALES<\/h3>\n<div class=\"su-row\">\n<div class=\"su-column su-column-size-1-1 su-column-centered\"><div class=\"su-column-inner su-u-clearfix su-u-trim\">\n<hr \/>\n<\/div><\/div>\n<\/div>\n<div class=\"su-row\">\n<div class=\"su-column su-column-size-1-2\"><div class=\"su-column-inner su-u-clearfix su-u-trim\">\n<ul>\n<li>Detalles interiores dise\u00f1ados personalmente por Piero Lissoni<\/li>\n<li>Vest\u00edbulos de ascensores privados para la mayor\u00eda de las residencias<\/li>\n<li>Pisos de piedra en todas las \u00e1reas comunes, cocinas y ba\u00f1os<\/li>\n<li>Pisos de madera en las habitaciones<\/li>\n<li>Puertas macizas y amplias<\/li>\n<\/ul>\n<\/div><\/div>\n<div class=\"su-column su-column-size-1-2\"><div class=\"su-column-inner su-u-clearfix su-u-trim\">\n<ul>\n<li>Ventanas y puertas amplias a prueba de huracanes<\/li>\n<li>Cuarto de lavander\u00eda con lavadoras y secadoras frontales<\/li>\n<li>Cocinas veraniegas en algunas residencias<\/li>\n<li>Piscinas de inmersi\u00f3n en algunas residencias<\/li>\n<li>Sistema HVAC de flujo refrigerante variable<\/li>\n<\/ul>\n<\/div><\/div>\n<\/div>\n<div class=\"su-row\">\n<div class=\"su-column su-column-size-1-1 su-column-centered\"><div class=\"su-column-inner su-u-clearfix su-u-trim\">\n<div id=\"su_carousel_69d8ff5ca7f6c\" class=\"su-carousel su-carousel-centered su-carousel-pages-no su-carousel-responsive-yes su-lightbox-gallery\" style=\"width:100%\" data-autoplay=\"0\" data-speed=\"600\" data-mousewheel=\"true\" data-items=\"3\" data-scroll=\"1\"><div class=\"su-carousel-slides\"><div class=\"su-carousel-slide\"><a href=\"https:\/\/theresidencesmiamibeach.com\/wp-content\/uploads\/2018\/11\/Miami-Beach-Condos-Living-Room.jpg\" title=\"Detalles interiores dise\u00f1ados personalmente por Piero Lissoni\"><img decoding=\"async\" src=\"https:\/\/theresidencesmiamibeach.com\/wp-content\/uploads\/2018\/11\/Miami-Beach-Condos-Living-Room-182x150.jpg\" alt=\"Detalles interiores dise\u00f1ados personalmente por Piero Lissoni\" \/><\/a><\/div><div class=\"su-carousel-slide\"><a href=\"https:\/\/theresidencesmiamibeach.com\/wp-content\/uploads\/2018\/11\/Miami-Beach-Condos-Loft.jpg\" title=\"Detalles interiores dise\u00f1ados personalmente por Piero Lissoni\"><img decoding=\"async\" src=\"https:\/\/theresidencesmiamibeach.com\/wp-content\/uploads\/2018\/11\/Miami-Beach-Condos-Loft-182x150.jpg\" alt=\"Detalles interiores dise\u00f1ados personalmente por Piero Lissoni\" \/><\/a><\/div><div class=\"su-carousel-slide\"><a href=\"https:\/\/theresidencesmiamibeach.com\/wp-content\/uploads\/2018\/11\/Miami-Beach-Condos-Bedroom.jpg\" title=\"Detalles interiores dise\u00f1ados personalmente por Piero Lissoni\"><img decoding=\"async\" src=\"https:\/\/theresidencesmiamibeach.com\/wp-content\/uploads\/2018\/11\/Miami-Beach-Condos-Bedroom-182x150.jpg\" alt=\"Detalles interiores dise\u00f1ados personalmente por Piero Lissoni\" \/><\/a><\/div><div class=\"su-carousel-slide\"><a href=\"https:\/\/theresidencesmiamibeach.com\/wp-content\/uploads\/2018\/11\/Luxury-Condos-in-Miami-Beach-Garden-1.jpg\" title=\"Detalles interiores dise\u00f1ados personalmente por Piero Lissoni\"><img decoding=\"async\" src=\"https:\/\/theresidencesmiamibeach.com\/wp-content\/uploads\/2018\/11\/Luxury-Condos-in-Miami-Beach-Garden-1-182x150.jpg\" alt=\"Detalles interiores dise\u00f1ados personalmente por Piero Lissoni\" \/><\/a><\/div><\/div><div class=\"su-carousel-nav\"><div class=\"su-carousel-direction\"><span class=\"su-carousel-prev\"><\/span><span class=\"su-carousel-next\"><\/span><\/div><div class=\"su-carousel-pagination\"><\/div><\/div><\/div>\n<\/div><\/div>\n<\/div>\n<div class=\"su-row\">\n<div class=\"su-column su-column-size-1-1 su-column-centered\"><div class=\"su-column-inner su-u-clearfix su-u-trim\">\n<hr \/>\n<\/div><\/div>\n<\/div>\n<h3 style=\"text-align:center;margin-bottom:30px;\">COCINAS DISE\u00d1ADAS PERSONALMENTE POR PIERO LISSONI<\/h3>\n<div class=\"su-row\">\n<div class=\"su-column su-column-size-1-2\"><div class=\"su-column-inner su-u-clearfix su-u-trim\">\n<ul>\n<li>Cocinas Boffi dise\u00f1adas por Lissoni<\/li>\n<li>Mesones de piedra amplios<\/li>\n<li>Neveras Gaggenau integradas<\/li>\n<li>Congeladores Gaggenau integrados<\/li>\n<li>Cocinas a gas Gaggenau<\/li>\n<li>Horno microondas Gaggenau<\/li>\n<li>Horno integrado de acero inoxidable Gaggenau<\/li>\n<li>Lavavajillas integrado Gaggenau<\/li>\n<li>Monturas de plomer\u00eda Zucchetti<\/li>\n<\/ul>\n<\/div><\/div>\n<div class=\"su-column su-column-size-1-2\"><div class=\"su-column-inner su-u-clearfix su-u-trim\">\n<div id=\"su_carousel_69d8ff5ca8bd2\" class=\"su-carousel su-carousel-centered su-carousel-pages-no su-carousel-responsive-yes su-lightbox-gallery\" style=\"width:100%\" data-autoplay=\"0\" data-speed=\"600\" data-mousewheel=\"false\" data-items=\"1\" data-scroll=\"1\"><div class=\"su-carousel-slides\"><div class=\"su-carousel-slide\"><a href=\"https:\/\/theresidencesmiamibeach.com\/wp-content\/uploads\/2018\/11\/Miami-Beach-Condos-Kitchen.jpg\" title=\"Detalles interiores dise\u00f1ados personalmente por Piero Lissoni\"><img decoding=\"async\" src=\"https:\/\/theresidencesmiamibeach.com\/wp-content\/uploads\/2018\/11\/Miami-Beach-Condos-Kitchen-722x480.jpg\" alt=\"Detalles interiores dise\u00f1ados personalmente por Piero Lissoni\" \/><\/a><\/div><div class=\"su-carousel-slide\"><a href=\"https:\/\/theresidencesmiamibeach.com\/wp-content\/uploads\/2018\/11\/Ritz-Carlton-Residences-Miami-Beach_Kitchen-3.jpg\" title=\"Detalles interiores dise\u00f1ados personalmente por Piero Lissoni\"><img decoding=\"async\" src=\"https:\/\/theresidencesmiamibeach.com\/wp-content\/uploads\/2018\/11\/Ritz-Carlton-Residences-Miami-Beach_Kitchen-3-722x480.jpg\" alt=\"Detalles interiores dise\u00f1ados personalmente por Piero Lissoni\" \/><\/a><\/div><div class=\"su-carousel-slide\"><a href=\"https:\/\/theresidencesmiamibeach.com\/wp-content\/uploads\/2018\/11\/Ritz-Carlton-Residences-Miami-Beach_Kitchen-2.jpg\" title=\"Detalles interiores dise\u00f1ados personalmente por Piero Lissoni\"><img decoding=\"async\" src=\"https:\/\/theresidencesmiamibeach.com\/wp-content\/uploads\/2018\/11\/Ritz-Carlton-Residences-Miami-Beach_Kitchen-2-722x480.jpg\" alt=\"Detalles interiores dise\u00f1ados personalmente por Piero Lissoni\" \/><\/a><\/div><\/div><div class=\"su-carousel-nav\"><div class=\"su-carousel-direction\"><span class=\"su-carousel-prev\"><\/span><span class=\"su-carousel-next\"><\/span><\/div><div class=\"su-carousel-pagination\"><\/div><\/div><\/div>\n<\/div><\/div>\n<\/div>\n<div class=\"su-row\">\n<div class=\"su-column su-column-size-1-1 su-column-centered\"><div class=\"su-column-inner su-u-clearfix su-u-trim\">\n<hr \/>\n<\/div><\/div>\n<\/div>\n<h3 style=\"text-align:center;margin-bottom:30px;\">BA\u00d1OS PRINCIPALES<\/h3>\n<div class=\"su-row\">\n<div class=\"su-column su-column-size-1-2\"><div class=\"su-column-inner su-u-clearfix su-u-trim\">\n<div id=\"su_carousel_69d8ff5ca9813\" class=\"su-carousel su-carousel-centered su-carousel-pages-no su-carousel-responsive-yes su-lightbox-gallery\" style=\"width:100%\" data-autoplay=\"0\" data-speed=\"600\" data-mousewheel=\"false\" data-items=\"1\" data-scroll=\"1\"><div class=\"su-carousel-slides\"><div class=\"su-carousel-slide\"><a href=\"https:\/\/theresidencesmiamibeach.com\/wp-content\/uploads\/2018\/11\/Miami-Beach-Condos-Bathroom.jpg\" title=\"Detalles interiores dise\u00f1ados personalmente por Piero Lissoni\"><img decoding=\"async\" src=\"https:\/\/theresidencesmiamibeach.com\/wp-content\/uploads\/2018\/11\/Miami-Beach-Condos-Bathroom-722x460.jpg\" alt=\"Detalles interiores dise\u00f1ados personalmente por Piero Lissoni\" \/><\/a><\/div><div class=\"su-carousel-slide\"><a href=\"https:\/\/theresidencesmiamibeach.com\/wp-content\/uploads\/2018\/11\/Ritz-Carlton-Residences-Miami-Beach_Bath-1.jpg\" title=\"Detalles interiores dise\u00f1ados personalmente por Piero Lissoni\"><img decoding=\"async\" src=\"https:\/\/theresidencesmiamibeach.com\/wp-content\/uploads\/2018\/11\/Ritz-Carlton-Residences-Miami-Beach_Bath-1-722x460.jpg\" alt=\"Detalles interiores dise\u00f1ados personalmente por Piero Lissoni\" \/><\/a><\/div><div class=\"su-carousel-slide\"><a href=\"https:\/\/theresidencesmiamibeach.com\/wp-content\/uploads\/2018\/11\/Ritz-Carlton-Residences-Miami-Beach_Bath-2.jpg\" title=\"Detalles interiores dise\u00f1ados personalmente por Piero Lissoni\"><img decoding=\"async\" src=\"https:\/\/theresidencesmiamibeach.com\/wp-content\/uploads\/2018\/11\/Ritz-Carlton-Residences-Miami-Beach_Bath-2-722x460.jpg\" alt=\"Detalles interiores dise\u00f1ados personalmente por Piero Lissoni\" \/><\/a><\/div><\/div><div class=\"su-carousel-nav\"><div class=\"su-carousel-direction\"><span class=\"su-carousel-prev\"><\/span><span class=\"su-carousel-next\"><\/span><\/div><div class=\"su-carousel-pagination\"><\/div><\/div><\/div>\n<\/div><\/div>\n<div class=\"su-column su-column-size-1-2\"><div class=\"su-column-inner su-u-clearfix su-u-trim\">\n<ul>\n<li>Ba\u00f1os Boffi dise\u00f1ados por Lissoni<\/li>\n<li>Monturas Zucchetti<\/li>\n<li>Pisos y paredes de piedra<\/li>\n<li>Duchas amplias encerradas en cristal<\/li>\n<li>Ba\u00f1eras con propulsores de agua<\/li>\n<\/ul>\n<\/div><\/div>\n<\/div>\n<div class=\"su-row\">\n<div class=\"su-column su-column-size-1-1 su-column-centered\"><div class=\"su-column-inner su-u-clearfix su-u-trim\">\n<\/div><\/div>\n<\/div><\/div>\n","protected":false},"excerpt":{"rendered":"<p>LAS RESIDENCIAS CARACTER\u00cdSTICAS DE LAS TORRES RESIDENCIALES COCINAS DISE\u00d1ADAS PERSONALMENTE POR PIERO LISSONI BA\u00d1OS PRINCIPALES<\/p>\n","protected":false},"author":2,"featured_media":5790,"parent":1298,"menu_order":0,"comment_status":"closed","ping_status":"closed","template":"views\/page.php","meta":{"_acf_changed":false,"footnotes":""},"class_list":["post-1301","page","type-page","status-publish","has-post-thumbnail","hentry"],"acf":[],"yoast_head":"<!-- This site is optimized with the Yoast SEO plugin v26.2 - https:\/\/yoast.com\/wordpress\/plugins\/seo\/ -->\n<title>Caracter\u00edsticas de las Residencias |\u00a0The Ritz Carlton in Miami Beach | Miami Beach Condos - Miami Condos for Sale<\/title>\n<meta name=\"description\" content=\"Vea las caracter\u00edsticas de lujo \u00fanicas de The Ritz-Carlton Residences, Miami Beach\" \/>\n<meta name=\"robots\" content=\"index, follow, max-snippet:-1, max-image-preview:large, max-video-preview:-1\" \/>\n<link rel=\"canonical\" href=\"https:\/\/theresidencesmiamibeach.com\/es\/residencias\/caracteristicas-de-las-residencias\/\" \/>\n<meta property=\"og:locale\" content=\"es_ES\" \/>\n<meta property=\"og:type\" content=\"article\" \/>\n<meta property=\"og:title\" content=\"Caracter\u00edsticas de las Residencias |\u00a0The Ritz Carlton in Miami Beach | Miami Beach Condos - Miami Condos for Sale\" \/>\n<meta property=\"og:description\" content=\"Vea las caracter\u00edsticas de lujo \u00fanicas de The Ritz-Carlton Residences, Miami Beach\" \/>\n<meta property=\"og:url\" content=\"https:\/\/theresidencesmiamibeach.com\/es\/residencias\/caracteristicas-de-las-residencias\/\" \/>\n<meta property=\"og:site_name\" content=\"The Ritz-Carlton Residences, Miami Beach | Miami Luxury Condos - Miami Condos for Sale\" \/>\n<meta property=\"article:publisher\" content=\"https:\/\/www.facebook.com\/TheResidencesMiamiBeach\/\" \/>\n<meta property=\"article:modified_time\" content=\"2018-11-29T22:20:32+00:00\" \/>\n<meta property=\"og:image\" content=\"https:\/\/theresidencesmiamibeach.com\/wp-content\/uploads\/2017\/02\/ritz-carlton-residences-miami-beach-ph5-interior.jpg\" \/>\n\t<meta property=\"og:image:width\" content=\"1920\" \/>\n\t<meta property=\"og:image:height\" content=\"1080\" \/>\n\t<meta property=\"og:image:type\" content=\"image\/jpeg\" \/>\n<meta name=\"twitter:card\" content=\"summary_large_image\" \/>\n<meta name=\"twitter:label1\" content=\"Est. reading time\" \/>\n\t<meta name=\"twitter:data1\" content=\"2 minutes\" \/>\n<script type=\"application\/ld+json\" class=\"yoast-schema-graph\">{\"@context\":\"https:\/\/schema.org\",\"@graph\":[{\"@type\":\"WebPage\",\"@id\":\"https:\/\/theresidencesmiamibeach.com\/es\/residencias\/caracteristicas-de-las-residencias\/\",\"url\":\"https:\/\/theresidencesmiamibeach.com\/es\/residencias\/caracteristicas-de-las-residencias\/\",\"name\":\"Caracter\u00edsticas de las Residencias |\u00a0The Ritz Carlton in Miami Beach | Miami Beach Condos - Miami Condos for Sale\",\"isPartOf\":{\"@id\":\"https:\/\/theresidencesmiamibeach.com\/#website\"},\"primaryImageOfPage\":{\"@id\":\"https:\/\/theresidencesmiamibeach.com\/es\/residencias\/caracteristicas-de-las-residencias\/#primaryimage\"},\"image\":{\"@id\":\"https:\/\/theresidencesmiamibeach.com\/es\/residencias\/caracteristicas-de-las-residencias\/#primaryimage\"},\"thumbnailUrl\":\"https:\/\/theresidencesmiamibeach.com\/wp-content\/uploads\/2017\/02\/ritz-carlton-residences-miami-beach-ph5-interior.jpg\",\"datePublished\":\"2015-12-01T22:12:35+00:00\",\"dateModified\":\"2018-11-29T22:20:32+00:00\",\"description\":\"Vea las caracter\u00edsticas de lujo \u00fanicas de The Ritz-Carlton Residences, Miami Beach\",\"breadcrumb\":{\"@id\":\"https:\/\/theresidencesmiamibeach.com\/es\/residencias\/caracteristicas-de-las-residencias\/#breadcrumb\"},\"inLanguage\":\"es-ES\",\"potentialAction\":[{\"@type\":\"ReadAction\",\"target\":[\"https:\/\/theresidencesmiamibeach.com\/es\/residencias\/caracteristicas-de-las-residencias\/\"]}]},{\"@type\":\"ImageObject\",\"inLanguage\":\"es-ES\",\"@id\":\"https:\/\/theresidencesmiamibeach.com\/es\/residencias\/caracteristicas-de-las-residencias\/#primaryimage\",\"url\":\"https:\/\/theresidencesmiamibeach.com\/wp-content\/uploads\/2017\/02\/ritz-carlton-residences-miami-beach-ph5-interior.jpg\",\"contentUrl\":\"https:\/\/theresidencesmiamibeach.com\/wp-content\/uploads\/2017\/02\/ritz-carlton-residences-miami-beach-ph5-interior.jpg\",\"width\":1920,\"height\":1080,\"caption\":\"Miami Beach luxury condos at The Ritz-Carlton Residences, Miami Beach\"},{\"@type\":\"BreadcrumbList\",\"@id\":\"https:\/\/theresidencesmiamibeach.com\/es\/residencias\/caracteristicas-de-las-residencias\/#breadcrumb\",\"itemListElement\":[{\"@type\":\"ListItem\",\"position\":1,\"name\":\"Home\",\"item\":\"https:\/\/theresidencesmiamibeach.com\/es\/\"},{\"@type\":\"ListItem\",\"position\":2,\"name\":\"Residencias\",\"item\":\"https:\/\/theresidencesmiamibeach.com\/es\/residencias\/\"},{\"@type\":\"ListItem\",\"position\":3,\"name\":\"Caracter\u00edsticas\"}]},{\"@type\":\"WebSite\",\"@id\":\"https:\/\/theresidencesmiamibeach.com\/#website\",\"url\":\"https:\/\/theresidencesmiamibeach.com\/\",\"name\":\"The Ritz-Carlton Residences, Miami Beach | Miami Beach Luxury Condos - New Miami Condos for Sale\",\"description\":\"Discover the Private Side of Miami Beach\",\"potentialAction\":[{\"@type\":\"SearchAction\",\"target\":{\"@type\":\"EntryPoint\",\"urlTemplate\":\"https:\/\/theresidencesmiamibeach.com\/?s={search_term_string}\"},\"query-input\":{\"@type\":\"PropertyValueSpecification\",\"valueRequired\":true,\"valueName\":\"search_term_string\"}}],\"inLanguage\":\"es-ES\"}]}<\/script>\n<!-- \/ Yoast SEO plugin. -->","yoast_head_json":{"title":"Caracter\u00edsticas de las Residencias |\u00a0The Ritz Carlton in Miami Beach | Miami Beach Condos - Miami Condos for Sale","description":"Vea las caracter\u00edsticas de lujo \u00fanicas de The Ritz-Carlton Residences, Miami Beach","robots":{"index":"index","follow":"follow","max-snippet":"max-snippet:-1","max-image-preview":"max-image-preview:large","max-video-preview":"max-video-preview:-1"},"canonical":"https:\/\/theresidencesmiamibeach.com\/es\/residencias\/caracteristicas-de-las-residencias\/","og_locale":"es_ES","og_type":"article","og_title":"Caracter\u00edsticas de las Residencias |\u00a0The Ritz Carlton in Miami Beach | Miami Beach Condos - Miami Condos for Sale","og_description":"Vea las caracter\u00edsticas de lujo \u00fanicas de The Ritz-Carlton Residences, Miami Beach","og_url":"https:\/\/theresidencesmiamibeach.com\/es\/residencias\/caracteristicas-de-las-residencias\/","og_site_name":"The Ritz-Carlton Residences, Miami Beach | Miami Luxury Condos - Miami Condos for Sale","article_publisher":"https:\/\/www.facebook.com\/TheResidencesMiamiBeach\/","article_modified_time":"2018-11-29T22:20:32+00:00","og_image":[{"width":1920,"height":1080,"url":"https:\/\/theresidencesmiamibeach.com\/wp-content\/uploads\/2017\/02\/ritz-carlton-residences-miami-beach-ph5-interior.jpg","type":"image\/jpeg"}],"twitter_card":"summary_large_image","twitter_misc":{"Est. reading time":"2 minutes"},"schema":{"@context":"https:\/\/schema.org","@graph":[{"@type":"WebPage","@id":"https:\/\/theresidencesmiamibeach.com\/es\/residencias\/caracteristicas-de-las-residencias\/","url":"https:\/\/theresidencesmiamibeach.com\/es\/residencias\/caracteristicas-de-las-residencias\/","name":"Caracter\u00edsticas de las Residencias |\u00a0The Ritz Carlton in Miami Beach | Miami Beach Condos - Miami Condos for Sale","isPartOf":{"@id":"https:\/\/theresidencesmiamibeach.com\/#website"},"primaryImageOfPage":{"@id":"https:\/\/theresidencesmiamibeach.com\/es\/residencias\/caracteristicas-de-las-residencias\/#primaryimage"},"image":{"@id":"https:\/\/theresidencesmiamibeach.com\/es\/residencias\/caracteristicas-de-las-residencias\/#primaryimage"},"thumbnailUrl":"https:\/\/theresidencesmiamibeach.com\/wp-content\/uploads\/2017\/02\/ritz-carlton-residences-miami-beach-ph5-interior.jpg","datePublished":"2015-12-01T22:12:35+00:00","dateModified":"2018-11-29T22:20:32+00:00","description":"Vea las caracter\u00edsticas de lujo \u00fanicas de The Ritz-Carlton Residences, Miami Beach","breadcrumb":{"@id":"https:\/\/theresidencesmiamibeach.com\/es\/residencias\/caracteristicas-de-las-residencias\/#breadcrumb"},"inLanguage":"es-ES","potentialAction":[{"@type":"ReadAction","target":["https:\/\/theresidencesmiamibeach.com\/es\/residencias\/caracteristicas-de-las-residencias\/"]}]},{"@type":"ImageObject","inLanguage":"es-ES","@id":"https:\/\/theresidencesmiamibeach.com\/es\/residencias\/caracteristicas-de-las-residencias\/#primaryimage","url":"https:\/\/theresidencesmiamibeach.com\/wp-content\/uploads\/2017\/02\/ritz-carlton-residences-miami-beach-ph5-interior.jpg","contentUrl":"https:\/\/theresidencesmiamibeach.com\/wp-content\/uploads\/2017\/02\/ritz-carlton-residences-miami-beach-ph5-interior.jpg","width":1920,"height":1080,"caption":"Miami Beach luxury condos at The Ritz-Carlton Residences, Miami Beach"},{"@type":"BreadcrumbList","@id":"https:\/\/theresidencesmiamibeach.com\/es\/residencias\/caracteristicas-de-las-residencias\/#breadcrumb","itemListElement":[{"@type":"ListItem","position":1,"name":"Home","item":"https:\/\/theresidencesmiamibeach.com\/es\/"},{"@type":"ListItem","position":2,"name":"Residencias","item":"https:\/\/theresidencesmiamibeach.com\/es\/residencias\/"},{"@type":"ListItem","position":3,"name":"Caracter\u00edsticas"}]},{"@type":"WebSite","@id":"https:\/\/theresidencesmiamibeach.com\/#website","url":"https:\/\/theresidencesmiamibeach.com\/","name":"The Ritz-Carlton Residences, Miami Beach | Miami Beach Luxury Condos - New Miami Condos for Sale","description":"Discover the Private Side of Miami Beach","potentialAction":[{"@type":"SearchAction","target":{"@type":"EntryPoint","urlTemplate":"https:\/\/theresidencesmiamibeach.com\/?s={search_term_string}"},"query-input":{"@type":"PropertyValueSpecification","valueRequired":true,"valueName":"search_term_string"}}],"inLanguage":"es-ES"}]}},"_links":{"self":[{"href":"https:\/\/theresidencesmiamibeach.com\/es\/wp-json\/wp\/v2\/pages\/1301\/"}],"collection":[{"href":"https:\/\/theresidencesmiamibeach.com\/es\/wp-json\/wp\/v2\/pages\/"}],"about":[{"href":"https:\/\/theresidencesmiamibeach.com\/es\/wp-json\/wp\/v2\/types\/page\/"}],"author":[{"embeddable":true,"href":"https:\/\/theresidencesmiamibeach.com\/es\/wp-json\/wp\/v2\/users\/2\/"}],"replies":[{"embeddable":true,"href":"https:\/\/theresidencesmiamibeach.com\/es\/wp-json\/wp\/v2\/comments\/?post=1301"}],"version-history":[{"count":0,"href":"https:\/\/theresidencesmiamibeach.com\/es\/wp-json\/wp\/v2\/pages\/1301\/revisions\/"}],"up":[{"embeddable":true,"href":"https:\/\/theresidencesmiamibeach.com\/es\/wp-json\/wp\/v2\/pages\/1298\/"}],"wp:featuredmedia":[{"embeddable":true,"href":"https:\/\/theresidencesmiamibeach.com\/es\/wp-json\/wp\/v2\/media\/5790\/"}],"wp:attachment":[{"href":"https:\/\/theresidencesmiamibeach.com\/es\/wp-json\/wp\/v2\/media\/?parent=1301"}],"curies":[{"name":"wp","href":"https:\/\/api.w.org\/{rel}","templated":true}]}}