{"id":1302,"date":"2015-12-01T16:56:09","date_gmt":"2015-12-01T21:56:09","guid":{"rendered":"http:\/\/ritz.dev\/services\/?lang=es"},"modified":"2018-12-06T16:27:52","modified_gmt":"2018-12-06T21:27:52","slug":"servicios-y-comodidades","status":"publish","type":"page","link":"https:\/\/theresidencesmiamibeach.com\/es\/servicios-y-comodidades\/","title":{"rendered":"Servicios y Comodidades"},"content":{"rendered":"<h5>NATURALEZA Y COMODIDAD<\/h5>\n<h2>LA REGLA DE ORO DE THE RITZ-CARLTON ES BRINDAR SERVICIOS CON SINCERIDAD, INTEGRIDAD, DISCRECI\u00d3N Y RESPETO<\/h2>\n<p>Ahora, los propietarios de las residencias pueden disfrutar del mismo servicio de concierge que los hu\u00e9spedes de los hoteles The Ritz-Carlton de todo el mundo, al igual que aprovechar de los beneficios que ofrecen nuestro personal atento y las instalaciones privadas para el uso exclusivo de los propietarios. Gracias a d\u00e9cadas de experiencia, The Ritz-Carlton ha perfeccionado el arte de convertir la vida residencial en una experiencia de resort de lujo al satisfacer las expectativas m\u00e1s grandes.<\/p>\n<p>Junto con los servicios de concierge, The Residences, Miami Beach ofrece una piscina ubicada en la terraza con paisajes tropicales y una amplia piscina desbordante, jacuzzi, amplias caba\u00f1as y un Grille privado; Club Room con un bar, golf virtual, mesa de billar y sala de proyecci\u00f3n estilo cinema; una marina e incluso un yate privado diurno. Pero estos son tan s\u00f3lo algunos de los detalles que elevan The Residences a nuevas alturas en comparaciones con otros proyectos residenciales de Miami. Simplemente, no hay comparaci\u00f3n.<\/p>\n<div class=\"sub_menu\">\n<ul>\n<li><a href=\"\/es\/servicios-y-comodidades\/lista-de-servicios-y-comodidades\/\">Lista de Servicios y Comodidades<\/a><\/li>\n<li><a href=\"\/es\/galeria\/#category=servicios-y-comodidades&#038;index=0\">Galeri\u00e1 de Servicios y Comodidades<\/a><\/li>\n<li><a href=\"\/es\/servicios-y-comodidades\/the-ritz-carlton\/\">The Ritz-Carlton<\/a><\/li>\n<\/ul>\n<\/div>\n","protected":false},"excerpt":{"rendered":"<p>NATURALEZA Y COMODIDAD LA REGLA DE ORO DE THE RITZ-CARLTON ES BRINDAR SERVICIOS CON SINCERIDAD, INTEGRIDAD, DISCRECI\u00d3N Y RESPETO Ahora, [&hellip;]<\/p>\n","protected":false},"author":2,"featured_media":5816,"parent":0,"menu_order":9,"comment_status":"closed","ping_status":"closed","template":"views\/slim.php","meta":{"_acf_changed":false,"footnotes":""},"class_list":["post-1302","page","type-page","status-publish","has-post-thumbnail","hentry"],"acf":[],"yoast_head":"<!-- This site is optimized with the Yoast SEO plugin v26.2 - https:\/\/yoast.com\/wordpress\/plugins\/seo\/ -->\n<title>Servicios |\u00a0The Ritz-Carlton Residences Miami Beach | Miami Beach Condos<\/title>\n<meta name=\"description\" content=\"Repiense la vida en un condominio en Miami Beach con un dise\u00f1o moderno y elegante en The Ritz-Carlton Residences Miami Beach\" \/>\n<meta name=\"robots\" content=\"index, follow, max-snippet:-1, max-image-preview:large, max-video-preview:-1\" \/>\n<link rel=\"canonical\" href=\"https:\/\/theresidencesmiamibeach.com\/es\/servicios-y-comodidades\/\" \/>\n<meta property=\"og:locale\" content=\"es_ES\" \/>\n<meta property=\"og:type\" content=\"article\" \/>\n<meta property=\"og:title\" content=\"Servicios |\u00a0The Ritz-Carlton Residences Miami Beach | Miami Beach Condos\" \/>\n<meta property=\"og:description\" content=\"Repiense la vida en un condominio en Miami Beach con un dise\u00f1o moderno y elegante en The Ritz-Carlton Residences Miami Beach\" \/>\n<meta property=\"og:url\" content=\"https:\/\/theresidencesmiamibeach.com\/es\/servicios-y-comodidades\/\" \/>\n<meta property=\"og:site_name\" content=\"The Ritz-Carlton Residences, Miami Beach | Miami Luxury Condos - Miami Condos for Sale\" \/>\n<meta property=\"article:publisher\" content=\"https:\/\/www.facebook.com\/TheResidencesMiamiBeach\/\" \/>\n<meta property=\"article:modified_time\" content=\"2018-12-06T21:27:52+00:00\" \/>\n<meta property=\"og:image\" content=\"https:\/\/theresidencesmiamibeach.com\/wp-content\/uploads\/2015\/12\/ritz-carlton-miami-beach-sunrise-view.jpg\" \/>\n\t<meta property=\"og:image:width\" content=\"1920\" \/>\n\t<meta property=\"og:image:height\" content=\"1178\" \/>\n\t<meta property=\"og:image:type\" content=\"image\/jpeg\" \/>\n<meta name=\"twitter:card\" content=\"summary_large_image\" \/>\n<meta name=\"twitter:label1\" content=\"Est. reading time\" \/>\n\t<meta name=\"twitter:data1\" content=\"1 minute\" \/>\n<script type=\"application\/ld+json\" class=\"yoast-schema-graph\">{\"@context\":\"https:\/\/schema.org\",\"@graph\":[{\"@type\":\"WebPage\",\"@id\":\"https:\/\/theresidencesmiamibeach.com\/es\/servicios-y-comodidades\/\",\"url\":\"https:\/\/theresidencesmiamibeach.com\/es\/servicios-y-comodidades\/\",\"name\":\"Servicios |\u00a0The Ritz-Carlton Residences Miami Beach | Miami Beach Condos\",\"isPartOf\":{\"@id\":\"https:\/\/theresidencesmiamibeach.com\/#website\"},\"primaryImageOfPage\":{\"@id\":\"https:\/\/theresidencesmiamibeach.com\/es\/servicios-y-comodidades\/#primaryimage\"},\"image\":{\"@id\":\"https:\/\/theresidencesmiamibeach.com\/es\/servicios-y-comodidades\/#primaryimage\"},\"thumbnailUrl\":\"https:\/\/theresidencesmiamibeach.com\/wp-content\/uploads\/2015\/12\/ritz-carlton-miami-beach-sunrise-view.jpg\",\"datePublished\":\"2015-12-01T21:56:09+00:00\",\"dateModified\":\"2018-12-06T21:27:52+00:00\",\"description\":\"Repiense la vida en un condominio en Miami Beach con un dise\u00f1o moderno y elegante en The Ritz-Carlton Residences Miami Beach\",\"breadcrumb\":{\"@id\":\"https:\/\/theresidencesmiamibeach.com\/es\/servicios-y-comodidades\/#breadcrumb\"},\"inLanguage\":\"es-ES\",\"potentialAction\":[{\"@type\":\"ReadAction\",\"target\":[\"https:\/\/theresidencesmiamibeach.com\/es\/servicios-y-comodidades\/\"]}]},{\"@type\":\"ImageObject\",\"inLanguage\":\"es-ES\",\"@id\":\"https:\/\/theresidencesmiamibeach.com\/es\/servicios-y-comodidades\/#primaryimage\",\"url\":\"https:\/\/theresidencesmiamibeach.com\/wp-content\/uploads\/2015\/12\/ritz-carlton-miami-beach-sunrise-view.jpg\",\"contentUrl\":\"https:\/\/theresidencesmiamibeach.com\/wp-content\/uploads\/2015\/12\/ritz-carlton-miami-beach-sunrise-view.jpg\",\"width\":1920,\"height\":1178,\"caption\":\"A brilliant sunrise over the preconstruction miami condos at The Ritz-Carlton Residences, Miami Beach\"},{\"@type\":\"BreadcrumbList\",\"@id\":\"https:\/\/theresidencesmiamibeach.com\/es\/servicios-y-comodidades\/#breadcrumb\",\"itemListElement\":[{\"@type\":\"ListItem\",\"position\":1,\"name\":\"Home\",\"item\":\"https:\/\/theresidencesmiamibeach.com\/es\/\"},{\"@type\":\"ListItem\",\"position\":2,\"name\":\"Servicios y Comodidades\"}]},{\"@type\":\"WebSite\",\"@id\":\"https:\/\/theresidencesmiamibeach.com\/#website\",\"url\":\"https:\/\/theresidencesmiamibeach.com\/\",\"name\":\"The Ritz-Carlton Residences, Miami Beach | Miami Beach Luxury Condos - New Miami Condos for Sale\",\"description\":\"Discover the Private Side of Miami Beach\",\"potentialAction\":[{\"@type\":\"SearchAction\",\"target\":{\"@type\":\"EntryPoint\",\"urlTemplate\":\"https:\/\/theresidencesmiamibeach.com\/?s={search_term_string}\"},\"query-input\":{\"@type\":\"PropertyValueSpecification\",\"valueRequired\":true,\"valueName\":\"search_term_string\"}}],\"inLanguage\":\"es-ES\"}]}<\/script>\n<!-- \/ Yoast SEO plugin. -->","yoast_head_json":{"title":"Servicios |\u00a0The Ritz-Carlton Residences Miami Beach | Miami Beach Condos","description":"Repiense la vida en un condominio en Miami Beach con un dise\u00f1o moderno y elegante en The Ritz-Carlton Residences Miami Beach","robots":{"index":"index","follow":"follow","max-snippet":"max-snippet:-1","max-image-preview":"max-image-preview:large","max-video-preview":"max-video-preview:-1"},"canonical":"https:\/\/theresidencesmiamibeach.com\/es\/servicios-y-comodidades\/","og_locale":"es_ES","og_type":"article","og_title":"Servicios |\u00a0The Ritz-Carlton Residences Miami Beach | Miami Beach Condos","og_description":"Repiense la vida en un condominio en Miami Beach con un dise\u00f1o moderno y elegante en The Ritz-Carlton Residences Miami Beach","og_url":"https:\/\/theresidencesmiamibeach.com\/es\/servicios-y-comodidades\/","og_site_name":"The Ritz-Carlton Residences, Miami Beach | Miami Luxury Condos - Miami Condos for Sale","article_publisher":"https:\/\/www.facebook.com\/TheResidencesMiamiBeach\/","article_modified_time":"2018-12-06T21:27:52+00:00","og_image":[{"width":1920,"height":1178,"url":"https:\/\/theresidencesmiamibeach.com\/wp-content\/uploads\/2015\/12\/ritz-carlton-miami-beach-sunrise-view.jpg","type":"image\/jpeg"}],"twitter_card":"summary_large_image","twitter_misc":{"Est. reading time":"1 minute"},"schema":{"@context":"https:\/\/schema.org","@graph":[{"@type":"WebPage","@id":"https:\/\/theresidencesmiamibeach.com\/es\/servicios-y-comodidades\/","url":"https:\/\/theresidencesmiamibeach.com\/es\/servicios-y-comodidades\/","name":"Servicios |\u00a0The Ritz-Carlton Residences Miami Beach | Miami Beach Condos","isPartOf":{"@id":"https:\/\/theresidencesmiamibeach.com\/#website"},"primaryImageOfPage":{"@id":"https:\/\/theresidencesmiamibeach.com\/es\/servicios-y-comodidades\/#primaryimage"},"image":{"@id":"https:\/\/theresidencesmiamibeach.com\/es\/servicios-y-comodidades\/#primaryimage"},"thumbnailUrl":"https:\/\/theresidencesmiamibeach.com\/wp-content\/uploads\/2015\/12\/ritz-carlton-miami-beach-sunrise-view.jpg","datePublished":"2015-12-01T21:56:09+00:00","dateModified":"2018-12-06T21:27:52+00:00","description":"Repiense la vida en un condominio en Miami Beach con un dise\u00f1o moderno y elegante en The Ritz-Carlton Residences Miami Beach","breadcrumb":{"@id":"https:\/\/theresidencesmiamibeach.com\/es\/servicios-y-comodidades\/#breadcrumb"},"inLanguage":"es-ES","potentialAction":[{"@type":"ReadAction","target":["https:\/\/theresidencesmiamibeach.com\/es\/servicios-y-comodidades\/"]}]},{"@type":"ImageObject","inLanguage":"es-ES","@id":"https:\/\/theresidencesmiamibeach.com\/es\/servicios-y-comodidades\/#primaryimage","url":"https:\/\/theresidencesmiamibeach.com\/wp-content\/uploads\/2015\/12\/ritz-carlton-miami-beach-sunrise-view.jpg","contentUrl":"https:\/\/theresidencesmiamibeach.com\/wp-content\/uploads\/2015\/12\/ritz-carlton-miami-beach-sunrise-view.jpg","width":1920,"height":1178,"caption":"A brilliant sunrise over the preconstruction miami condos at The Ritz-Carlton Residences, Miami Beach"},{"@type":"BreadcrumbList","@id":"https:\/\/theresidencesmiamibeach.com\/es\/servicios-y-comodidades\/#breadcrumb","itemListElement":[{"@type":"ListItem","position":1,"name":"Home","item":"https:\/\/theresidencesmiamibeach.com\/es\/"},{"@type":"ListItem","position":2,"name":"Servicios y Comodidades"}]},{"@type":"WebSite","@id":"https:\/\/theresidencesmiamibeach.com\/#website","url":"https:\/\/theresidencesmiamibeach.com\/","name":"The Ritz-Carlton Residences, Miami Beach | Miami Beach Luxury Condos - New Miami Condos for Sale","description":"Discover the Private Side of Miami Beach","potentialAction":[{"@type":"SearchAction","target":{"@type":"EntryPoint","urlTemplate":"https:\/\/theresidencesmiamibeach.com\/?s={search_term_string}"},"query-input":{"@type":"PropertyValueSpecification","valueRequired":true,"valueName":"search_term_string"}}],"inLanguage":"es-ES"}]}},"_links":{"self":[{"href":"https:\/\/theresidencesmiamibeach.com\/es\/wp-json\/wp\/v2\/pages\/1302\/"}],"collection":[{"href":"https:\/\/theresidencesmiamibeach.com\/es\/wp-json\/wp\/v2\/pages\/"}],"about":[{"href":"https:\/\/theresidencesmiamibeach.com\/es\/wp-json\/wp\/v2\/types\/page\/"}],"author":[{"embeddable":true,"href":"https:\/\/theresidencesmiamibeach.com\/es\/wp-json\/wp\/v2\/users\/2\/"}],"replies":[{"embeddable":true,"href":"https:\/\/theresidencesmiamibeach.com\/es\/wp-json\/wp\/v2\/comments\/?post=1302"}],"version-history":[{"count":0,"href":"https:\/\/theresidencesmiamibeach.com\/es\/wp-json\/wp\/v2\/pages\/1302\/revisions\/"}],"wp:featuredmedia":[{"embeddable":true,"href":"https:\/\/theresidencesmiamibeach.com\/es\/wp-json\/wp\/v2\/media\/5816\/"}],"wp:attachment":[{"href":"https:\/\/theresidencesmiamibeach.com\/es\/wp-json\/wp\/v2\/media\/?parent=1302"}],"curies":[{"name":"wp","href":"https:\/\/api.w.org\/{rel}","templated":true}]}}