{"id":1304,"date":"2015-12-01T16:56:29","date_gmt":"2015-12-01T21:56:29","guid":{"rendered":"http:\/\/ritz.dev\/services\/services-list\/?lang=es"},"modified":"2018-12-05T09:23:18","modified_gmt":"2018-12-05T14:23:18","slug":"lista-de-servicios-y-comodidades","status":"publish","type":"page","link":"https:\/\/theresidencesmiamibeach.com\/es\/servicios-y-comodidades\/lista-de-servicios-y-comodidades\/","title":{"rendered":"Lista de Servicios y Comodidades"},"content":{"rendered":"<h2 style=\"margin-bottom:10px;\">NATURALEZA Y COMODIDAD<\/h2>\n<h3 style=\"text-align:center;margin-bottom:30px;\">Es una tradici\u00f3n de excelencia<\/h3>\n<div class=\"content\">\n<div class=\"su-row\">\n<div class=\"su-column su-column-size-1-2\"><div class=\"su-column-inner su-u-clearfix su-u-trim\">\n<ul>\n<li>Reservaciones para aerol\u00edneas y vuelos privados<\/li>\n<li>Coordinaci\u00f3n de transporte terrestre y para aeropuerto<\/li>\n<li>Reservaciones para alquiler de carros<\/li>\n<li>Alquiler de limusinas<\/li>\n<li>Reservaciones para servicios de transporte<\/li>\n<li>Reservaciones para hoteles de The Ritz-Carlton<\/li>\n<li>Reservaciones e informaci\u00f3n de restaurantes<\/li>\n<li>Reservaciones para spa y salones<\/li>\n<li>Servicios de notariado p\u00fablico<\/li>\n<li>Informaci\u00f3n y reservaciones para cuidado de mascotas y perreras<\/li>\n<li>Informaci\u00f3n de obras de teatro y entretenimiento<\/li>\n<\/ul>\n<\/div><\/div>\n<div class=\"su-column su-column-size-1-2\"><div class=\"su-column-inner su-u-clearfix su-u-trim\">\n<ul>\n<li>Informaci\u00f3n de entrenadores personales<\/li>\n<li>Llamadas de despertador<\/li>\n<li>Coordinaci\u00f3n de actividades<\/li>\n<li>Reservaciones para campos de golf<\/li>\n<li>Servicios de comidas y catering en las residencias<\/li>\n<li>Reservaciones e informaci\u00f3n de recorridos tur\u00edsticos<\/li>\n<li>Informaci\u00f3n de compras<\/li>\n<li>Coordinaci\u00f3n para ordenar arreglos florales<\/li>\n<li>Servicios de env\u00edos por la noche<\/li>\n<li>Centro de negocios<\/li>\n<li>Entrega de correo y paquetes<\/li>\n<li>Entrega de peri\u00f3dicos<\/li>\n<li>Servicios de traducci\u00f3n<\/li>\n<\/ul>\n<\/div><\/div>\n<\/div>\n<div class=\"su-row\">\n<div class=\"su-column su-column-size-1-1 su-column-centered\"><div class=\"su-column-inner su-u-clearfix su-u-trim\">\n<hr \/>\n<\/div><\/div>\n<\/div>\n<div class=\"su-row\">\n<div class=\"su-column su-column-size-1-1 su-column-centered\"><div class=\"su-column-inner su-u-clearfix su-u-trim\">\n<div id=\"su_carousel_69eb95ab9c202\" class=\"su-carousel su-carousel-centered su-carousel-pages-no su-carousel-responsive-yes su-lightbox-gallery\" style=\"width:100%\" data-autoplay=\"0\" data-speed=\"600\" data-mousewheel=\"false\" data-items=\"3\" data-scroll=\"1\"><div class=\"su-carousel-slides\"><div class=\"su-carousel-slide\"><a href=\"https:\/\/theresidencesmiamibeach.com\/wp-content\/uploads\/2018\/12\/Condos-in-Miami-Beach-Marina.jpg\" title=\"The Ritz-Carlton Residences, Miami Beach\"><img decoding=\"async\" src=\"https:\/\/theresidencesmiamibeach.com\/wp-content\/uploads\/2018\/12\/Condos-in-Miami-Beach-Marina-229x150.jpg\" alt=\"The Ritz-Carlton Residences, Miami Beach\" \/><\/a><\/div><div class=\"su-carousel-slide\"><a href=\"https:\/\/theresidencesmiamibeach.com\/wp-content\/uploads\/2018\/12\/Condos-in-Miami-Beach-Pool.jpg\" title=\"The Ritz-Carlton Residences, Miami Beach\"><img decoding=\"async\" src=\"https:\/\/theresidencesmiamibeach.com\/wp-content\/uploads\/2018\/12\/Condos-in-Miami-Beach-Pool-229x150.jpg\" alt=\"The Ritz-Carlton Residences, Miami Beach\" \/><\/a><\/div><div class=\"su-carousel-slide\"><a href=\"https:\/\/theresidencesmiamibeach.com\/wp-content\/uploads\/2018\/12\/Condos-in-Miami-Beach-Spa.jpg\" title=\"The Ritz-Carlton Residences, Miami Beach\"><img decoding=\"async\" src=\"https:\/\/theresidencesmiamibeach.com\/wp-content\/uploads\/2018\/12\/Condos-in-Miami-Beach-Spa-229x150.jpg\" alt=\"The Ritz-Carlton Residences, Miami Beach\" \/><\/a><\/div><div class=\"su-carousel-slide\"><a href=\"https:\/\/theresidencesmiamibeach.com\/wp-content\/uploads\/2018\/12\/dbox_Lobby.jpg\" title=\"The Ritz-Carlton Residences, Miami Beach\"><img decoding=\"async\" src=\"https:\/\/theresidencesmiamibeach.com\/wp-content\/uploads\/2018\/12\/dbox_Lobby-229x150.jpg\" alt=\"The Ritz-Carlton Residences, Miami Beach\" \/><\/a><\/div><div class=\"su-carousel-slide\"><a href=\"https:\/\/theresidencesmiamibeach.com\/wp-content\/uploads\/2018\/12\/Luxury-Condos-in-Miami-Beach-Pool.jpg\" title=\"The Ritz-Carlton Residences, Miami Beach\"><img decoding=\"async\" src=\"https:\/\/theresidencesmiamibeach.com\/wp-content\/uploads\/2018\/12\/Luxury-Condos-in-Miami-Beach-Pool-229x150.jpg\" alt=\"The Ritz-Carlton Residences, Miami Beach\" \/><\/a><\/div><div class=\"su-carousel-slide\"><a href=\"https:\/\/theresidencesmiamibeach.com\/wp-content\/uploads\/2018\/12\/ritz-carlton-miami-beach-art-studio-1.jpg\" title=\"The Ritz-Carlton Residences, Miami Beach\"><img decoding=\"async\" src=\"https:\/\/theresidencesmiamibeach.com\/wp-content\/uploads\/2018\/12\/ritz-carlton-miami-beach-art-studio-1-229x150.jpg\" alt=\"The Ritz-Carlton Residences, Miami Beach\" \/><\/a><\/div><div class=\"su-carousel-slide\"><a href=\"https:\/\/theresidencesmiamibeach.com\/wp-content\/uploads\/2018\/12\/ritz-carlton-miami-beach-art-studio-2.jpg\" title=\"The Ritz-Carlton Residences, Miami Beach\"><img decoding=\"async\" src=\"https:\/\/theresidencesmiamibeach.com\/wp-content\/uploads\/2018\/12\/ritz-carlton-miami-beach-art-studio-2-229x150.jpg\" alt=\"The Ritz-Carlton Residences, Miami Beach\" \/><\/a><\/div><div class=\"su-carousel-slide\"><a href=\"https:\/\/theresidencesmiamibeach.com\/wp-content\/uploads\/2018\/12\/ritz-carlton-miami-beach-cinema-room.jpg\" title=\"The Ritz-Carlton Residences, Miami Beach\"><img decoding=\"async\" src=\"https:\/\/theresidencesmiamibeach.com\/wp-content\/uploads\/2018\/12\/ritz-carlton-miami-beach-cinema-room-229x150.jpg\" alt=\"The Ritz-Carlton Residences, Miami Beach\" \/><\/a><\/div><div class=\"su-carousel-slide\"><a href=\"https:\/\/theresidencesmiamibeach.com\/wp-content\/uploads\/2018\/12\/ritz-carlton-miami-beach-club-room.jpg\" title=\"The Ritz-Carlton Residences, Miami Beach\"><img decoding=\"async\" src=\"https:\/\/theresidencesmiamibeach.com\/wp-content\/uploads\/2018\/12\/ritz-carlton-miami-beach-club-room-229x150.jpg\" alt=\"The Ritz-Carlton Residences, Miami Beach\" \/><\/a><\/div><div class=\"su-carousel-slide\"><a href=\"https:\/\/theresidencesmiamibeach.com\/wp-content\/uploads\/2018\/12\/ritz-carlton-miami-beach-meditation-garden.jpg\" title=\"The Ritz-Carlton Residences, Miami Beach\"><img decoding=\"async\" src=\"https:\/\/theresidencesmiamibeach.com\/wp-content\/uploads\/2018\/12\/ritz-carlton-miami-beach-meditation-garden-229x150.jpg\" alt=\"The Ritz-Carlton Residences, Miami Beach\" \/><\/a><\/div><div class=\"su-carousel-slide\"><a href=\"https:\/\/theresidencesmiamibeach.com\/wp-content\/uploads\/2018\/12\/ritz-carlton-residences-miami-beach-condos-lobby-east.jpg\" title=\"The Ritz-Carlton Residences, Miami Beach\"><img decoding=\"async\" src=\"https:\/\/theresidencesmiamibeach.com\/wp-content\/uploads\/2018\/12\/ritz-carlton-residences-miami-beach-condos-lobby-east-229x150.jpg\" alt=\"The Ritz-Carlton Residences, Miami Beach\" \/><\/a><\/div><div class=\"su-carousel-slide\"><a href=\"https:\/\/theresidencesmiamibeach.com\/wp-content\/uploads\/2018\/12\/ritz-carlton-residences-miami-beach-day-yacht-1.jpg\" title=\"The Ritz-Carlton Residences, Miami Beach\"><img decoding=\"async\" src=\"https:\/\/theresidencesmiamibeach.com\/wp-content\/uploads\/2018\/12\/ritz-carlton-residences-miami-beach-day-yacht-1-229x150.jpg\" alt=\"The Ritz-Carlton Residences, Miami Beach\" \/><\/a><\/div><div class=\"su-carousel-slide\"><a href=\"https:\/\/theresidencesmiamibeach.com\/wp-content\/uploads\/2018\/12\/ritz-carlton-residences-miami-beach-day-yacht-2.jpg\" title=\"The Ritz-Carlton Residences, Miami Beach\"><img decoding=\"async\" src=\"https:\/\/theresidencesmiamibeach.com\/wp-content\/uploads\/2018\/12\/ritz-carlton-residences-miami-beach-day-yacht-2-229x150.jpg\" alt=\"The Ritz-Carlton Residences, Miami Beach\" \/><\/a><\/div><\/div><div class=\"su-carousel-nav\"><div class=\"su-carousel-direction\"><span class=\"su-carousel-prev\"><\/span><span class=\"su-carousel-next\"><\/span><\/div><div class=\"su-carousel-pagination\"><\/div><\/div><\/div>\n<\/div><\/div>\n<\/div>\n<div class=\"su-row\">\n<div class=\"su-column su-column-size-1-1 su-column-centered\"><div class=\"su-column-inner su-u-clearfix su-u-trim\">\n<hr \/>\n<\/div><\/div>\n<\/div>\n<div class=\"su-row\">\n<div class=\"su-column su-column-size-1-1 su-column-centered\"><div class=\"su-column-inner su-u-clearfix su-u-trim\">\n<h3 style=\"text-align:center;\">SERVICIOS A LA CARTA<\/h3>\n<\/div><\/div>\n<\/div>\n<div class=\"su-row\">\n<div class=\"su-column su-column-size-1-2\"><div class=\"su-column-inner su-u-clearfix su-u-trim\">\n<ul>\n<li>Compra de v\u00edveres<\/li>\n<li>Compras personales<\/li>\n<li>Planificaci\u00f3n de viajes y vacaciones<\/li>\n<li>Fotocopias, telegramas y faxes<\/li>\n<li>Planificaci\u00f3n de funciones y eventos<\/li>\n<li>Env\u00edos de correo y paquetes<\/li>\n<li>Servicio de sastrer\u00eda y alteraciones<\/li>\n<li>Servicio de lavander\u00eda<\/li>\n<li>Lavado de carros<\/li>\n<li>Programa de propietarios ausentes<\/li>\n<\/ul>\n<\/div><\/div>\n<div class=\"su-column su-column-size-1-2\"><div class=\"su-column-inner su-u-clearfix su-u-trim\">\n<ul>\n<li>Yates privados diurnos y nocturnos para residentes<\/li>\n<li>Coordinaci\u00f3n para alquiler de equipos<\/li>\n<li>Servicios de secretaria<\/li>\n<li>Cuidado y mantenimiento de plantas<\/li>\n<li>Tecnolog\u00eda para computadoras<\/li>\n<li>Chef personal<\/li>\n<li>Caminador de perros<\/li>\n<li>Coordinaci\u00f3n para ni\u00f1eras y cuidados infantiles<\/li>\n<li>Preparaci\u00f3n e inventario de llegada<\/li>\n<\/ul>\n<\/div><\/div>\n<\/div>\n<div class=\"su-row\">\n<div class=\"su-column su-column-size-1-1 su-column-centered\"><div class=\"su-column-inner su-u-clearfix su-u-trim\">\n<h3 class=\"notice\">*Disponible a petici\u00f3n. Algunos servicios pueden incurrir cargos adicionales. Algunos servicios se prestan a trav\u00e9s de terceros.<\/h3>\n<\/div><\/div>\n<\/div>\n<div class=\"su-row\">\n<div class=\"su-column su-column-size-1-1 su-column-centered\"><div class=\"su-column-inner su-u-clearfix su-u-trim\">\n<hr \/>\n<\/div><\/div>\n<\/div>\n<\/div>\n<h2 style=\"margin-bottom:10px;\">ELEGANCIA SENCILLA<\/h2>\n<h3 style=\"text-align:center;margin-bottom:30px;\">EL ARQUITECTO PIERO LISSONI HACE DEL MINIMALISMO UNA EXPERIENCIA<\/h3>\n<div class=\"content\">\n<div class=\"su-row\">\n<div class=\"su-column su-column-size-1-2\"><div class=\"su-column-inner su-u-clearfix su-u-trim\">\n<ul>\n<li>Piscina en la terraza con jardineria tropical en un \u00e1rea que abarca medio acre y ofrece vistas imponentes tanto de Miami Beach como de Downtown Miami y Biscayne Bay<\/li>\n<li>Acceso durante el d\u00eda al yate privado<\/li>\n<li>36 amarres privados para botes<\/li>\n<li>Servicios de concierge para acceso al club de playa<\/li>\n<li>Dos vest\u00edbulos disponibles las 24 horas<\/li>\n<li>Servicio de valet las 24 horas<\/li>\n<li>\u00c1rea social con bar y vista al mar, cocina de servicios y sistema de entretenimiento de \u00faltima generaci\u00f3n<\/li>\n<li>Amplia piscina desbordante con cascada<\/li>\n<li>Amplias caba\u00f1as privadas en el \u00e1rea de la piscina<\/li>\n<li>Jacuzzi<\/li>\n<\/ul>\n<\/div><\/div>\n<div class=\"su-column su-column-size-1-2\"><div class=\"su-column-inner su-u-clearfix su-u-trim\">\n<ul>\n<li>Restaurante Grille en el \u00e1rea de la piscina<\/li>\n<li>\u00c1rea privada para barbacoas y comidas<\/li>\n<li>Jard\u00edn de meditaci\u00f3n<\/li>\n<li>Club Room con car, simulador multi-deporte y mesa de billar<\/li>\n<li>Sala de proyecci\u00f3n estilo cinema<\/li>\n<li>Spa con ba\u00f1o turco, sauna y suite de tratamientos<\/li>\n<li>Gimnasio equipado con lo \u00faltimo en tecnolog\u00eda<\/li>\n<li>Estudios de yoga interiores y al aire libre<\/li>\n<li>Sala de conferencias y biblioteca<\/li>\n<li>Atelier<\/li>\n<li>Sala infantil<\/li>\n<li>Instalaciones para lavado de carros<\/li>\n<li>Caminador de perros<\/li>\n<li>Cuarto de aseo para mascotas<\/li>\n<li>N\u00famero limitado de suites a la venta para hu\u00e9spedes<\/li>\n<\/ul>\n<\/div><\/div>\n<\/div>\n<div class=\"su-row\">\n<div class=\"su-column su-column-size-1-1 su-column-centered\"><div class=\"su-column-inner su-u-clearfix su-u-trim\">\n<hr \/>\n<\/div><\/div>\n<\/div>\n<div class=\"su-row\">\n<div class=\"su-column su-column-size-1-1 su-column-centered\"><div class=\"su-column-inner su-u-clearfix su-u-trim\">\n<div id=\"su_carousel_69eb95ab9d8db\" class=\"su-carousel su-carousel-centered su-carousel-pages-no su-carousel-responsive-yes su-lightbox-gallery\" style=\"width:100%\" data-autoplay=\"0\" data-speed=\"600\" data-mousewheel=\"false\" data-items=\"3\" data-scroll=\"1\"><div class=\"su-carousel-slides\"><div class=\"su-carousel-slide\"><a href=\"https:\/\/theresidencesmiamibeach.com\/wp-content\/uploads\/2018\/12\/Luxury-Condos-in-Miami-Beach-Poolbar.jpg\" title=\"The Ritz-Carlton Residences, Miami Beach\"><img decoding=\"async\" src=\"https:\/\/theresidencesmiamibeach.com\/wp-content\/uploads\/2018\/12\/Luxury-Condos-in-Miami-Beach-Poolbar-229x150.jpg\" alt=\"The Ritz-Carlton Residences, Miami Beach\" \/><\/a><\/div><div class=\"su-carousel-slide\"><a href=\"https:\/\/theresidencesmiamibeach.com\/wp-content\/uploads\/2018\/12\/Luxury-Condos-in-Miami-Beach-Pool-1.jpg\" title=\"The Ritz-Carlton Residences, Miami Beach\"><img decoding=\"async\" src=\"https:\/\/theresidencesmiamibeach.com\/wp-content\/uploads\/2018\/12\/Luxury-Condos-in-Miami-Beach-Pool-1-229x150.jpg\" alt=\"The Ritz-Carlton Residences, Miami Beach\" \/><\/a><\/div><div class=\"su-carousel-slide\"><a href=\"https:\/\/theresidencesmiamibeach.com\/wp-content\/uploads\/2018\/12\/Luxury-Condos-in-Miami-Beach-Lobby.jpg\" title=\"The Ritz-Carlton Residences, Miami Beach\"><img decoding=\"async\" src=\"https:\/\/theresidencesmiamibeach.com\/wp-content\/uploads\/2018\/12\/Luxury-Condos-in-Miami-Beach-Lobby-229x150.jpg\" alt=\"The Ritz-Carlton Residences, Miami Beach\" \/><\/a><\/div><div class=\"su-carousel-slide\"><a href=\"https:\/\/theresidencesmiamibeach.com\/wp-content\/uploads\/2018\/12\/Luxury-Condos-in-Miami-Beach-Garden.jpg\" title=\"The Ritz-Carlton Residences, Miami Beach\"><img decoding=\"async\" src=\"https:\/\/theresidencesmiamibeach.com\/wp-content\/uploads\/2018\/12\/Luxury-Condos-in-Miami-Beach-Garden-229x150.jpg\" alt=\"The Ritz-Carlton Residences, Miami Beach\" \/><\/a><\/div><\/div><div class=\"su-carousel-nav\"><div class=\"su-carousel-direction\"><span class=\"su-carousel-prev\"><\/span><span class=\"su-carousel-next\"><\/span><\/div><div class=\"su-carousel-pagination\"><\/div><\/div><\/div>\n<\/div><\/div>\n<\/div>\n<\/div>\n","protected":false},"excerpt":{"rendered":"<p>NATURALEZA Y COMODIDAD Es una tradici\u00f3n de excelencia ELEGANCIA SENCILLA EL ARQUITECTO PIERO LISSONI HACE DEL MINIMALISMO UNA EXPERIENCIA<\/p>\n","protected":false},"author":2,"featured_media":5869,"parent":1302,"menu_order":1,"comment_status":"closed","ping_status":"closed","template":"views\/page.php","meta":{"_acf_changed":false,"footnotes":""},"class_list":["post-1304","page","type-page","status-publish","has-post-thumbnail","hentry"],"acf":[],"yoast_head":"<!-- This site is optimized with the Yoast SEO plugin v26.2 - https:\/\/yoast.com\/wordpress\/plugins\/seo\/ -->\n<title>Lista de Servicios |\u00a0The Ritz-Carlton Residences, Miami Beach | The Ritz Carlton Miami Beach Condos<\/title>\n<meta name=\"description\" content=\"Vea la lista de servicios y comodidades de lujo en The Ritz-Carlton Residences, Miami Beach\" \/>\n<meta name=\"robots\" content=\"index, follow, max-snippet:-1, max-image-preview:large, max-video-preview:-1\" \/>\n<link rel=\"canonical\" href=\"https:\/\/theresidencesmiamibeach.com\/es\/servicios-y-comodidades\/lista-de-servicios-y-comodidades\/\" \/>\n<meta property=\"og:locale\" content=\"es_ES\" \/>\n<meta property=\"og:type\" content=\"article\" \/>\n<meta property=\"og:title\" content=\"Lista de Servicios |\u00a0The Ritz-Carlton Residences, Miami Beach | The Ritz Carlton Miami Beach Condos\" \/>\n<meta property=\"og:description\" content=\"Vea la lista de servicios y comodidades de lujo en The Ritz-Carlton Residences, Miami Beach\" \/>\n<meta property=\"og:url\" content=\"https:\/\/theresidencesmiamibeach.com\/es\/servicios-y-comodidades\/lista-de-servicios-y-comodidades\/\" \/>\n<meta property=\"og:site_name\" content=\"The Ritz-Carlton Residences, Miami Beach | Miami Luxury Condos - Miami Condos for Sale\" \/>\n<meta property=\"article:publisher\" content=\"https:\/\/www.facebook.com\/TheResidencesMiamiBeach\/\" \/>\n<meta property=\"article:modified_time\" content=\"2018-12-05T14:23:18+00:00\" \/>\n<meta property=\"og:image\" content=\"https:\/\/theresidencesmiamibeach.com\/wp-content\/uploads\/2015\/12\/Condos-in-Miami-Beach-Pool.jpg\" \/>\n\t<meta property=\"og:image:width\" content=\"2542\" \/>\n\t<meta property=\"og:image:height\" content=\"1536\" \/>\n\t<meta property=\"og:image:type\" content=\"image\/jpeg\" \/>\n<meta name=\"twitter:card\" content=\"summary_large_image\" \/>\n<meta name=\"twitter:label1\" content=\"Est. reading time\" \/>\n\t<meta name=\"twitter:data1\" content=\"3 minutes\" \/>\n<script type=\"application\/ld+json\" class=\"yoast-schema-graph\">{\"@context\":\"https:\/\/schema.org\",\"@graph\":[{\"@type\":\"WebPage\",\"@id\":\"https:\/\/theresidencesmiamibeach.com\/es\/servicios-y-comodidades\/lista-de-servicios-y-comodidades\/\",\"url\":\"https:\/\/theresidencesmiamibeach.com\/es\/servicios-y-comodidades\/lista-de-servicios-y-comodidades\/\",\"name\":\"Lista de Servicios |\u00a0The Ritz-Carlton Residences, Miami Beach | The Ritz Carlton Miami Beach Condos\",\"isPartOf\":{\"@id\":\"https:\/\/theresidencesmiamibeach.com\/#website\"},\"primaryImageOfPage\":{\"@id\":\"https:\/\/theresidencesmiamibeach.com\/es\/servicios-y-comodidades\/lista-de-servicios-y-comodidades\/#primaryimage\"},\"image\":{\"@id\":\"https:\/\/theresidencesmiamibeach.com\/es\/servicios-y-comodidades\/lista-de-servicios-y-comodidades\/#primaryimage\"},\"thumbnailUrl\":\"https:\/\/theresidencesmiamibeach.com\/wp-content\/uploads\/2015\/12\/Condos-in-Miami-Beach-Pool.jpg\",\"datePublished\":\"2015-12-01T21:56:29+00:00\",\"dateModified\":\"2018-12-05T14:23:18+00:00\",\"description\":\"Vea la lista de servicios y comodidades de lujo en The Ritz-Carlton Residences, Miami Beach\",\"breadcrumb\":{\"@id\":\"https:\/\/theresidencesmiamibeach.com\/es\/servicios-y-comodidades\/lista-de-servicios-y-comodidades\/#breadcrumb\"},\"inLanguage\":\"es-ES\",\"potentialAction\":[{\"@type\":\"ReadAction\",\"target\":[\"https:\/\/theresidencesmiamibeach.com\/es\/servicios-y-comodidades\/lista-de-servicios-y-comodidades\/\"]}]},{\"@type\":\"ImageObject\",\"inLanguage\":\"es-ES\",\"@id\":\"https:\/\/theresidencesmiamibeach.com\/es\/servicios-y-comodidades\/lista-de-servicios-y-comodidades\/#primaryimage\",\"url\":\"https:\/\/theresidencesmiamibeach.com\/wp-content\/uploads\/2015\/12\/Condos-in-Miami-Beach-Pool.jpg\",\"contentUrl\":\"https:\/\/theresidencesmiamibeach.com\/wp-content\/uploads\/2015\/12\/Condos-in-Miami-Beach-Pool.jpg\",\"width\":2542,\"height\":1536,\"caption\":\"Private Rooftop Pool\"},{\"@type\":\"BreadcrumbList\",\"@id\":\"https:\/\/theresidencesmiamibeach.com\/es\/servicios-y-comodidades\/lista-de-servicios-y-comodidades\/#breadcrumb\",\"itemListElement\":[{\"@type\":\"ListItem\",\"position\":1,\"name\":\"Home\",\"item\":\"https:\/\/theresidencesmiamibeach.com\/es\/\"},{\"@type\":\"ListItem\",\"position\":2,\"name\":\"Servicios y Comodidades\",\"item\":\"https:\/\/theresidencesmiamibeach.com\/es\/servicios-y-comodidades\/\"},{\"@type\":\"ListItem\",\"position\":3,\"name\":\"Lista de Servicios y Comodidades\"}]},{\"@type\":\"WebSite\",\"@id\":\"https:\/\/theresidencesmiamibeach.com\/#website\",\"url\":\"https:\/\/theresidencesmiamibeach.com\/\",\"name\":\"The Ritz-Carlton Residences, Miami Beach | Miami Beach Luxury Condos - New Miami Condos for Sale\",\"description\":\"Discover the Private Side of Miami Beach\",\"potentialAction\":[{\"@type\":\"SearchAction\",\"target\":{\"@type\":\"EntryPoint\",\"urlTemplate\":\"https:\/\/theresidencesmiamibeach.com\/?s={search_term_string}\"},\"query-input\":{\"@type\":\"PropertyValueSpecification\",\"valueRequired\":true,\"valueName\":\"search_term_string\"}}],\"inLanguage\":\"es-ES\"}]}<\/script>\n<!-- \/ Yoast SEO plugin. -->","yoast_head_json":{"title":"Lista de Servicios |\u00a0The Ritz-Carlton Residences, Miami Beach | The Ritz Carlton Miami Beach Condos","description":"Vea la lista de servicios y comodidades de lujo en The Ritz-Carlton Residences, Miami Beach","robots":{"index":"index","follow":"follow","max-snippet":"max-snippet:-1","max-image-preview":"max-image-preview:large","max-video-preview":"max-video-preview:-1"},"canonical":"https:\/\/theresidencesmiamibeach.com\/es\/servicios-y-comodidades\/lista-de-servicios-y-comodidades\/","og_locale":"es_ES","og_type":"article","og_title":"Lista de Servicios |\u00a0The Ritz-Carlton Residences, Miami Beach | The Ritz Carlton Miami Beach Condos","og_description":"Vea la lista de servicios y comodidades de lujo en The Ritz-Carlton Residences, Miami Beach","og_url":"https:\/\/theresidencesmiamibeach.com\/es\/servicios-y-comodidades\/lista-de-servicios-y-comodidades\/","og_site_name":"The Ritz-Carlton Residences, Miami Beach | Miami Luxury Condos - Miami Condos for Sale","article_publisher":"https:\/\/www.facebook.com\/TheResidencesMiamiBeach\/","article_modified_time":"2018-12-05T14:23:18+00:00","og_image":[{"width":2542,"height":1536,"url":"https:\/\/theresidencesmiamibeach.com\/wp-content\/uploads\/2015\/12\/Condos-in-Miami-Beach-Pool.jpg","type":"image\/jpeg"}],"twitter_card":"summary_large_image","twitter_misc":{"Est. reading time":"3 minutes"},"schema":{"@context":"https:\/\/schema.org","@graph":[{"@type":"WebPage","@id":"https:\/\/theresidencesmiamibeach.com\/es\/servicios-y-comodidades\/lista-de-servicios-y-comodidades\/","url":"https:\/\/theresidencesmiamibeach.com\/es\/servicios-y-comodidades\/lista-de-servicios-y-comodidades\/","name":"Lista de Servicios |\u00a0The Ritz-Carlton Residences, Miami Beach | The Ritz Carlton Miami Beach Condos","isPartOf":{"@id":"https:\/\/theresidencesmiamibeach.com\/#website"},"primaryImageOfPage":{"@id":"https:\/\/theresidencesmiamibeach.com\/es\/servicios-y-comodidades\/lista-de-servicios-y-comodidades\/#primaryimage"},"image":{"@id":"https:\/\/theresidencesmiamibeach.com\/es\/servicios-y-comodidades\/lista-de-servicios-y-comodidades\/#primaryimage"},"thumbnailUrl":"https:\/\/theresidencesmiamibeach.com\/wp-content\/uploads\/2015\/12\/Condos-in-Miami-Beach-Pool.jpg","datePublished":"2015-12-01T21:56:29+00:00","dateModified":"2018-12-05T14:23:18+00:00","description":"Vea la lista de servicios y comodidades de lujo en The Ritz-Carlton Residences, Miami Beach","breadcrumb":{"@id":"https:\/\/theresidencesmiamibeach.com\/es\/servicios-y-comodidades\/lista-de-servicios-y-comodidades\/#breadcrumb"},"inLanguage":"es-ES","potentialAction":[{"@type":"ReadAction","target":["https:\/\/theresidencesmiamibeach.com\/es\/servicios-y-comodidades\/lista-de-servicios-y-comodidades\/"]}]},{"@type":"ImageObject","inLanguage":"es-ES","@id":"https:\/\/theresidencesmiamibeach.com\/es\/servicios-y-comodidades\/lista-de-servicios-y-comodidades\/#primaryimage","url":"https:\/\/theresidencesmiamibeach.com\/wp-content\/uploads\/2015\/12\/Condos-in-Miami-Beach-Pool.jpg","contentUrl":"https:\/\/theresidencesmiamibeach.com\/wp-content\/uploads\/2015\/12\/Condos-in-Miami-Beach-Pool.jpg","width":2542,"height":1536,"caption":"Private Rooftop Pool"},{"@type":"BreadcrumbList","@id":"https:\/\/theresidencesmiamibeach.com\/es\/servicios-y-comodidades\/lista-de-servicios-y-comodidades\/#breadcrumb","itemListElement":[{"@type":"ListItem","position":1,"name":"Home","item":"https:\/\/theresidencesmiamibeach.com\/es\/"},{"@type":"ListItem","position":2,"name":"Servicios y Comodidades","item":"https:\/\/theresidencesmiamibeach.com\/es\/servicios-y-comodidades\/"},{"@type":"ListItem","position":3,"name":"Lista de Servicios y Comodidades"}]},{"@type":"WebSite","@id":"https:\/\/theresidencesmiamibeach.com\/#website","url":"https:\/\/theresidencesmiamibeach.com\/","name":"The Ritz-Carlton Residences, Miami Beach | Miami Beach Luxury Condos - New Miami Condos for Sale","description":"Discover the Private Side of Miami Beach","potentialAction":[{"@type":"SearchAction","target":{"@type":"EntryPoint","urlTemplate":"https:\/\/theresidencesmiamibeach.com\/?s={search_term_string}"},"query-input":{"@type":"PropertyValueSpecification","valueRequired":true,"valueName":"search_term_string"}}],"inLanguage":"es-ES"}]}},"_links":{"self":[{"href":"https:\/\/theresidencesmiamibeach.com\/es\/wp-json\/wp\/v2\/pages\/1304\/"}],"collection":[{"href":"https:\/\/theresidencesmiamibeach.com\/es\/wp-json\/wp\/v2\/pages\/"}],"about":[{"href":"https:\/\/theresidencesmiamibeach.com\/es\/wp-json\/wp\/v2\/types\/page\/"}],"author":[{"embeddable":true,"href":"https:\/\/theresidencesmiamibeach.com\/es\/wp-json\/wp\/v2\/users\/2\/"}],"replies":[{"embeddable":true,"href":"https:\/\/theresidencesmiamibeach.com\/es\/wp-json\/wp\/v2\/comments\/?post=1304"}],"version-history":[{"count":0,"href":"https:\/\/theresidencesmiamibeach.com\/es\/wp-json\/wp\/v2\/pages\/1304\/revisions\/"}],"up":[{"embeddable":true,"href":"https:\/\/theresidencesmiamibeach.com\/es\/wp-json\/wp\/v2\/pages\/1302\/"}],"wp:featuredmedia":[{"embeddable":true,"href":"https:\/\/theresidencesmiamibeach.com\/es\/wp-json\/wp\/v2\/media\/5869\/"}],"wp:attachment":[{"href":"https:\/\/theresidencesmiamibeach.com\/es\/wp-json\/wp\/v2\/media\/?parent=1304"}],"curies":[{"name":"wp","href":"https:\/\/api.w.org\/{rel}","templated":true}]}}