{"id":1305,"date":"2015-12-01T16:58:11","date_gmt":"2015-12-01T16:58:11","guid":{"rendered":"http:\/\/ritz.dev\/services\/the-ritz-carlton\/?lang=es"},"modified":"2019-12-12T10:28:53","modified_gmt":"2019-12-12T15:28:53","slug":"the-ritz-carlton","status":"publish","type":"page","link":"https:\/\/theresidencesmiamibeach.com\/es\/servicios-y-comodidades\/the-ritz-carlton\/","title":{"rendered":"The Ritz-Carlton"},"content":{"rendered":"<div class=\"special-wrapper\">\n<hr \/>\n<p><img decoding=\"async\" src=\"\/wp-content\/uploads\/2015\/11\/ritz-carlton-residences-miami-beach-logo.png\" style=\"max-width:325px!important;width:100%;margin:0 auto;display:block;\" alt=\"The Ritz-Carlton Residences, Miami Beach\" \/><br \/>\n&nbsp;<\/p>\n<p style=\"text-align: justify;\">The Ritz-Carlton Residences, Miami Beach ser\u00e1 una de las pocas residencias de The Ritz-Carlton en el mundo que unir\u00e1n la arquitectura y dise\u00f1o moderno con comodidades excepcionales y servicios de clase mundial sin comparaci\u00f3n alguna en el Sur de Florida.<\/p>\n<p style=\"text-align: justify;\">The Ritz-Carlton siempre ha sido sin\u00f3nimo de distinci\u00f3n. Es una tradici\u00f3n de excelencia perenne que sigue redefiniendo los lujos gracias a un compromiso inigualable con los servicios personalizados m\u00e1s finos y una devoci\u00f3n inquebrantable a las reglas de oro que han hecho de The Ritz-Carlton la marca de lujo m\u00e1s grande a nivel mundial. Los propietarios de las residencias disfrutan de los mismos servicios de lujo que disfrutan los hu\u00e9spedes de los hoteles Ritz-Carlton adem\u00e1s del valor agregado de contar con un personal residencial atento y comodidades privadas para el uso exclusivo de los propietarios. Siempre amenas y acogedoras, las residencias de The Ritz-Carlton ofrecen un estilo de vida en constante progreso con servicios inigualables que se brindan con sinceridad, integridad, confidencialidad y respeto.<\/p>\n<hr \/>\n<\/div>\n","protected":false},"excerpt":{"rendered":"<p>&nbsp; The Ritz-Carlton Residences, Miami Beach ser\u00e1 una de las pocas residencias de The Ritz-Carlton en el mundo que unir\u00e1n [&hellip;]<\/p>\n","protected":false},"author":2,"featured_media":0,"parent":1302,"menu_order":2,"comment_status":"closed","ping_status":"closed","template":"views\/page.php","meta":{"_acf_changed":false,"footnotes":""},"class_list":["post-1305","page","type-page","status-publish","hentry"],"acf":[],"yoast_head":"<!-- This site is optimized with the Yoast SEO plugin v26.2 - https:\/\/yoast.com\/wordpress\/plugins\/seo\/ -->\n<title>The Ritz-Carlton Services | The Ritz-Carlton Residences, Miami Beach<\/title>\n<meta name=\"description\" content=\"Vea el elegante dise\u00f1o acompa\u00f1ado de exclusivas comodidades y servicios estilo centro tur\u00edstico en The Ritz-Carlton Residences, Miami Beach\" \/>\n<meta name=\"robots\" content=\"index, follow, max-snippet:-1, max-image-preview:large, max-video-preview:-1\" \/>\n<link rel=\"canonical\" href=\"https:\/\/theresidencesmiamibeach.com\/es\/servicios-y-comodidades\/the-ritz-carlton\/\" \/>\n<meta property=\"og:locale\" content=\"es_ES\" \/>\n<meta property=\"og:type\" content=\"article\" \/>\n<meta property=\"og:title\" content=\"The Ritz-Carlton Services | The Ritz-Carlton Residences, Miami Beach\" \/>\n<meta property=\"og:description\" content=\"Vea el elegante dise\u00f1o acompa\u00f1ado de exclusivas comodidades y servicios estilo centro tur\u00edstico en The Ritz-Carlton Residences, Miami Beach\" \/>\n<meta property=\"og:url\" content=\"https:\/\/theresidencesmiamibeach.com\/es\/servicios-y-comodidades\/the-ritz-carlton\/\" \/>\n<meta property=\"og:site_name\" content=\"The Ritz-Carlton Residences, Miami Beach | Miami Luxury Condos - Miami Condos for Sale\" \/>\n<meta property=\"article:publisher\" content=\"https:\/\/www.facebook.com\/TheResidencesMiamiBeach\/\" \/>\n<meta property=\"article:modified_time\" content=\"2019-12-12T15:28:53+00:00\" \/>\n<meta name=\"twitter:card\" content=\"summary_large_image\" \/>\n<meta name=\"twitter:label1\" content=\"Est. reading time\" \/>\n\t<meta name=\"twitter:data1\" content=\"1 minute\" \/>\n<script type=\"application\/ld+json\" class=\"yoast-schema-graph\">{\"@context\":\"https:\/\/schema.org\",\"@graph\":[{\"@type\":\"WebPage\",\"@id\":\"https:\/\/theresidencesmiamibeach.com\/es\/servicios-y-comodidades\/the-ritz-carlton\/\",\"url\":\"https:\/\/theresidencesmiamibeach.com\/es\/servicios-y-comodidades\/the-ritz-carlton\/\",\"name\":\"The Ritz-Carlton Services | The Ritz-Carlton Residences, Miami Beach\",\"isPartOf\":{\"@id\":\"https:\/\/theresidencesmiamibeach.com\/#website\"},\"datePublished\":\"2015-12-01T16:58:11+00:00\",\"dateModified\":\"2019-12-12T15:28:53+00:00\",\"description\":\"Vea el elegante dise\u00f1o acompa\u00f1ado de exclusivas comodidades y servicios estilo centro tur\u00edstico en The Ritz-Carlton Residences, Miami Beach\",\"breadcrumb\":{\"@id\":\"https:\/\/theresidencesmiamibeach.com\/es\/servicios-y-comodidades\/the-ritz-carlton\/#breadcrumb\"},\"inLanguage\":\"es-ES\",\"potentialAction\":[{\"@type\":\"ReadAction\",\"target\":[\"https:\/\/theresidencesmiamibeach.com\/es\/servicios-y-comodidades\/the-ritz-carlton\/\"]}]},{\"@type\":\"BreadcrumbList\",\"@id\":\"https:\/\/theresidencesmiamibeach.com\/es\/servicios-y-comodidades\/the-ritz-carlton\/#breadcrumb\",\"itemListElement\":[{\"@type\":\"ListItem\",\"position\":1,\"name\":\"Home\",\"item\":\"https:\/\/theresidencesmiamibeach.com\/es\/\"},{\"@type\":\"ListItem\",\"position\":2,\"name\":\"Servicios y Comodidades\",\"item\":\"https:\/\/theresidencesmiamibeach.com\/es\/servicios-y-comodidades\/\"},{\"@type\":\"ListItem\",\"position\":3,\"name\":\"The Ritz-Carlton\"}]},{\"@type\":\"WebSite\",\"@id\":\"https:\/\/theresidencesmiamibeach.com\/#website\",\"url\":\"https:\/\/theresidencesmiamibeach.com\/\",\"name\":\"The Ritz-Carlton Residences, Miami Beach | Miami Beach Luxury Condos - New Miami Condos for Sale\",\"description\":\"Discover the Private Side of Miami Beach\",\"potentialAction\":[{\"@type\":\"SearchAction\",\"target\":{\"@type\":\"EntryPoint\",\"urlTemplate\":\"https:\/\/theresidencesmiamibeach.com\/?s={search_term_string}\"},\"query-input\":{\"@type\":\"PropertyValueSpecification\",\"valueRequired\":true,\"valueName\":\"search_term_string\"}}],\"inLanguage\":\"es-ES\"}]}<\/script>\n<!-- \/ Yoast SEO plugin. -->","yoast_head_json":{"title":"The Ritz-Carlton Services | The Ritz-Carlton Residences, Miami Beach","description":"Vea el elegante dise\u00f1o acompa\u00f1ado de exclusivas comodidades y servicios estilo centro tur\u00edstico en The Ritz-Carlton Residences, Miami Beach","robots":{"index":"index","follow":"follow","max-snippet":"max-snippet:-1","max-image-preview":"max-image-preview:large","max-video-preview":"max-video-preview:-1"},"canonical":"https:\/\/theresidencesmiamibeach.com\/es\/servicios-y-comodidades\/the-ritz-carlton\/","og_locale":"es_ES","og_type":"article","og_title":"The Ritz-Carlton Services | The Ritz-Carlton Residences, Miami Beach","og_description":"Vea el elegante dise\u00f1o acompa\u00f1ado de exclusivas comodidades y servicios estilo centro tur\u00edstico en The Ritz-Carlton Residences, Miami Beach","og_url":"https:\/\/theresidencesmiamibeach.com\/es\/servicios-y-comodidades\/the-ritz-carlton\/","og_site_name":"The Ritz-Carlton Residences, Miami Beach | Miami Luxury Condos - Miami Condos for Sale","article_publisher":"https:\/\/www.facebook.com\/TheResidencesMiamiBeach\/","article_modified_time":"2019-12-12T15:28:53+00:00","twitter_card":"summary_large_image","twitter_misc":{"Est. reading time":"1 minute"},"schema":{"@context":"https:\/\/schema.org","@graph":[{"@type":"WebPage","@id":"https:\/\/theresidencesmiamibeach.com\/es\/servicios-y-comodidades\/the-ritz-carlton\/","url":"https:\/\/theresidencesmiamibeach.com\/es\/servicios-y-comodidades\/the-ritz-carlton\/","name":"The Ritz-Carlton Services | The Ritz-Carlton Residences, Miami Beach","isPartOf":{"@id":"https:\/\/theresidencesmiamibeach.com\/#website"},"datePublished":"2015-12-01T16:58:11+00:00","dateModified":"2019-12-12T15:28:53+00:00","description":"Vea el elegante dise\u00f1o acompa\u00f1ado de exclusivas comodidades y servicios estilo centro tur\u00edstico en The Ritz-Carlton Residences, Miami Beach","breadcrumb":{"@id":"https:\/\/theresidencesmiamibeach.com\/es\/servicios-y-comodidades\/the-ritz-carlton\/#breadcrumb"},"inLanguage":"es-ES","potentialAction":[{"@type":"ReadAction","target":["https:\/\/theresidencesmiamibeach.com\/es\/servicios-y-comodidades\/the-ritz-carlton\/"]}]},{"@type":"BreadcrumbList","@id":"https:\/\/theresidencesmiamibeach.com\/es\/servicios-y-comodidades\/the-ritz-carlton\/#breadcrumb","itemListElement":[{"@type":"ListItem","position":1,"name":"Home","item":"https:\/\/theresidencesmiamibeach.com\/es\/"},{"@type":"ListItem","position":2,"name":"Servicios y Comodidades","item":"https:\/\/theresidencesmiamibeach.com\/es\/servicios-y-comodidades\/"},{"@type":"ListItem","position":3,"name":"The Ritz-Carlton"}]},{"@type":"WebSite","@id":"https:\/\/theresidencesmiamibeach.com\/#website","url":"https:\/\/theresidencesmiamibeach.com\/","name":"The Ritz-Carlton Residences, Miami Beach | Miami Beach Luxury Condos - New Miami Condos for Sale","description":"Discover the Private Side of Miami Beach","potentialAction":[{"@type":"SearchAction","target":{"@type":"EntryPoint","urlTemplate":"https:\/\/theresidencesmiamibeach.com\/?s={search_term_string}"},"query-input":{"@type":"PropertyValueSpecification","valueRequired":true,"valueName":"search_term_string"}}],"inLanguage":"es-ES"}]}},"_links":{"self":[{"href":"https:\/\/theresidencesmiamibeach.com\/es\/wp-json\/wp\/v2\/pages\/1305\/"}],"collection":[{"href":"https:\/\/theresidencesmiamibeach.com\/es\/wp-json\/wp\/v2\/pages\/"}],"about":[{"href":"https:\/\/theresidencesmiamibeach.com\/es\/wp-json\/wp\/v2\/types\/page\/"}],"author":[{"embeddable":true,"href":"https:\/\/theresidencesmiamibeach.com\/es\/wp-json\/wp\/v2\/users\/2\/"}],"replies":[{"embeddable":true,"href":"https:\/\/theresidencesmiamibeach.com\/es\/wp-json\/wp\/v2\/comments\/?post=1305"}],"version-history":[{"count":0,"href":"https:\/\/theresidencesmiamibeach.com\/es\/wp-json\/wp\/v2\/pages\/1305\/revisions\/"}],"up":[{"embeddable":true,"href":"https:\/\/theresidencesmiamibeach.com\/es\/wp-json\/wp\/v2\/pages\/1302\/"}],"wp:attachment":[{"href":"https:\/\/theresidencesmiamibeach.com\/es\/wp-json\/wp\/v2\/media\/?parent=1305"}],"curies":[{"name":"wp","href":"https:\/\/api.w.org\/{rel}","templated":true}]}}