{"id":2326,"date":"2016-10-10T17:45:06","date_gmt":"2016-10-10T21:45:06","guid":{"rendered":"http:\/\/ritz.dev\/es\/equipo\/design-team\/"},"modified":"2020-01-14T15:27:37","modified_gmt":"2020-01-14T20:27:37","slug":"equipo-de-diseno","status":"publish","type":"page","link":"https:\/\/theresidencesmiamibeach.com\/es\/equipo-de-diseno\/","title":{"rendered":"Equipo de Dise\u00f1o"},"content":{"rendered":"<div id=\"teams\">\n<div class=\"team-sidebar\">\n<ul>\n<li><a href=\"\/es\/equipo\/equipo-de-construccion\/\">Equipo de Construcci\u00f3n<\/a><\/li>\n<li><a href=\"\/es\/equipo\/equipo-de-diseno\/\">Equipo de Dise\u00f1o<\/a><\/li>\n<li><a class=\"is-active\" href=\"\/es\/equipo\/equipo-de-ventas\/\">Equipo de Ventas<\/a><\/li>\n<\/ul><\/div>\n<div class=\"team-content\">\n<h2>Design Team<\/h2>\n<p>        <!--<img decoding=\"async\" src=\"\/wp-content\/uploads\/2016\/10\/lionheart-capital-logo.png\" style=\"width:100%;max-width:250px;display:block;margin:0 auto;\" \/>--><\/p>\n<div class=\"content\">\n<p style=\"padding-bottom:45px;\">\n<div class=\"su-row\">\n          <div class=\"su-column su-column-size-2-5\"><div class=\"su-column-inner su-u-clearfix su-u-trim\"> <img decoding=\"async\" src=\"\/wp-content\/uploads\/2015\/12\/piero-lissoni.png\" style=\"width:100%;max-width:200px;display:block;margin:0 auto;\" \/><\/div><\/div>\n          <div class=\"su-column su-column-size-3-5\"><div class=\"su-column-inner su-u-clearfix su-u-trim\"> <\/p>\n<h3>PIERO LISSONI<\/h3>\n<hr \/>\n<p>Con sus sedes en Mil\u00e1n y Nueva York, Piero Lissoni se desempe\u00f1a en todos los \u00e1mbitos de la arquitectura al imaginar y ejecutar espacios visualmente llamativos y gr\u00e1ficamente modernos en los cuales sea placentero vivir, trabajar y divertirse. El socio fundador, Piero Lissoni y sus 70 asociados han sido merecedores de numerosas licitaciones para proyectos que incluyen la hist\u00f3rica remodelaci\u00f3n del Manilla Hotel en Jerusal\u00e9m; el dise\u00f1o de los interiores de un s\u00faper yate de 50 metros propiedad de Luciano Benetton; y la reciente remodelaci\u00f3n de la Casa Club Ferrari en Emilia-Roma\u00f1a, Italia. Lissoni ha ejecutado proyectos que se han convertido en \u00edconos urbanos, desde el Shilla de Se\u00fal hasta el Swire de Shangh\u00e1i. <\/p>\n<\/div><\/div>\n        <\/div>\n<div style=\"margin-top:45px;\">&nbsp;<\/div>\n<div class=\"su-row\">\n          <div class=\"su-column su-column-size-2-5\"><div class=\"su-column-inner su-u-clearfix su-u-trim\"> <img decoding=\"async\" src=\"\/wp-content\/uploads\/2016\/10\/stantec-logo-1.png\" style=\"width:100%;max-width:200px;display:block;margin:0 auto;\" \/><\/div><\/div>\n          <div class=\"su-column su-column-size-3-5\"><div class=\"su-column-inner su-u-clearfix su-u-trim\"> <\/p>\n<h3>STANTEC<\/h3>\n<hr \/>\n<p>Con oficinas en Miami y Boston, Stantec ha sido un contribuidor respetado por la comunidad arquitect\u00f3nica por m\u00e1s de 30 a\u00f1os. Con el liderazgo de Jonathan Cardello, Stantec crea obras insignes de arquitectura que fusionan la sensibilidad est\u00e9tica regional con una visi\u00f3n de dise\u00f1o internacional de vanguardia. Los proyectos de Stantec se involucran con la comunidad a trav\u00e9s del dise\u00f1o para cultivar el enriquecimiento y la conexi\u00f3n con los ambientes urbanos. Cada uno de los proyectos de Stantec brinda una visi\u00f3n particular al cliente unida con su experiencia de desarrollo, proceso riguroso de dise\u00f1o y visi\u00f3n para los negocios sin comparaci\u00f3n. <\/p>\n<p>        <\/div><\/div>\n        <\/div><\/div>\n<\/p><\/div>\n<\/div>\n","protected":false},"excerpt":{"rendered":"<p>Equipo de Construcci\u00f3n Equipo de Dise\u00f1o Equipo de Ventas Design Team &nbsp;<\/p>\n","protected":false},"author":2,"featured_media":0,"parent":0,"menu_order":0,"comment_status":"closed","ping_status":"closed","template":"views\/page.php","meta":{"_acf_changed":false,"footnotes":""},"class_list":["post-2326","page","type-page","status-publish","hentry"],"acf":[],"yoast_head":"<!-- This site is optimized with the Yoast SEO plugin v26.2 - https:\/\/yoast.com\/wordpress\/plugins\/seo\/ -->\n<title>Equipo de Dise\u00f1o | Miami Beach Luxury Homes<\/title>\n<meta name=\"description\" content=\"Con sus sedes en Mil\u00e1n y Nueva York, Piero Lissoni se desempe\u00f1a en todos los \u00e1mbitos de la arquitectura al imaginar y ejecutar espacios visualmente\" \/>\n<meta name=\"robots\" content=\"index, follow, max-snippet:-1, max-image-preview:large, max-video-preview:-1\" \/>\n<link rel=\"canonical\" href=\"https:\/\/theresidencesmiamibeach.com\/es\/equipo-de-diseno\/\" \/>\n<meta property=\"og:locale\" content=\"es_ES\" \/>\n<meta property=\"og:type\" content=\"article\" \/>\n<meta property=\"og:title\" content=\"Equipo de Dise\u00f1o | Miami Beach Luxury Homes\" \/>\n<meta property=\"og:description\" content=\"Con sus sedes en Mil\u00e1n y Nueva York, Piero Lissoni se desempe\u00f1a en todos los \u00e1mbitos de la arquitectura al imaginar y ejecutar espacios visualmente\" \/>\n<meta property=\"og:url\" content=\"https:\/\/theresidencesmiamibeach.com\/es\/equipo-de-diseno\/\" \/>\n<meta property=\"og:site_name\" content=\"The Ritz-Carlton Residences, Miami Beach | Miami Luxury Condos - Miami Condos for Sale\" \/>\n<meta property=\"article:publisher\" content=\"https:\/\/www.facebook.com\/TheResidencesMiamiBeach\/\" \/>\n<meta property=\"article:modified_time\" content=\"2020-01-14T20:27:37+00:00\" \/>\n<meta name=\"twitter:card\" content=\"summary_large_image\" \/>\n<meta name=\"twitter:label1\" content=\"Est. reading time\" \/>\n\t<meta name=\"twitter:data1\" content=\"1 minute\" \/>\n<script type=\"application\/ld+json\" class=\"yoast-schema-graph\">{\"@context\":\"https:\/\/schema.org\",\"@graph\":[{\"@type\":\"WebPage\",\"@id\":\"https:\/\/theresidencesmiamibeach.com\/es\/equipo-de-diseno\/\",\"url\":\"https:\/\/theresidencesmiamibeach.com\/es\/equipo-de-diseno\/\",\"name\":\"Equipo de Dise\u00f1o | Miami Beach Luxury Homes\",\"isPartOf\":{\"@id\":\"https:\/\/theresidencesmiamibeach.com\/#website\"},\"datePublished\":\"2016-10-10T21:45:06+00:00\",\"dateModified\":\"2020-01-14T20:27:37+00:00\",\"description\":\"Con sus sedes en Mil\u00e1n y Nueva York, Piero Lissoni se desempe\u00f1a en todos los \u00e1mbitos de la arquitectura al imaginar y ejecutar espacios visualmente\",\"breadcrumb\":{\"@id\":\"https:\/\/theresidencesmiamibeach.com\/es\/equipo-de-diseno\/#breadcrumb\"},\"inLanguage\":\"es-ES\",\"potentialAction\":[{\"@type\":\"ReadAction\",\"target\":[\"https:\/\/theresidencesmiamibeach.com\/es\/equipo-de-diseno\/\"]}]},{\"@type\":\"BreadcrumbList\",\"@id\":\"https:\/\/theresidencesmiamibeach.com\/es\/equipo-de-diseno\/#breadcrumb\",\"itemListElement\":[{\"@type\":\"ListItem\",\"position\":1,\"name\":\"Home\",\"item\":\"https:\/\/theresidencesmiamibeach.com\/es\/\"},{\"@type\":\"ListItem\",\"position\":2,\"name\":\"Equipo de Dise\u00f1o\"}]},{\"@type\":\"WebSite\",\"@id\":\"https:\/\/theresidencesmiamibeach.com\/#website\",\"url\":\"https:\/\/theresidencesmiamibeach.com\/\",\"name\":\"The Ritz-Carlton Residences, Miami Beach | Miami Beach Luxury Condos - New Miami Condos for Sale\",\"description\":\"Discover the Private Side of Miami Beach\",\"potentialAction\":[{\"@type\":\"SearchAction\",\"target\":{\"@type\":\"EntryPoint\",\"urlTemplate\":\"https:\/\/theresidencesmiamibeach.com\/?s={search_term_string}\"},\"query-input\":{\"@type\":\"PropertyValueSpecification\",\"valueRequired\":true,\"valueName\":\"search_term_string\"}}],\"inLanguage\":\"es-ES\"}]}<\/script>\n<!-- \/ Yoast SEO plugin. -->","yoast_head_json":{"title":"Equipo de Dise\u00f1o | Miami Beach Luxury Homes","description":"Con sus sedes en Mil\u00e1n y Nueva York, Piero Lissoni se desempe\u00f1a en todos los \u00e1mbitos de la arquitectura al imaginar y ejecutar espacios visualmente","robots":{"index":"index","follow":"follow","max-snippet":"max-snippet:-1","max-image-preview":"max-image-preview:large","max-video-preview":"max-video-preview:-1"},"canonical":"https:\/\/theresidencesmiamibeach.com\/es\/equipo-de-diseno\/","og_locale":"es_ES","og_type":"article","og_title":"Equipo de Dise\u00f1o | Miami Beach Luxury Homes","og_description":"Con sus sedes en Mil\u00e1n y Nueva York, Piero Lissoni se desempe\u00f1a en todos los \u00e1mbitos de la arquitectura al imaginar y ejecutar espacios visualmente","og_url":"https:\/\/theresidencesmiamibeach.com\/es\/equipo-de-diseno\/","og_site_name":"The Ritz-Carlton Residences, Miami Beach | Miami Luxury Condos - Miami Condos for Sale","article_publisher":"https:\/\/www.facebook.com\/TheResidencesMiamiBeach\/","article_modified_time":"2020-01-14T20:27:37+00:00","twitter_card":"summary_large_image","twitter_misc":{"Est. reading time":"1 minute"},"schema":{"@context":"https:\/\/schema.org","@graph":[{"@type":"WebPage","@id":"https:\/\/theresidencesmiamibeach.com\/es\/equipo-de-diseno\/","url":"https:\/\/theresidencesmiamibeach.com\/es\/equipo-de-diseno\/","name":"Equipo de Dise\u00f1o | Miami Beach Luxury Homes","isPartOf":{"@id":"https:\/\/theresidencesmiamibeach.com\/#website"},"datePublished":"2016-10-10T21:45:06+00:00","dateModified":"2020-01-14T20:27:37+00:00","description":"Con sus sedes en Mil\u00e1n y Nueva York, Piero Lissoni se desempe\u00f1a en todos los \u00e1mbitos de la arquitectura al imaginar y ejecutar espacios visualmente","breadcrumb":{"@id":"https:\/\/theresidencesmiamibeach.com\/es\/equipo-de-diseno\/#breadcrumb"},"inLanguage":"es-ES","potentialAction":[{"@type":"ReadAction","target":["https:\/\/theresidencesmiamibeach.com\/es\/equipo-de-diseno\/"]}]},{"@type":"BreadcrumbList","@id":"https:\/\/theresidencesmiamibeach.com\/es\/equipo-de-diseno\/#breadcrumb","itemListElement":[{"@type":"ListItem","position":1,"name":"Home","item":"https:\/\/theresidencesmiamibeach.com\/es\/"},{"@type":"ListItem","position":2,"name":"Equipo de Dise\u00f1o"}]},{"@type":"WebSite","@id":"https:\/\/theresidencesmiamibeach.com\/#website","url":"https:\/\/theresidencesmiamibeach.com\/","name":"The Ritz-Carlton Residences, Miami Beach | Miami Beach Luxury Condos - New Miami Condos for Sale","description":"Discover the Private Side of Miami Beach","potentialAction":[{"@type":"SearchAction","target":{"@type":"EntryPoint","urlTemplate":"https:\/\/theresidencesmiamibeach.com\/?s={search_term_string}"},"query-input":{"@type":"PropertyValueSpecification","valueRequired":true,"valueName":"search_term_string"}}],"inLanguage":"es-ES"}]}},"_links":{"self":[{"href":"https:\/\/theresidencesmiamibeach.com\/es\/wp-json\/wp\/v2\/pages\/2326\/"}],"collection":[{"href":"https:\/\/theresidencesmiamibeach.com\/es\/wp-json\/wp\/v2\/pages\/"}],"about":[{"href":"https:\/\/theresidencesmiamibeach.com\/es\/wp-json\/wp\/v2\/types\/page\/"}],"author":[{"embeddable":true,"href":"https:\/\/theresidencesmiamibeach.com\/es\/wp-json\/wp\/v2\/users\/2\/"}],"replies":[{"embeddable":true,"href":"https:\/\/theresidencesmiamibeach.com\/es\/wp-json\/wp\/v2\/comments\/?post=2326"}],"version-history":[{"count":0,"href":"https:\/\/theresidencesmiamibeach.com\/es\/wp-json\/wp\/v2\/pages\/2326\/revisions\/"}],"wp:attachment":[{"href":"https:\/\/theresidencesmiamibeach.com\/es\/wp-json\/wp\/v2\/media\/?parent=2326"}],"curies":[{"name":"wp","href":"https:\/\/api.w.org\/{rel}","templated":true}]}}