{"id":2327,"date":"2016-10-10T17:30:58","date_gmt":"2016-10-10T21:30:58","guid":{"rendered":"http:\/\/ritz.dev\/es\/equipo\/development\/"},"modified":"2019-12-12T11:05:53","modified_gmt":"2019-12-12T16:05:53","slug":"equipo-de-construccion","status":"publish","type":"page","link":"https:\/\/theresidencesmiamibeach.com\/es\/equipo-de-construccion\/","title":{"rendered":"Equipo de Construcci\u00f3n"},"content":{"rendered":"<div id=\"teams\">\n<div class=\"team-sidebar\">\n<ul>\n<li><a href=\"\/es\/equipo\/equipo-de-construccion\/\">Equipo de Construcci\u00f3n<\/a><\/li>\n<li><a href=\"\/es\/equipo\/equipo-de-diseno\/\">Equipo de Dise\u00f1o<\/a><\/li>\n<li><a class=\"is-active\" href=\"\/es\/equipo\/equipo-de-ventas\/\">Equipo de Ventas<\/a><\/li>\n<\/ul><\/div>\n<div class=\"team-content\">\n<h2>Lionheart Capital<\/h2>\n<div class=\"content\">\n<p style=\"padding-bottom:25px;\">La compa\u00f1\u00eda constructora de The Ritz-Carlton Residences, Miami Beach es 4701 North Meridian, LLC, una asociaci\u00f3n integrada por Lionheart Capital, LLC y Elliott Management Corporation. Lionheart Capital, LLC es una agencia de inversiones en bienes ra\u00edces con sede en Miami comprometida con la inversi\u00f3n, desarrollo y colocaci\u00f3n de activos comerciales, hoteleros y residenciales, tanto nuevos como ya existentes. Elliott Management Corporation supervisa dos fondos de inversi\u00f3n, Elliott Associates, L.P. y Elliott International, L.P., que cuentan con m\u00e1s de $20 mil millones en gesti\u00f3n de activos. Fundada en 1977, Elliott es una de las agencias privadas de inversi\u00f3n con mayor trayectoria y continuidad en su estilo.<\/p>\n<\/div>\n<\/div>\n<\/div>\n","protected":false},"excerpt":{"rendered":"<p>Equipo de Construcci\u00f3n Equipo de Dise\u00f1o Equipo de Ventas Lionheart Capital La compa\u00f1\u00eda constructora de The Ritz-Carlton Residences, Miami Beach [&hellip;]<\/p>\n","protected":false},"author":2,"featured_media":5881,"parent":0,"menu_order":0,"comment_status":"closed","ping_status":"closed","template":"views\/page.php","meta":{"_acf_changed":false,"footnotes":""},"class_list":["post-2327","page","type-page","status-publish","has-post-thumbnail","hentry"],"acf":[],"yoast_head":"<!-- This site is optimized with the Yoast SEO plugin v26.2 - https:\/\/yoast.com\/wordpress\/plugins\/seo\/ -->\n<title>Equipo de Construcci\u00f3n | The Ritz-Carlton Residences, Miami Beach<\/title>\n<meta name=\"description\" content=\"La compa\u00f1\u00eda constructora de The Ritz-Carlton Residences, Miami Beach es 4701 North Meridian, LLC, una asociaci\u00f3n integrada por Lionheart Capital, LLC.\" \/>\n<meta name=\"robots\" content=\"index, follow, max-snippet:-1, max-image-preview:large, max-video-preview:-1\" \/>\n<link rel=\"canonical\" href=\"https:\/\/theresidencesmiamibeach.com\/es\/equipo-de-construccion\/\" \/>\n<meta property=\"og:locale\" content=\"es_ES\" \/>\n<meta property=\"og:type\" content=\"article\" \/>\n<meta property=\"og:title\" content=\"Equipo de Construcci\u00f3n | The Ritz-Carlton Residences, Miami Beach\" \/>\n<meta property=\"og:description\" content=\"La compa\u00f1\u00eda constructora de The Ritz-Carlton Residences, Miami Beach es 4701 North Meridian, LLC, una asociaci\u00f3n integrada por Lionheart Capital, LLC.\" \/>\n<meta property=\"og:url\" content=\"https:\/\/theresidencesmiamibeach.com\/es\/equipo-de-construccion\/\" \/>\n<meta property=\"og:site_name\" content=\"The Ritz-Carlton Residences, Miami Beach | Miami Luxury Condos - Miami Condos for Sale\" \/>\n<meta property=\"article:publisher\" content=\"https:\/\/www.facebook.com\/TheResidencesMiamiBeach\/\" \/>\n<meta property=\"article:modified_time\" content=\"2019-12-12T16:05:53+00:00\" \/>\n<meta property=\"og:image\" content=\"https:\/\/theresidencesmiamibeach.com\/wp-content\/uploads\/2015\/12\/Condos-in-Miami-Beach-from-Marina-new.jpg\" \/>\n\t<meta property=\"og:image:width\" content=\"2353\" \/>\n\t<meta property=\"og:image:height\" content=\"1536\" \/>\n\t<meta property=\"og:image:type\" content=\"image\/jpeg\" \/>\n<meta name=\"twitter:card\" content=\"summary_large_image\" \/>\n<meta name=\"twitter:label1\" content=\"Est. reading time\" \/>\n\t<meta name=\"twitter:data1\" content=\"1 minute\" \/>\n<script type=\"application\/ld+json\" class=\"yoast-schema-graph\">{\"@context\":\"https:\/\/schema.org\",\"@graph\":[{\"@type\":\"WebPage\",\"@id\":\"https:\/\/theresidencesmiamibeach.com\/es\/equipo-de-construccion\/\",\"url\":\"https:\/\/theresidencesmiamibeach.com\/es\/equipo-de-construccion\/\",\"name\":\"Equipo de Construcci\u00f3n | The Ritz-Carlton Residences, Miami Beach\",\"isPartOf\":{\"@id\":\"https:\/\/theresidencesmiamibeach.com\/#website\"},\"primaryImageOfPage\":{\"@id\":\"https:\/\/theresidencesmiamibeach.com\/es\/equipo-de-construccion\/#primaryimage\"},\"image\":{\"@id\":\"https:\/\/theresidencesmiamibeach.com\/es\/equipo-de-construccion\/#primaryimage\"},\"thumbnailUrl\":\"https:\/\/theresidencesmiamibeach.com\/wp-content\/uploads\/2015\/12\/Condos-in-Miami-Beach-from-Marina-new.jpg\",\"datePublished\":\"2016-10-10T21:30:58+00:00\",\"dateModified\":\"2019-12-12T16:05:53+00:00\",\"description\":\"La compa\u00f1\u00eda constructora de The Ritz-Carlton Residences, Miami Beach es 4701 North Meridian, LLC, una asociaci\u00f3n integrada por Lionheart Capital, LLC.\",\"breadcrumb\":{\"@id\":\"https:\/\/theresidencesmiamibeach.com\/es\/equipo-de-construccion\/#breadcrumb\"},\"inLanguage\":\"es-ES\",\"potentialAction\":[{\"@type\":\"ReadAction\",\"target\":[\"https:\/\/theresidencesmiamibeach.com\/es\/equipo-de-construccion\/\"]}]},{\"@type\":\"ImageObject\",\"inLanguage\":\"es-ES\",\"@id\":\"https:\/\/theresidencesmiamibeach.com\/es\/equipo-de-construccion\/#primaryimage\",\"url\":\"https:\/\/theresidencesmiamibeach.com\/wp-content\/uploads\/2015\/12\/Condos-in-Miami-Beach-from-Marina-new.jpg\",\"contentUrl\":\"https:\/\/theresidencesmiamibeach.com\/wp-content\/uploads\/2015\/12\/Condos-in-Miami-Beach-from-Marina-new.jpg\",\"width\":2353,\"height\":1536},{\"@type\":\"BreadcrumbList\",\"@id\":\"https:\/\/theresidencesmiamibeach.com\/es\/equipo-de-construccion\/#breadcrumb\",\"itemListElement\":[{\"@type\":\"ListItem\",\"position\":1,\"name\":\"Home\",\"item\":\"https:\/\/theresidencesmiamibeach.com\/es\/\"},{\"@type\":\"ListItem\",\"position\":2,\"name\":\"Equipo de Construcci\u00f3n\"}]},{\"@type\":\"WebSite\",\"@id\":\"https:\/\/theresidencesmiamibeach.com\/#website\",\"url\":\"https:\/\/theresidencesmiamibeach.com\/\",\"name\":\"The Ritz-Carlton Residences, Miami Beach | Miami Beach Luxury Condos - New Miami Condos for Sale\",\"description\":\"Discover the Private Side of Miami Beach\",\"potentialAction\":[{\"@type\":\"SearchAction\",\"target\":{\"@type\":\"EntryPoint\",\"urlTemplate\":\"https:\/\/theresidencesmiamibeach.com\/?s={search_term_string}\"},\"query-input\":{\"@type\":\"PropertyValueSpecification\",\"valueRequired\":true,\"valueName\":\"search_term_string\"}}],\"inLanguage\":\"es-ES\"}]}<\/script>\n<!-- \/ Yoast SEO plugin. -->","yoast_head_json":{"title":"Equipo de Construcci\u00f3n | The Ritz-Carlton Residences, Miami Beach","description":"La compa\u00f1\u00eda constructora de The Ritz-Carlton Residences, Miami Beach es 4701 North Meridian, LLC, una asociaci\u00f3n integrada por Lionheart Capital, LLC.","robots":{"index":"index","follow":"follow","max-snippet":"max-snippet:-1","max-image-preview":"max-image-preview:large","max-video-preview":"max-video-preview:-1"},"canonical":"https:\/\/theresidencesmiamibeach.com\/es\/equipo-de-construccion\/","og_locale":"es_ES","og_type":"article","og_title":"Equipo de Construcci\u00f3n | The Ritz-Carlton Residences, Miami Beach","og_description":"La compa\u00f1\u00eda constructora de The Ritz-Carlton Residences, Miami Beach es 4701 North Meridian, LLC, una asociaci\u00f3n integrada por Lionheart Capital, LLC.","og_url":"https:\/\/theresidencesmiamibeach.com\/es\/equipo-de-construccion\/","og_site_name":"The Ritz-Carlton Residences, Miami Beach | Miami Luxury Condos - Miami Condos for Sale","article_publisher":"https:\/\/www.facebook.com\/TheResidencesMiamiBeach\/","article_modified_time":"2019-12-12T16:05:53+00:00","og_image":[{"width":2353,"height":1536,"url":"https:\/\/theresidencesmiamibeach.com\/wp-content\/uploads\/2015\/12\/Condos-in-Miami-Beach-from-Marina-new.jpg","type":"image\/jpeg"}],"twitter_card":"summary_large_image","twitter_misc":{"Est. reading time":"1 minute"},"schema":{"@context":"https:\/\/schema.org","@graph":[{"@type":"WebPage","@id":"https:\/\/theresidencesmiamibeach.com\/es\/equipo-de-construccion\/","url":"https:\/\/theresidencesmiamibeach.com\/es\/equipo-de-construccion\/","name":"Equipo de Construcci\u00f3n | The Ritz-Carlton Residences, Miami Beach","isPartOf":{"@id":"https:\/\/theresidencesmiamibeach.com\/#website"},"primaryImageOfPage":{"@id":"https:\/\/theresidencesmiamibeach.com\/es\/equipo-de-construccion\/#primaryimage"},"image":{"@id":"https:\/\/theresidencesmiamibeach.com\/es\/equipo-de-construccion\/#primaryimage"},"thumbnailUrl":"https:\/\/theresidencesmiamibeach.com\/wp-content\/uploads\/2015\/12\/Condos-in-Miami-Beach-from-Marina-new.jpg","datePublished":"2016-10-10T21:30:58+00:00","dateModified":"2019-12-12T16:05:53+00:00","description":"La compa\u00f1\u00eda constructora de The Ritz-Carlton Residences, Miami Beach es 4701 North Meridian, LLC, una asociaci\u00f3n integrada por Lionheart Capital, LLC.","breadcrumb":{"@id":"https:\/\/theresidencesmiamibeach.com\/es\/equipo-de-construccion\/#breadcrumb"},"inLanguage":"es-ES","potentialAction":[{"@type":"ReadAction","target":["https:\/\/theresidencesmiamibeach.com\/es\/equipo-de-construccion\/"]}]},{"@type":"ImageObject","inLanguage":"es-ES","@id":"https:\/\/theresidencesmiamibeach.com\/es\/equipo-de-construccion\/#primaryimage","url":"https:\/\/theresidencesmiamibeach.com\/wp-content\/uploads\/2015\/12\/Condos-in-Miami-Beach-from-Marina-new.jpg","contentUrl":"https:\/\/theresidencesmiamibeach.com\/wp-content\/uploads\/2015\/12\/Condos-in-Miami-Beach-from-Marina-new.jpg","width":2353,"height":1536},{"@type":"BreadcrumbList","@id":"https:\/\/theresidencesmiamibeach.com\/es\/equipo-de-construccion\/#breadcrumb","itemListElement":[{"@type":"ListItem","position":1,"name":"Home","item":"https:\/\/theresidencesmiamibeach.com\/es\/"},{"@type":"ListItem","position":2,"name":"Equipo de Construcci\u00f3n"}]},{"@type":"WebSite","@id":"https:\/\/theresidencesmiamibeach.com\/#website","url":"https:\/\/theresidencesmiamibeach.com\/","name":"The Ritz-Carlton Residences, Miami Beach | Miami Beach Luxury Condos - New Miami Condos for Sale","description":"Discover the Private Side of Miami Beach","potentialAction":[{"@type":"SearchAction","target":{"@type":"EntryPoint","urlTemplate":"https:\/\/theresidencesmiamibeach.com\/?s={search_term_string}"},"query-input":{"@type":"PropertyValueSpecification","valueRequired":true,"valueName":"search_term_string"}}],"inLanguage":"es-ES"}]}},"_links":{"self":[{"href":"https:\/\/theresidencesmiamibeach.com\/es\/wp-json\/wp\/v2\/pages\/2327\/"}],"collection":[{"href":"https:\/\/theresidencesmiamibeach.com\/es\/wp-json\/wp\/v2\/pages\/"}],"about":[{"href":"https:\/\/theresidencesmiamibeach.com\/es\/wp-json\/wp\/v2\/types\/page\/"}],"author":[{"embeddable":true,"href":"https:\/\/theresidencesmiamibeach.com\/es\/wp-json\/wp\/v2\/users\/2\/"}],"replies":[{"embeddable":true,"href":"https:\/\/theresidencesmiamibeach.com\/es\/wp-json\/wp\/v2\/comments\/?post=2327"}],"version-history":[{"count":0,"href":"https:\/\/theresidencesmiamibeach.com\/es\/wp-json\/wp\/v2\/pages\/2327\/revisions\/"}],"wp:featuredmedia":[{"embeddable":true,"href":"https:\/\/theresidencesmiamibeach.com\/es\/wp-json\/wp\/v2\/media\/5881\/"}],"wp:attachment":[{"href":"https:\/\/theresidencesmiamibeach.com\/es\/wp-json\/wp\/v2\/media\/?parent=2327"}],"curies":[{"name":"wp","href":"https:\/\/api.w.org\/{rel}","templated":true}]}}