{"id":2328,"date":"2016-10-10T17:56:22","date_gmt":"2016-10-10T21:56:22","guid":{"rendered":"http:\/\/ritz.dev\/es\/equipo\/sales-team\/"},"modified":"2020-02-25T10:00:32","modified_gmt":"2020-02-25T15:00:32","slug":"equipo-de-ventas","status":"publish","type":"page","link":"https:\/\/theresidencesmiamibeach.com\/es\/equipo-de-ventas\/","title":{"rendered":"Equipo de Ventas"},"content":{"rendered":"<div id=\"teams\">\n<div class=\"team-sidebar\">\n<ul>\n<li><a href=\"\/es\/equipo\/equipo-de-construccion\/\">Equipo de Construcci\u00f3n<\/a><\/li>\n<li><a href=\"\/es\/equipo\/equipo-de-diseno\/\">Equipo de Dise\u00f1o<\/a><\/li>\n<li><a class=\"is-active\" href=\"\/es\/equipo\/equipo-de-ventas\/\">Equipo de Ventas<\/a><\/li>\n<\/ul><\/div>\n<div class=\"team-content\">\n<h2>DOUGLAS ELLIMAN DEVELOPMENT MARKETING<\/h2>\n<p><!--<img decoding=\"async\" src=\"\/wp-content\/uploads\/2016\/10\/lionheart-capital-logo.png\" style=\"width:100%;max-width:250px;display:block;margin:0 auto;\" \/>--><\/p>\n<div class=\"content\">\n<p>Douglas Elliman Development Marketing, una sucursal de Douglas Elliman Real Estate, ofrece una experiencia inigualable en ventas, rentas y mercadeo para propiedades en la ciudad de Nueva York, Long Island, Westchester, los Hamptons, Los \u00c1ngeles y el sur de Florida, como as\u00ed tambi\u00e9n por todo Estados Unidos y el mundo. La firma se encuentra entre las empresas de mercadeo y ventas m\u00e1s importantes de la ciudad de Nueva York.<\/p>\n<p style=\"padding-bottom:45px;\"> Con dos d\u00e9cadas de experiencia y conocimiento de mercado espec\u00edfico, el equipo de Elliman brinda un enfoque multidisciplinario que abarca cada aspecto de las bienes ra\u00edces, y que incluye estudios internos exhaustivos, el desarrollo de productos, mercadeo y ventas, operaciones, la administraci\u00f3n inmobiliaria y la financiaci\u00f3n de hipotecas. A trav\u00e9s de su estrat\u00e9gica alianza internacional con Knight Frank Residential, la consultora de propiedades privada m\u00e1s grande del mundo, la empresa comercializa sus propiedades con clientes internacionales de 52 pa\u00edses a lo largo de seis continentes.<\/p>\n<div style=\"margin-top:25px;\">&nbsp;<\/div>\n<div class=\"su-row\">\n  <div class=\"su-column su-column-size-1-5\"><div class=\"su-column-inner su-u-clearfix su-u-trim\"> <img decoding=\"async\" src=\"\/wp-content\/uploads\/2020\/01\/Philip-Freedman-Sales-Director.jpg\" style=\"width:100%;max-width:200px;\" \/> <\/div><\/div>\n  <div class=\"su-column su-column-size-4-5\"><div class=\"su-column-inner su-u-clearfix su-u-trim\"> <\/p>\n<h3>Philip Freedman<\/h3>\n<h4>Director de Ventas<\/h4>\n<hr \/>\n<p>Desde el inicio de su carrera profesional, Philip ha marcado tendencia. Se desempe\u00f1\u00f3 como Vicepresidente S\u00e9nior de Ventas y Marketing para The World of ResidenSea, con 110 residencias a bordo. Durante esta experiencia, viaj\u00f3 por todo el mundo para lanzar el crucero al mercado abriendo oficinas de ventas y contratando vendedores en Londres, Beverly Hills, Nueva York, Monte Carlo y Miami.<\/p>\n<p>Su pasi\u00f3n por los desarrollos inmobiliarios lo ha llevado a supervisar m\u00e1s de USD 4 mil millones en inventario. En sus cargos anteriores se desempe\u00f1\u00f3 como Director de Ventas y fue Director Regional de Ventas para Premier Sales Group, donde supervis\u00f3 proyectos desde Palm Beach, Boca Rat\u00f3n, Fort Lauderdale hasta Miami y fue Director de Ventas para Brazilian Court Hotel and Condominium entre 2003 y 2006, donde logr\u00f3 precios r\u00e9cord de USD 1600 por pie cuadrado en Palm Beach Island. Tambi\u00e9n se desempe\u00f1\u00f3 como Vicepresidente de Ventas y Marketing en un proyecto para llevar W Hotels a Las Vegas, donde su equipo contribuy\u00f3 con m\u00e1s de USD 750 millones en ventas. Adem\u00e1s, Philip ha demostrado su val\u00eda en el modelo de propiedad fraccionada al vender el 20 por ciento de un proyecto propuesto para Miami conocido como Island Gardens que se destaca por tener el primer mega puerto deportivo en Miami para yates de m\u00e1s de 400 pies de eslora. M\u00e1s recientemente, Philip se desempe\u00f1\u00f3 como Director de Ventas de Grove at Grand Bay, la ic\u00f3nica estructura dise\u00f1ada por Bjarke Ingels que qued\u00f3 totalmente vendida por un total de USD 400 millones. <\/div><\/div>\n<\/div>\n<div class=\"su-row\">\n  <div class=\"su-column su-column-size-1-5\"><div class=\"su-column-inner su-u-clearfix su-u-trim\"> <img decoding=\"async\" src=\"\/wp-content\/uploads\/2019\/12\/darin-tansey-douglas-elliman-development-marketing.jpg\" style=\"width:100%;max-width:200px;display:block;margin:0 auto;\" \/> <\/div><\/div>\n  <div class=\"su-column su-column-size-4-5\"><div class=\"su-column-inner su-u-clearfix su-u-trim\"> <\/p>\n<h3>Darin Tansey<\/h3>\n<hr \/>\n<p>Darin Tansey ha sido un productor superior por m\u00e1s de 9 a\u00f1os. Ha vendido m\u00e1s de un cuarto de bill\u00f3n de d\u00f3lares hasta la fecha y actualmente ejecuta m\u00e1s de $200 millones en listados activos. Darin le ofrece a cada cliente un servicio altamente exclusivo y dedicado en la industria. Se enfoca en un inventario exclusivo de propiedades de lujo frente al mar, espec\u00edficamente en Miami Beach y sus alrededores. <\/div><\/div>\n<\/div>\n<div style=\"margin-top:25px;\">&nbsp;<\/div>\n<div class=\"su-row\">\n  <div class=\"su-column su-column-size-1-5\"><div class=\"su-column-inner su-u-clearfix su-u-trim\"> <img decoding=\"async\" src=\"\/wp-content\/uploads\/2017\/05\/maria_juliana_romero.jpg\" style=\"width:100%;max-width:200px;display:block;margin:0 auto;\" \/> <\/div><\/div>\n  <div class=\"su-column su-column-size-4-5\"><div class=\"su-column-inner su-u-clearfix su-u-trim\"> <\/p>\n<h3>Sonia Gerald<\/h3>\n<hr \/>\n<p>Desde la venta de propiedades en Hollywood Hills hasta las propiedades frente al mar en Miami Beach, Sonia Gerald ha obtenido experiencia en bienes ra\u00edces de lujo en los mejores mercados del mundo. Sonia, nativa de Miami, tiene una comprensi\u00f3n innata de la ciudad que llama su hogar y ha vendido algunos de los proyectos m\u00e1s exclusivos de Miami. Con un enfoque carism\u00e1tico y un ojo para los detalles, Sonia brinda una visi\u00f3n invaluable y una gu\u00eda clara que se necesita en este panorama en constante evoluci\u00f3n. Sonia tambi\u00e9n tiene amplios conocimientos en publicidad y marketing. Este fondo diverso, impulsado por el marketing, ha contribuido a\u00fan m\u00e1s al \u00e9xito de Sonia en el campo de las ventas de nuevos desarrollos.<\/div><\/div>\n<\/div>\n<div style=\"margin-top:25px;\">&nbsp;<\/div>\n<div class=\"su-row\">\n  <div class=\"su-column su-column-size-1-5\"><div class=\"su-column-inner su-u-clearfix su-u-trim\"> <img decoding=\"async\" src=\"\/wp-content\/uploads\/2020\/02\/carol-cassis-douglas-elliman-development-marketing.jpg\" style=\"width:100%;max-width:200px;display:block;margin:0 auto;\" \/> <\/div><\/div>\n  <div class=\"su-column su-column-size-4-5\"><div class=\"su-column-inner su-u-clearfix su-u-trim\"> <\/p>\n<h3>Carol Cassis<\/h3>\n<hr \/>\n<p>Carol Cassis cuenta con m\u00e1s de 13 a\u00f1os de experiencia y un incre\u00edble historial de \u00e9xitos en la venta de hoteles multimillonarios, propiedades comerciales y los inmuebles residenciales de lujo m\u00e1s impresionantes de la zona. Como cofundadora y col\u00edder de The Cassis Burke Collection, Carol y su socio Stephan Burke son ampliamente reconocidos como pioneros en criptomoneda y tienen la distinci\u00f3n de haber vendido la primera propiedad comprada con Bitcoin en los EE. UU. Con su segunda venta con Bitcoin, por un valor de USD 6 050 000, Carol y su equipo hicieron historia por la venta de una propiedad con el precio m\u00e1s alto en Bitcoin en todo el mundo, r\u00e9cord que hasta el d\u00eda de hoy no ha sido batido.<\/p>\n<p>Reconocida como l\u00edder de pensamiento en la industria, Carol es una oradora, influencer y educadora muy solicitada que ha aparecido en publicaciones y recursos de la industria, incluyendo Curbed, The Real Deal, VICE, South Florida Sun Sentinel, Miami Agent y Realtor.com. La dedicaci\u00f3n profesional y las contribuciones de Carol a la industria han generado el reconocimiento como una de las personalidades del \u201cQui\u00e9n es qui\u00e9n de los bienes ra\u00edces residenciales\u201d de Miami y con el premio al \u201cM\u00e9todo de marketing m\u00e1s innovador\u201d. Tambi\u00e9n es integrante del Master Broker\u2019s Forum, una organizaci\u00f3n de bienes ra\u00edces solo por invitaci\u00f3n para profesionales de la industria al m\u00e1s alto nivel. <\/p>\n<p> <\/div><\/div>\n<\/div>\n<div style=\"margin-top:25px;\">&nbsp;<\/div>\n<div class=\"su-row\">\n  <div class=\"su-column su-column-size-1-5\"><div class=\"su-column-inner su-u-clearfix su-u-trim\"> <img decoding=\"async\" src=\"\/wp-content\/uploads\/2020\/02\/stephan-burke-douglas-elliman-development-marketing.jpg\" style=\"width:100%;max-width:200px;display:block;margin:0 auto;\" \/> <\/div><\/div>\n  <div class=\"su-column su-column-size-4-5\"><div class=\"su-column-inner su-u-clearfix su-u-trim\"> <\/p>\n<h3>Stephan Burke<\/h3>\n<hr \/>\n<p>Stephan Burke es un conocido experto en la industria y pionero de la criptomoneda con m\u00e1s de 24 a\u00f1os de experiencia en el sector inmobiliario del sur de Florida. Con un m\u00e9todo de hacer negocios sin precedentes, Stephan facilita a sus clientes la venta de propiedades a un espectro m\u00e1s amplio de compradores a trav\u00e9s de Bitcoin. En 2017, Stephan y su socia, Carol Cassis, hicieron historia con su primera transacci\u00f3n inmobiliaria \u201cde billetera a billetera\u201d. Desde entonces, su equipo tiene el r\u00e9cord de venta de una propiedad con el precio m\u00e1s en Bitcoin, por un valor de USD 6 050 000 en Miami.<\/p>\n<p>A lo largo de su carrera profesional, Stephan ha obtenido el reconocimiento del \u201cQui\u00e9n es qui\u00e9n de los bienes ra\u00edces residenciales\u201d en 2018 y 2015, y tambi\u00e9n como miembro del prestigioso Master Brokers Forum (MBF), un grupo exclusivo de los mejores corredores inmobiliarios residenciales del sur de Florida. Como cofundador y col\u00edder de The Cassis Burke Collection, ha ganado el premio al \u201cM\u00e9todo de marketing m\u00e1s innovador\u201d de Better Beach Real Estate Awards que otorga la C\u00e1mara de Comercio de Miami Beach. Como l\u00edder de pensamiento en la industria, Stephan ha aparecido en Curbed, The Real Deal, VICE, South Florida Sun Sentinel, Miami Agent y Realtor.com.<\/p>\n<\/div><\/div>\n<\/div>\n<div style=\"margin-top:25px;\">&nbsp;<\/div>\n<div class=\"su-row\">\n  <div class=\"su-column su-column-size-1-5\"><div class=\"su-column-inner su-u-clearfix su-u-trim\"> <img decoding=\"async\" src=\"\/wp-content\/uploads\/2020\/02\/jennifer-markovich-douglas-elliman-development-marketing.jpg\" style=\"width:100%;max-width:200px;display:block;margin:0 auto;\" \/> <\/div><\/div>\n  <div class=\"su-column su-column-size-4-5\"><div class=\"su-column-inner su-u-clearfix su-u-trim\"> <\/p>\n<h3>Jennifer Markovich<\/h3>\n<hr \/>\n<p>Jennifer Markovich, que siempre ha tenido pasi\u00f3n por los bienes ra\u00edces, ha dedicado su carrera profesional a ayudar a otros a cumplir sus sue\u00f1os inmobiliarios gracias a su amplia experiencia al asociarse con clientes para la compraventa de propiedades. Como nativa del sur de Florida, ofrece una perspectiva \u00fanica de este trocito del para\u00edso que es cada vez m\u00e1s popular y se encuentra en constante crecimiento. Su profunda comprensi\u00f3n del mercado de Florida, junto con su amplia experiencia en ventas le han permitido utilizar un enfoque ingenioso para garantizar el \u00e9xito de sus clientes.<\/p>\n<p>Jennifer cuenta con casi 20 a\u00f1os de experiencia en bienes ra\u00edces, que acumul\u00f3 trabajando en ventas internas para desarrolladores inmobiliarios y en bienes ra\u00edces en general en Las Vegas y en su \u00e1rea de origen, el sur de Florida. Su impulso profesional para el \u00e9xito en todos los niveles est\u00e1 respaldado por un enfoque orientado a las soluciones, y su experiencia como ejecutiva de ventas internas de lujo le ha dado su impecable habilidad de negociaci\u00f3n y su fuerte compromiso de dar seguimiento a posibles compradores y vendedores por igual.<\/p>\n<\/div><\/div>\n<\/div><\/div>\n<\/p><\/div>\n<\/div>\n","protected":false},"excerpt":{"rendered":"<p>Equipo de Construcci\u00f3n Equipo de Dise\u00f1o Equipo de Ventas DOUGLAS ELLIMAN DEVELOPMENT MARKETING Douglas Elliman Development Marketing, una sucursal de [&hellip;]<\/p>\n","protected":false},"author":2,"featured_media":4237,"parent":0,"menu_order":0,"comment_status":"closed","ping_status":"closed","template":"views\/page.php","meta":{"_acf_changed":false,"footnotes":""},"class_list":["post-2328","page","type-page","status-publish","has-post-thumbnail","hentry"],"acf":[],"yoast_head":"<!-- This site is optimized with the Yoast SEO plugin v26.2 - https:\/\/yoast.com\/wordpress\/plugins\/seo\/ -->\n<title>Equipo de Ventas | Miami Luxury Condos For Sale<\/title>\n<meta name=\"description\" content=\"Douglas Elliman Development Marketing, una sucursal de Douglas Elliman Real Estate, ofrece una experiencia inigualable en ventas, rentas y mercadeo\" \/>\n<meta name=\"robots\" content=\"index, follow, max-snippet:-1, max-image-preview:large, max-video-preview:-1\" \/>\n<link rel=\"canonical\" href=\"https:\/\/theresidencesmiamibeach.com\/es\/equipo-de-ventas\/\" \/>\n<meta property=\"og:locale\" content=\"es_ES\" \/>\n<meta property=\"og:type\" content=\"article\" \/>\n<meta property=\"og:title\" content=\"Equipo de Ventas | Miami Luxury Condos For Sale\" \/>\n<meta property=\"og:description\" content=\"Douglas Elliman Development Marketing, una sucursal de Douglas Elliman Real Estate, ofrece una experiencia inigualable en ventas, rentas y mercadeo\" \/>\n<meta property=\"og:url\" content=\"https:\/\/theresidencesmiamibeach.com\/es\/equipo-de-ventas\/\" \/>\n<meta property=\"og:site_name\" content=\"The Ritz-Carlton Residences, Miami Beach | Miami Luxury Condos - Miami Condos for Sale\" \/>\n<meta property=\"article:publisher\" content=\"https:\/\/www.facebook.com\/TheResidencesMiamiBeach\/\" \/>\n<meta property=\"article:modified_time\" content=\"2020-02-25T15:00:32+00:00\" \/>\n<meta property=\"og:image\" content=\"https:\/\/theresidencesmiamibeach.com\/wp-content\/uploads\/2015\/12\/ritz-carlton-miami-beach-day-views.jpg\" \/>\n\t<meta property=\"og:image:width\" content=\"1920\" \/>\n\t<meta property=\"og:image:height\" content=\"1281\" \/>\n\t<meta property=\"og:image:type\" content=\"image\/jpeg\" \/>\n<meta name=\"twitter:card\" content=\"summary_large_image\" \/>\n<meta name=\"twitter:label1\" content=\"Est. reading time\" \/>\n\t<meta name=\"twitter:data1\" content=\"7 minutes\" \/>\n<script type=\"application\/ld+json\" class=\"yoast-schema-graph\">{\"@context\":\"https:\/\/schema.org\",\"@graph\":[{\"@type\":\"WebPage\",\"@id\":\"https:\/\/theresidencesmiamibeach.com\/es\/equipo-de-ventas\/\",\"url\":\"https:\/\/theresidencesmiamibeach.com\/es\/equipo-de-ventas\/\",\"name\":\"Equipo de Ventas | Miami Luxury Condos For Sale\",\"isPartOf\":{\"@id\":\"https:\/\/theresidencesmiamibeach.com\/#website\"},\"primaryImageOfPage\":{\"@id\":\"https:\/\/theresidencesmiamibeach.com\/es\/equipo-de-ventas\/#primaryimage\"},\"image\":{\"@id\":\"https:\/\/theresidencesmiamibeach.com\/es\/equipo-de-ventas\/#primaryimage\"},\"thumbnailUrl\":\"https:\/\/theresidencesmiamibeach.com\/wp-content\/uploads\/2015\/12\/ritz-carlton-miami-beach-day-views.jpg\",\"datePublished\":\"2016-10-10T21:56:22+00:00\",\"dateModified\":\"2020-02-25T15:00:32+00:00\",\"description\":\"Douglas Elliman Development Marketing, una sucursal de Douglas Elliman Real Estate, ofrece una experiencia inigualable en ventas, rentas y mercadeo\",\"breadcrumb\":{\"@id\":\"https:\/\/theresidencesmiamibeach.com\/es\/equipo-de-ventas\/#breadcrumb\"},\"inLanguage\":\"es-ES\",\"potentialAction\":[{\"@type\":\"ReadAction\",\"target\":[\"https:\/\/theresidencesmiamibeach.com\/es\/equipo-de-ventas\/\"]}]},{\"@type\":\"ImageObject\",\"inLanguage\":\"es-ES\",\"@id\":\"https:\/\/theresidencesmiamibeach.com\/es\/equipo-de-ventas\/#primaryimage\",\"url\":\"https:\/\/theresidencesmiamibeach.com\/wp-content\/uploads\/2015\/12\/ritz-carlton-miami-beach-day-views.jpg\",\"contentUrl\":\"https:\/\/theresidencesmiamibeach.com\/wp-content\/uploads\/2015\/12\/ritz-carlton-miami-beach-day-views.jpg\",\"width\":1920,\"height\":1281,\"caption\":\"Miami Luxury condos for sale by Douglas Elliman Development Marketing\"},{\"@type\":\"BreadcrumbList\",\"@id\":\"https:\/\/theresidencesmiamibeach.com\/es\/equipo-de-ventas\/#breadcrumb\",\"itemListElement\":[{\"@type\":\"ListItem\",\"position\":1,\"name\":\"Home\",\"item\":\"https:\/\/theresidencesmiamibeach.com\/es\/\"},{\"@type\":\"ListItem\",\"position\":2,\"name\":\"Equipo de Ventas\"}]},{\"@type\":\"WebSite\",\"@id\":\"https:\/\/theresidencesmiamibeach.com\/#website\",\"url\":\"https:\/\/theresidencesmiamibeach.com\/\",\"name\":\"The Ritz-Carlton Residences, Miami Beach | Miami Beach Luxury Condos - New Miami Condos for Sale\",\"description\":\"Discover the Private Side of Miami Beach\",\"potentialAction\":[{\"@type\":\"SearchAction\",\"target\":{\"@type\":\"EntryPoint\",\"urlTemplate\":\"https:\/\/theresidencesmiamibeach.com\/?s={search_term_string}\"},\"query-input\":{\"@type\":\"PropertyValueSpecification\",\"valueRequired\":true,\"valueName\":\"search_term_string\"}}],\"inLanguage\":\"es-ES\"}]}<\/script>\n<!-- \/ Yoast SEO plugin. -->","yoast_head_json":{"title":"Equipo de Ventas | Miami Luxury Condos For Sale","description":"Douglas Elliman Development Marketing, una sucursal de Douglas Elliman Real Estate, ofrece una experiencia inigualable en ventas, rentas y mercadeo","robots":{"index":"index","follow":"follow","max-snippet":"max-snippet:-1","max-image-preview":"max-image-preview:large","max-video-preview":"max-video-preview:-1"},"canonical":"https:\/\/theresidencesmiamibeach.com\/es\/equipo-de-ventas\/","og_locale":"es_ES","og_type":"article","og_title":"Equipo de Ventas | Miami Luxury Condos For Sale","og_description":"Douglas Elliman Development Marketing, una sucursal de Douglas Elliman Real Estate, ofrece una experiencia inigualable en ventas, rentas y mercadeo","og_url":"https:\/\/theresidencesmiamibeach.com\/es\/equipo-de-ventas\/","og_site_name":"The Ritz-Carlton Residences, Miami Beach | Miami Luxury Condos - Miami Condos for Sale","article_publisher":"https:\/\/www.facebook.com\/TheResidencesMiamiBeach\/","article_modified_time":"2020-02-25T15:00:32+00:00","og_image":[{"width":1920,"height":1281,"url":"https:\/\/theresidencesmiamibeach.com\/wp-content\/uploads\/2015\/12\/ritz-carlton-miami-beach-day-views.jpg","type":"image\/jpeg"}],"twitter_card":"summary_large_image","twitter_misc":{"Est. reading time":"7 minutes"},"schema":{"@context":"https:\/\/schema.org","@graph":[{"@type":"WebPage","@id":"https:\/\/theresidencesmiamibeach.com\/es\/equipo-de-ventas\/","url":"https:\/\/theresidencesmiamibeach.com\/es\/equipo-de-ventas\/","name":"Equipo de Ventas | Miami Luxury Condos For Sale","isPartOf":{"@id":"https:\/\/theresidencesmiamibeach.com\/#website"},"primaryImageOfPage":{"@id":"https:\/\/theresidencesmiamibeach.com\/es\/equipo-de-ventas\/#primaryimage"},"image":{"@id":"https:\/\/theresidencesmiamibeach.com\/es\/equipo-de-ventas\/#primaryimage"},"thumbnailUrl":"https:\/\/theresidencesmiamibeach.com\/wp-content\/uploads\/2015\/12\/ritz-carlton-miami-beach-day-views.jpg","datePublished":"2016-10-10T21:56:22+00:00","dateModified":"2020-02-25T15:00:32+00:00","description":"Douglas Elliman Development Marketing, una sucursal de Douglas Elliman Real Estate, ofrece una experiencia inigualable en ventas, rentas y mercadeo","breadcrumb":{"@id":"https:\/\/theresidencesmiamibeach.com\/es\/equipo-de-ventas\/#breadcrumb"},"inLanguage":"es-ES","potentialAction":[{"@type":"ReadAction","target":["https:\/\/theresidencesmiamibeach.com\/es\/equipo-de-ventas\/"]}]},{"@type":"ImageObject","inLanguage":"es-ES","@id":"https:\/\/theresidencesmiamibeach.com\/es\/equipo-de-ventas\/#primaryimage","url":"https:\/\/theresidencesmiamibeach.com\/wp-content\/uploads\/2015\/12\/ritz-carlton-miami-beach-day-views.jpg","contentUrl":"https:\/\/theresidencesmiamibeach.com\/wp-content\/uploads\/2015\/12\/ritz-carlton-miami-beach-day-views.jpg","width":1920,"height":1281,"caption":"Miami Luxury condos for sale by Douglas Elliman Development Marketing"},{"@type":"BreadcrumbList","@id":"https:\/\/theresidencesmiamibeach.com\/es\/equipo-de-ventas\/#breadcrumb","itemListElement":[{"@type":"ListItem","position":1,"name":"Home","item":"https:\/\/theresidencesmiamibeach.com\/es\/"},{"@type":"ListItem","position":2,"name":"Equipo de Ventas"}]},{"@type":"WebSite","@id":"https:\/\/theresidencesmiamibeach.com\/#website","url":"https:\/\/theresidencesmiamibeach.com\/","name":"The Ritz-Carlton Residences, Miami Beach | Miami Beach Luxury Condos - New Miami Condos for Sale","description":"Discover the Private Side of Miami Beach","potentialAction":[{"@type":"SearchAction","target":{"@type":"EntryPoint","urlTemplate":"https:\/\/theresidencesmiamibeach.com\/?s={search_term_string}"},"query-input":{"@type":"PropertyValueSpecification","valueRequired":true,"valueName":"search_term_string"}}],"inLanguage":"es-ES"}]}},"_links":{"self":[{"href":"https:\/\/theresidencesmiamibeach.com\/es\/wp-json\/wp\/v2\/pages\/2328\/"}],"collection":[{"href":"https:\/\/theresidencesmiamibeach.com\/es\/wp-json\/wp\/v2\/pages\/"}],"about":[{"href":"https:\/\/theresidencesmiamibeach.com\/es\/wp-json\/wp\/v2\/types\/page\/"}],"author":[{"embeddable":true,"href":"https:\/\/theresidencesmiamibeach.com\/es\/wp-json\/wp\/v2\/users\/2\/"}],"replies":[{"embeddable":true,"href":"https:\/\/theresidencesmiamibeach.com\/es\/wp-json\/wp\/v2\/comments\/?post=2328"}],"version-history":[{"count":0,"href":"https:\/\/theresidencesmiamibeach.com\/es\/wp-json\/wp\/v2\/pages\/2328\/revisions\/"}],"wp:featuredmedia":[{"embeddable":true,"href":"https:\/\/theresidencesmiamibeach.com\/es\/wp-json\/wp\/v2\/media\/4237\/"}],"wp:attachment":[{"href":"https:\/\/theresidencesmiamibeach.com\/es\/wp-json\/wp\/v2\/media\/?parent=2328"}],"curies":[{"name":"wp","href":"https:\/\/api.w.org\/{rel}","templated":true}]}}